{"id":99236,"date":"2021-03-23T04:55:59","date_gmt":"2021-03-23T03:56:00","guid":{"rendered":"https:\/\/shop.metal-badge.ch\/?post_type=product&#038;p=99236"},"modified":"2021-03-23T05:07:56","modified_gmt":"2021-03-23T04:07:56","slug":"set-canna-per-pesca-con-la-mosca-con-mulinello-lenza-esca-e-borsetta","status":"publish","type":"product","link":"https:\/\/metal-badge.ch\/it\/product\/99236\/set-canna-per-pesca-con-la-mosca-con-mulinello-lenza-esca-e-borsetta\/","title":{"rendered":"Set canna per pesca con la mosca con mulinello, lenza, esca e borsetta"},"content":{"rendered":"<p><span style=\"font-weight: 400;\">Il set canna da pesca con la mosca della Piscifun colpisce per il suo prezzo economico ed \u00e8 ideale per i principianti. La canna \u00e8 dotata di un mulinello Omni-Graphit gi\u00e0 arrotolato con lenza WF, Backing e Braided-Loop \u2022 Set canna per pesca con la mosca da 4 pezzi \u2022 Consegna in una borsetta in plastica con un box con esca con 9 mosche.<\/span><\/p>\n<p><span style=\"font-weight: 400;\">La lenza allround ottimizzano la portata della canna. Essa \u00e8 stata concepita per la pesca per le pi\u00f9 comuni distanze di tiro. Il colore verde \u00e8 ben riconoscibile per il pescatore e non viene quasi completamente ignorato dai pesci.&nbsp;<\/span><\/p>\n<p><b>Informazioni prodotto:<\/b><\/p>\n<ul>\n<li><span style=\"font-weight: 400;\">Set canna per pesca con la mosca con mulinello, lenza, box con esca e borsetta<\/span><\/li>\n<li><span style=\"font-weight: 400;\">Marca: Piscifun&nbsp;<\/span><\/li>\n<li><span style=\"font-weight: 400;\">Azione: Slow<\/span><\/li>\n<li><span style=\"font-weight: 400;\">Peso incluso mulinello: 290 gr.<\/span><\/li>\n<li><span style=\"font-weight: 400;\">Lunghezza canna: 277 cm \/ r&nbsp;<\/span><\/li>\n<li><span style=\"font-weight: 400;\">Materiale: carbonio 24T und 30T&nbsp;<\/span><\/li>\n<li><span style=\"font-weight: 400;\">Manico: sughero &nbsp;<\/span><\/li>\n<li><span style=\"font-weight: 400;\">Dimensioni borsetta per il trasporto: 74 cm&nbsp;<\/span><\/li>\n<\/ul>\n<p><b>Modello mulinello: Riv<\/b><\/p>\n<ul>\n<li><span style=\"font-weight: 400;\">Peso mulinello: 165 gr.<\/span><\/li>\n<li><span style=\"font-weight: 400;\">Cuscinetto: 1 \/ 3BB&nbsp;<\/span><\/li>\n<li><span style=\"font-weight: 400;\">Diametro mulinello: 8.5 cm<\/span><\/li>\n<li><span style=\"font-weight: 400;\">Diametro interno: 4.5 cm&nbsp;<\/span><\/li>\n<li><span style=\"font-weight: 400;\">Larghezza mulinello: 30 mm&nbsp;&nbsp;<\/span><\/li>\n<li><span style=\"font-weight: 400;\">Colore lenza: lemon&nbsp;<\/span><\/li>\n<li><span style=\"font-weight: 400;\">Lunghezza lenza: 100 metri<\/span><\/li>\n<li><span style=\"font-weight: 400;\">Classe lenza: WF6 Float 5\/6, 10 Kg <\/span><\/li>\n<li><span style=\"font-weight: 400;\">Lenza incl. Backing e Leader<\/span><\/li>\n<li><span style=\"font-weight: 400;\">Viene offerto gi\u00e0 arrotolato<\/span><\/li>\n<li><span style=\"font-weight: 400;\">Inclusa: borsetta con cerniera per la canna e esche (9 pezzi)<\/span><\/li>\n<li><span style=\"font-weight: 400;\">Ideale per principianti<\/span><\/li>\n<\/ul>\n<p>&nbsp;<\/p>\n","protected":false},"excerpt":{"rendered":"<p>Il set canna da pesca con la mosca della Piscifun colpisce per il suo prezzo economico ed \u00e8 ideale per i principianti. La canna \u00e8 dotata di un mulinello Omni-Graphit gi\u00e0 arrotolato con lenza WF, Backing e Braided-Loop \u2022 Set canna per pesca con la mosca da 4 pezzi \u2022 Consegna in una borsetta in [&hellip;]<\/p>\n","protected":false},"featured_media":99240,"comment_status":"closed","ping_status":"closed","template":"","meta":{"inline_featured_image":false},"product_brand":[],"product_cat":[1348],"product_tag":[1774],"class_list":{"0":"post-99236","1":"product","2":"type-product","3":"status-publish","4":"has-post-thumbnail","6":"product_cat-accessori-per-esercito-caccia","7":"product_tag-caccia-pesca","9":"first","10":"instock","11":"taxable","12":"shipping-taxable","13":"purchasable","14":"product-type-simple"},"_links":{"self":[{"href":"https:\/\/metal-badge.ch\/it\/wp-json\/wp\/v2\/product\/99236","targetHints":{"allow":["GET"]}}],"collection":[{"href":"https:\/\/metal-badge.ch\/it\/wp-json\/wp\/v2\/product"}],"about":[{"href":"https:\/\/metal-badge.ch\/it\/wp-json\/wp\/v2\/types\/product"}],"replies":[{"embeddable":true,"href":"https:\/\/metal-badge.ch\/it\/wp-json\/wp\/v2\/comments?post=99236"}],"wp:featuredmedia":[{"embeddable":true,"href":"https:\/\/metal-badge.ch\/it\/wp-json\/wp\/v2\/media\/99240"}],"wp:attachment":[{"href":"https:\/\/metal-badge.ch\/it\/wp-json\/wp\/v2\/media?parent=99236"}],"wp:term":[{"taxonomy":"product_brand","embeddable":true,"href":"https:\/\/metal-badge.ch\/it\/wp-json\/wp\/v2\/product_brand?post=99236"},{"taxonomy":"product_cat","embeddable":true,"href":"https:\/\/metal-badge.ch\/it\/wp-json\/wp\/v2\/product_cat?post=99236"},{"taxonomy":"product_tag","embeddable":true,"href":"https:\/\/metal-badge.ch\/it\/wp-json\/wp\/v2\/product_tag?post=99236"}],"curies":[{"name":"wp","href":"https:\/\/api.w.org\/{rel}","templated":true}]}}