{"id":98081,"date":"2021-03-01T12:20:43","date_gmt":"2021-04-25T00:11:21","guid":{"rendered":"https:\/\/shop.metal-badge.ch\/?post_type=product&#038;p=98081"},"modified":"2021-04-25T02:11:21","modified_gmt":"2021-04-25T00:11:21","slug":"gilet-riflettente-gilet-segnaletico-3","status":"publish","type":"product","link":"https:\/\/metal-badge.ch\/it\/product\/98081\/gilet-riflettente-gilet-segnaletico-3\/","title":{"rendered":"Gilet riflettente \/ gilet segnaletico"},"content":{"rendered":"<p>Gilet funzionale con design rivoluzionario. Questo gilet \u00e8 molto leggero ed \u00e8 dotato di quattro pratiche tasche. La combinazione di colori giallo segnaletico ed arancione \u00e8 molto richiesta e con le sue strisce riflettenti che girano attorno a tutto il gilet rende visibile chi lo indossa anche al buio o in condizioni di scarsa visibilit\u00e0. Con appena 120 gr il esso \u00e8 riponibile in quasi tutte le tasche di un pantalone. Il gilet non richiede cure particolari ed \u00e8 lavabile.<\/p>\n<p><strong>Informazioni prodotto:<\/strong><br \/>\nWX-V1032<br \/>\nColore: giallo \/ arancione<br \/>\nStrisce rifelttenti: ad alta visibilit\u00e0 tutte attorno con 5 cm di larghezza<br \/>\nMateriale: 100 % poliestere<br \/>\nPeso: 120 gr.<br \/>\nCertificazione CE e a norma EN 20471<br \/>\n4x ampie tasche con chiusura a velcro che offrono spazio a sufficienza<br \/>\nTasca per il cellullare e portapenne<br \/>\nAnello a D per le chiavi<br \/>\nCerniera YKK<br \/>\nLavabile a 40\u00b0 gradi<br \/>\nCordoncino per appendere il microfono<br \/>\nParte posteriore in tessuto a rete mesh<br \/>\nParte anteriore in nylon-poliestere chiuso<br \/>\nMisure: S, M, L, XL, 2XL<br \/>\nQuesti gilet funzionali sono anche disponibili a partire da 50 pezzi e con un sovraprezzo con delle scritte personalizzate \/ scritte in velcro. Rivolgeteci la Vostra richiesta.<\/p>\n","protected":false},"excerpt":{"rendered":"<p>Gilet funzionale con design rivoluzionario.<\/p>\n","protected":false},"featured_media":98055,"comment_status":"closed","ping_status":"closed","template":"","meta":{"inline_featured_image":false},"product_brand":[],"product_cat":[1607,1104,2216,1494],"product_tag":[2053,2049,2116],"class_list":{"0":"post-98081","1":"product","2":"type-product","3":"status-publish","4":"has-post-thumbnail","6":"product_cat-abbigliamento-segnaletico-rifrangente","7":"product_cat-abbigliamento","8":"product_cat-gilet_tattici","9":"product_cat-security-factory-it","10":"product_tag-arancione","11":"product_tag-giallo","12":"product_tag-gilet-segnaletico","14":"first","15":"instock","16":"taxable","17":"shipping-taxable","18":"purchasable","19":"product-type-simple"},"_links":{"self":[{"href":"https:\/\/metal-badge.ch\/it\/wp-json\/wp\/v2\/product\/98081","targetHints":{"allow":["GET"]}}],"collection":[{"href":"https:\/\/metal-badge.ch\/it\/wp-json\/wp\/v2\/product"}],"about":[{"href":"https:\/\/metal-badge.ch\/it\/wp-json\/wp\/v2\/types\/product"}],"replies":[{"embeddable":true,"href":"https:\/\/metal-badge.ch\/it\/wp-json\/wp\/v2\/comments?post=98081"}],"wp:featuredmedia":[{"embeddable":true,"href":"https:\/\/metal-badge.ch\/it\/wp-json\/wp\/v2\/media\/98055"}],"wp:attachment":[{"href":"https:\/\/metal-badge.ch\/it\/wp-json\/wp\/v2\/media?parent=98081"}],"wp:term":[{"taxonomy":"product_brand","embeddable":true,"href":"https:\/\/metal-badge.ch\/it\/wp-json\/wp\/v2\/product_brand?post=98081"},{"taxonomy":"product_cat","embeddable":true,"href":"https:\/\/metal-badge.ch\/it\/wp-json\/wp\/v2\/product_cat?post=98081"},{"taxonomy":"product_tag","embeddable":true,"href":"https:\/\/metal-badge.ch\/it\/wp-json\/wp\/v2\/product_tag?post=98081"}],"curies":[{"name":"wp","href":"https:\/\/api.w.org\/{rel}","templated":true}]}}