{"id":97594,"date":"2021-02-26T11:36:33","date_gmt":"2021-04-25T00:29:32","guid":{"rendered":"https:\/\/shop.metal-badge.ch\/?post_type=product&#038;p=97594"},"modified":"2022-11-28T16:49:45","modified_gmt":"2022-11-28T15:49:45","slug":"gilet-segnaletico-riflettente-con-led-a-3-modalita-di-funzionamento","status":"publish","type":"product","link":"https:\/\/metal-badge.ch\/it\/product\/97594\/gilet-segnaletico-riflettente-con-led-a-3-modalita-di-funzionamento\/","title":{"rendered":"Gilet segnaletico riflettente con LED a 3 modalit\u00e0 di funzionamento"},"content":{"rendered":"<p>Questo gile arancione \u00e9 dotato do LED e strisce tutte attorno riflettenti in PVC Tape per garantire la pi\u00f9 elevata visibilit\u00e0, camminando, facendo jogging o nel traffico. Il gilet viene alimentato facilmente con 2 batterie AA che si trovano nella piccola tasca interna. I led hanno 3 modalit\u00e0 di funzionamento due con luce ad intermittenza ed una con luce fissa.<br \/>\nLe strisce da 5 cm ed il tape riflettente di colore giallo sono visibili fino a 300 m di distanza anche in caso di visibilit\u00e0 ridotta ed al buio. Il gliet pu\u00f2 essere indossato anche sopra una giacca ed \u00e8 particolarmente adatto ad un uso in estate al caldo grazie al suo tessuto a rete leggera. Il gilet segnaletico pu\u00f2 essere riposta quasi in qualsiasi tasca dei pantaloni e grazie al materiale in poliestere pu\u00f2 essere lavato. Il gilet \u00e8 dotato da entrambi i lati di velcro e pu\u00f2 essere adattato alle dimensioni di chi lo indossa. Esso \u00e8 richiudibile anteriormente tramite una chiusura a velcro.<\/p>\n<p><strong>Informazioni prodotto:<\/strong><br \/>\nWX-V3000<br \/>\nColore gilet: arancione<br \/>\nA norma EN 471<br \/>\nPeso: 110 gr. senza batterie<br \/>\nMateriale: 100 % tessuto a rete in poliestere<br \/>\nLavabile<br \/>\nBatterie: 2x AA<br \/>\nI 16 LED rossi possono essere accesi in 3 modalit\u00e0 tramite un bottone<br \/>\nStrisce riflettenti: larghe di colore giallo e da 5 cm in PVC Tape cucito tutto attorno<br \/>\nChiusura anteriore: velcro<br \/>\nTramite il velcro sui lati il gilet pu\u00f2 essere adattato alle dimensioni di chi lo indossa<br \/>\nMisure: S \/ M \/ L \/ XL \/ 2XL<\/p>\n","protected":false},"excerpt":{"rendered":"<p>Questo gile arancione \u00e9 dotato do LED e strisce tutte attorno riflettenti in PVC Tape per garantire la pi\u00f9 elevata visibilit\u00e0, camminando, facendo jogging o nel traffico.<\/p>\n","protected":false},"featured_media":97554,"comment_status":"closed","ping_status":"closed","template":"","meta":{"inline_featured_image":false},"product_brand":[],"product_cat":[1607,1104,2216,1494],"product_tag":[2053,2117,1996],"class_list":{"0":"post-97594","1":"product","2":"type-product","3":"status-publish","4":"has-post-thumbnail","6":"product_cat-abbigliamento-segnaletico-rifrangente","7":"product_cat-abbigliamento","8":"product_cat-gilet_tattici","9":"product_cat-security-factory-it","10":"product_tag-arancione","11":"product_tag-gilet-segnaletico-riflettente","12":"product_tag-led-it","14":"first","15":"instock","16":"taxable","17":"shipping-taxable","18":"purchasable","19":"product-type-simple"},"_links":{"self":[{"href":"https:\/\/metal-badge.ch\/it\/wp-json\/wp\/v2\/product\/97594","targetHints":{"allow":["GET"]}}],"collection":[{"href":"https:\/\/metal-badge.ch\/it\/wp-json\/wp\/v2\/product"}],"about":[{"href":"https:\/\/metal-badge.ch\/it\/wp-json\/wp\/v2\/types\/product"}],"replies":[{"embeddable":true,"href":"https:\/\/metal-badge.ch\/it\/wp-json\/wp\/v2\/comments?post=97594"}],"wp:featuredmedia":[{"embeddable":true,"href":"https:\/\/metal-badge.ch\/it\/wp-json\/wp\/v2\/media\/97554"}],"wp:attachment":[{"href":"https:\/\/metal-badge.ch\/it\/wp-json\/wp\/v2\/media?parent=97594"}],"wp:term":[{"taxonomy":"product_brand","embeddable":true,"href":"https:\/\/metal-badge.ch\/it\/wp-json\/wp\/v2\/product_brand?post=97594"},{"taxonomy":"product_cat","embeddable":true,"href":"https:\/\/metal-badge.ch\/it\/wp-json\/wp\/v2\/product_cat?post=97594"},{"taxonomy":"product_tag","embeddable":true,"href":"https:\/\/metal-badge.ch\/it\/wp-json\/wp\/v2\/product_tag?post=97594"}],"curies":[{"name":"wp","href":"https:\/\/api.w.org\/{rel}","templated":true}]}}