{"id":97529,"date":"2021-02-26T09:57:31","date_gmt":"2021-04-24T21:56:21","guid":{"rendered":"https:\/\/shop.metal-badge.ch\/?post_type=product&#038;p=97529"},"modified":"2021-04-25T01:55:11","modified_gmt":"2021-04-24T23:55:11","slug":"gilet-riflettente-gilet-segnaletico","status":"publish","type":"product","link":"https:\/\/metal-badge.ch\/it\/product\/97529\/gilet-riflettente-gilet-segnaletico\/","title":{"rendered":"Gilet riflettente \/ gilet segnaletico"},"content":{"rendered":"<p>Questo gilet funzionale con i suoi 120 g. \u00e8 dotato di quattro pratiche tasche. La combinazione di colori giallo segnaletico e con le sue strisce riflettenti che girano attorno a tutto il gilet rende visibile chi lo indossa anche al buio o in condizioni di scarsa visibilit\u00e0. Il gilet \u00e8 riponibile in quasi tutte le tasche di un pantalone. Il gilet non richiede cure particolari ed \u00e8 lavabile.<\/p>\n<p><strong>Informazioni prodotto:<\/strong><br \/>\nWX-V2012<br \/>\nColore: nero \/ giallo, riflettente<br \/>\nStrisce riflettenti: ad alta visibilit\u00e0 tutte attorno con 7 cm di larghezza<br \/>\nMateriale: 100 % fine rete in poliestere<br \/>\nPeso: 120 gr.<br \/>\nCertificazione CE e a norma EN 20471<br \/>\n2 x ampie taste sul petto<br \/>\n2 x ampie tasche a velcro che offrono spazio a sufficienza<br \/>\nCerniera frontale nera<br \/>\nLavabile a 40\u00b0 gradi<br \/>\nCordoncino per appendere il microfono su entrambi i lati<br \/>\nMisure: S, M, L, XL, 2XL<br \/>\nQuesti gilet funzionali sono anche disponibili a partire da 50 pezzi e con un sovraprezzo con delle scritte personalizzate \/ scritte in velcro. Rivolgeteci la Vostra richiesta.<\/p>\n","protected":false},"excerpt":{"rendered":"<p>Questo gilet funzionale con i suoi 120 g. \u00e8 dotato di quattro pratiche tasche.<\/p>\n","protected":false},"featured_media":97502,"comment_status":"closed","ping_status":"closed","template":"","meta":{"inline_featured_image":false},"product_brand":[],"product_cat":[1607,1104,2216,1494],"product_tag":[2049,2120],"class_list":{"0":"post-97529","1":"product","2":"type-product","3":"status-publish","4":"has-post-thumbnail","6":"product_cat-abbigliamento-segnaletico-rifrangente","7":"product_cat-abbigliamento","8":"product_cat-gilet_tattici","9":"product_cat-security-factory-it","10":"product_tag-giallo","11":"product_tag-gilet-funzionale","13":"first","14":"instock","15":"taxable","16":"shipping-taxable","17":"purchasable","18":"product-type-simple"},"_links":{"self":[{"href":"https:\/\/metal-badge.ch\/it\/wp-json\/wp\/v2\/product\/97529","targetHints":{"allow":["GET"]}}],"collection":[{"href":"https:\/\/metal-badge.ch\/it\/wp-json\/wp\/v2\/product"}],"about":[{"href":"https:\/\/metal-badge.ch\/it\/wp-json\/wp\/v2\/types\/product"}],"replies":[{"embeddable":true,"href":"https:\/\/metal-badge.ch\/it\/wp-json\/wp\/v2\/comments?post=97529"}],"wp:featuredmedia":[{"embeddable":true,"href":"https:\/\/metal-badge.ch\/it\/wp-json\/wp\/v2\/media\/97502"}],"wp:attachment":[{"href":"https:\/\/metal-badge.ch\/it\/wp-json\/wp\/v2\/media?parent=97529"}],"wp:term":[{"taxonomy":"product_brand","embeddable":true,"href":"https:\/\/metal-badge.ch\/it\/wp-json\/wp\/v2\/product_brand?post=97529"},{"taxonomy":"product_cat","embeddable":true,"href":"https:\/\/metal-badge.ch\/it\/wp-json\/wp\/v2\/product_cat?post=97529"},{"taxonomy":"product_tag","embeddable":true,"href":"https:\/\/metal-badge.ch\/it\/wp-json\/wp\/v2\/product_tag?post=97529"}],"curies":[{"name":"wp","href":"https:\/\/api.w.org\/{rel}","templated":true}]}}