{"id":97497,"date":"2021-02-26T09:20:41","date_gmt":"2021-04-25T00:46:35","guid":{"rendered":"https:\/\/shop.metal-badge.ch\/?post_type=product&#038;p=97497"},"modified":"2021-04-25T02:46:35","modified_gmt":"2021-04-25T00:46:35","slug":"gilet-segnaletico-in-tessuto-a-rete-nero-con-strisce-gialle-riflettenti","status":"publish","type":"product","link":"https:\/\/metal-badge.ch\/it\/product\/97497\/gilet-segnaletico-in-tessuto-a-rete-nero-con-strisce-gialle-riflettenti\/","title":{"rendered":"Gilet segnaletico in tessuto a rete nero con strisce gialle riflettenti"},"content":{"rendered":"<p>Questo gilet nero in tessuto a rete \u00e8 dotato di strisce gialle riflettenti attorno in PVC Tape per la pi\u00f9 elevata visibilit\u00e0. Le strisce da 5 cm ed il tape riflettente di colore giallo sono visibili fino a 300 m di distanza anche in caso di visibilit\u00e0 ridotta ed al buio.<br \/>\nIl gilet pu\u00f2 essere indossato anche sopra una giacca ed \u00e8 particolarmente adatto ad un uso in estate al caldo grazie al suo tessuto a rete leggera. Il gilet segnaletico pu\u00f2 essere riposta quasi in qualsiasi tasca dei pantaloni e grazie al materiale in poliestere pu\u00f2 essere lavato. Il gilet \u00e8 dotato da entrambi i lati di velcro e pu\u00f2 essere adattato alle dimensioni di chi lo indossa. Esso \u00e8 richiudibile anteriormente tramite una chiusura a velcro.<\/p>\n<p><strong>Informazioni prodotto:<\/strong><br \/>\nWX-V1006<br \/>\nColore: tessuto a rete in poliestere nero con strisce gialle riflettenti<br \/>\nA norma EN 471<br \/>\nPesot: 110 gr.<br \/>\nMateriale: 100 % tessuto a rete nero in poliestere<br \/>\nStrisce riflettenti: larghe di colore giallo e da 5 cm in PVC Tape cucito tutto attorno<br \/>\nChiusura anteriore: velcro<br \/>\nTramite il velcro sui lati il gilet pu\u00f2 essere adattato alle dimensioni di chi lo indossa<br \/>\nMisure: S \/ M \/ L \/ XL \/ 2XL<\/p>\n","protected":false},"excerpt":{"rendered":"<p>Questo gilet nero in tessuto a rete \u00e8 dotato di strisce gialle riflettenti attorno in PVC Tape per la pi\u00f9 elevata visibilit\u00e0.<\/p>\n","protected":false},"featured_media":97482,"comment_status":"closed","ping_status":"closed","template":"","meta":{"inline_featured_image":false},"product_brand":[],"product_cat":[1494,1104,1607,2216],"product_tag":[2049,2116,2117],"class_list":{"0":"post-97497","1":"product","2":"type-product","3":"status-publish","4":"has-post-thumbnail","6":"product_cat-security-factory-it","7":"product_cat-abbigliamento","8":"product_cat-abbigliamento-segnaletico-rifrangente","9":"product_cat-gilet_tattici","10":"product_tag-giallo","11":"product_tag-gilet-segnaletico","12":"product_tag-gilet-segnaletico-riflettente","14":"first","15":"instock","16":"taxable","17":"shipping-taxable","18":"purchasable","19":"product-type-simple"},"_links":{"self":[{"href":"https:\/\/metal-badge.ch\/it\/wp-json\/wp\/v2\/product\/97497","targetHints":{"allow":["GET"]}}],"collection":[{"href":"https:\/\/metal-badge.ch\/it\/wp-json\/wp\/v2\/product"}],"about":[{"href":"https:\/\/metal-badge.ch\/it\/wp-json\/wp\/v2\/types\/product"}],"replies":[{"embeddable":true,"href":"https:\/\/metal-badge.ch\/it\/wp-json\/wp\/v2\/comments?post=97497"}],"wp:featuredmedia":[{"embeddable":true,"href":"https:\/\/metal-badge.ch\/it\/wp-json\/wp\/v2\/media\/97482"}],"wp:attachment":[{"href":"https:\/\/metal-badge.ch\/it\/wp-json\/wp\/v2\/media?parent=97497"}],"wp:term":[{"taxonomy":"product_brand","embeddable":true,"href":"https:\/\/metal-badge.ch\/it\/wp-json\/wp\/v2\/product_brand?post=97497"},{"taxonomy":"product_cat","embeddable":true,"href":"https:\/\/metal-badge.ch\/it\/wp-json\/wp\/v2\/product_cat?post=97497"},{"taxonomy":"product_tag","embeddable":true,"href":"https:\/\/metal-badge.ch\/it\/wp-json\/wp\/v2\/product_tag?post=97497"}],"curies":[{"name":"wp","href":"https:\/\/api.w.org\/{rel}","templated":true}]}}