{"id":97477,"date":"2021-02-26T08:46:43","date_gmt":"2022-11-22T04:00:52","guid":{"rendered":"https:\/\/shop.metal-badge.ch\/?post_type=product&#038;p=97477"},"modified":"2022-11-22T05:00:52","modified_gmt":"2022-11-22T04:00:52","slug":"cintura-incrociata-rifrangente-giallo-limone-wx-v6000","status":"publish","type":"product","link":"https:\/\/metal-badge.ch\/it\/product\/97477\/cintura-incrociata-rifrangente-giallo-limone-wx-v6000\/","title":{"rendered":"Cintura incrociata rifrangente giallo limone WX-V6000"},"content":{"rendered":"<p>La nostra cintura rapida da indossare e grazie alla chiusura a click facile da utilizzare. La cintura \u00e8 ideale per lo sport, corsa, jogging, cicilismo o per andare al lavoro o a scuola. La cintura riflettente a norma CE EN13356 ha una larghezza di 4 cm ed \u00e8 regolabile in 4 punti. Con questa cintunra incrociata potrete essere ben visibili anche al buio. La cintura \u00e8 elastica, impermeabile e lavabile. Essa \u00e8 riponibile in quasi tutte le tasche di un pantalone.<\/p>\n<p><strong>Informazioni prodotto:<\/strong><br \/>\nColore: giallo limone<br \/>\nLarghezza: 4 cm<br \/>\nLarghe strisce completamente riflettenti da 1.5 cm<br \/>\nPeso: 110 gr.<br \/>\nMateriale: plastica \/ poliestere \/ elastan<br \/>\nCon chiusura a click<br \/>\nRegolabile in 4 punti<br \/>\nMateriale elastico ben adattabile<br \/>\nLavabile<br \/>\nIdonea per adulti, giovani e bambini<br \/>\nCirconferenza vita: circa 70 &#8211; 130 cm<\/p>\n","protected":false},"excerpt":{"rendered":"<p>La nostra cintura rapida da indossare e grazie alla chiusura a click facile da utilizzare.<\/p>\n","protected":false},"featured_media":97458,"comment_status":"closed","ping_status":"closed","template":"","meta":{"inline_featured_image":false},"product_brand":[],"product_cat":[1494,1104,1607,2216],"product_tag":[2109,2108,2049],"class_list":{"0":"post-97477","1":"product","2":"type-product","3":"status-publish","4":"has-post-thumbnail","6":"product_cat-security-factory-it","7":"product_cat-abbigliamento","8":"product_cat-abbigliamento-segnaletico-rifrangente","9":"product_cat-gilet_tattici","10":"product_tag-cintura-incrociata","11":"product_tag-cintura-incrociata-rifrangente","12":"product_tag-giallo","14":"first","15":"instock","16":"taxable","17":"shipping-taxable","18":"purchasable","19":"product-type-simple"},"_links":{"self":[{"href":"https:\/\/metal-badge.ch\/it\/wp-json\/wp\/v2\/product\/97477","targetHints":{"allow":["GET"]}}],"collection":[{"href":"https:\/\/metal-badge.ch\/it\/wp-json\/wp\/v2\/product"}],"about":[{"href":"https:\/\/metal-badge.ch\/it\/wp-json\/wp\/v2\/types\/product"}],"replies":[{"embeddable":true,"href":"https:\/\/metal-badge.ch\/it\/wp-json\/wp\/v2\/comments?post=97477"}],"wp:featuredmedia":[{"embeddable":true,"href":"https:\/\/metal-badge.ch\/it\/wp-json\/wp\/v2\/media\/97458"}],"wp:attachment":[{"href":"https:\/\/metal-badge.ch\/it\/wp-json\/wp\/v2\/media?parent=97477"}],"wp:term":[{"taxonomy":"product_brand","embeddable":true,"href":"https:\/\/metal-badge.ch\/it\/wp-json\/wp\/v2\/product_brand?post=97477"},{"taxonomy":"product_cat","embeddable":true,"href":"https:\/\/metal-badge.ch\/it\/wp-json\/wp\/v2\/product_cat?post=97477"},{"taxonomy":"product_tag","embeddable":true,"href":"https:\/\/metal-badge.ch\/it\/wp-json\/wp\/v2\/product_tag?post=97477"}],"curies":[{"name":"wp","href":"https:\/\/api.w.org\/{rel}","templated":true}]}}