{"id":97049,"date":"2021-05-04T13:16:13","date_gmt":"2021-05-06T06:45:59","guid":{"rendered":"https:\/\/shop.metal-badge.ch\/?post_type=product&#038;p=97049"},"modified":"2021-05-06T09:53:36","modified_gmt":"2021-05-06T07:53:36","slug":"gilet-tattico-verde-riflettente","status":"publish","type":"product","link":"https:\/\/metal-badge.ch\/it\/product\/97049\/gilet-tattico-verde-riflettente\/","title":{"rendered":"Gilet tattico verde riflettente"},"content":{"rendered":"<p>Questo gilet tattico leggero e funzionale in verde \u00e8 dotato di stisce riflettenti 3M attorno che garantiscono una visibilit\u00e0 da parte di chi lo indossa anche in caso di scarsa visibilit\u00e0 o al buio. Il gilet \u00e8 dotato di spalline e di chiusura tramite velcro. Realizzato in 100% poliestere e materiale in cordura 300D, resistente, impermeabile e dotato di un materiale a rete interno.<\/p>\n<p>La cerniera YYK con prolunga ne garantisce una facile apertura. Il gilet \u00e8 dotato di una finestrella ID delle dimensioni di una carta di credito sul petto. Al di sotto di essa troviamo una striscia in velcro da 12 cm x 2 cm per attaccarvi una scritta col nome ed un\u2019altra pi\u00f9 grande da 12 cm x 4 cm sulla parte sinistra. Sia a destra che a sinistra ci sono due ampi inserti in velcro rotondi con un diametro di 8.5 cm per potervi attaccare logo, toppe ecc. Anche sulla parte posteriore troviamo un ampio inserto in velcro delle dimensioni di 30 cm x 10 cm per delle scritte.<\/p>\n<p>Il gilet \u00e8 dotato di due tasche laterali con cerniera ed un\u2019ampia tasca posteriore con velcro delle dimensioni 23cm (larghezza) x (altezza) 16cm.<br \/>\nSu entrambe le parte \/ sulla vita il gilet pu\u00f2 essere regolato fino ad 8 cm tramite 3 bande in velcro e cos\u00ec adattato alla corporatura di chi lo indossa.<\/p>\n<p>Abbiamo un ampia gamma di scritte in velcro in diversi colori.<\/p>\n<p><strong>Informazioni prodotto:<\/strong><\/p>\n<ul>\n<li>Modello: VCT-3<\/li>\n<li>GSM : 220 GSM<\/li>\n<li>Materiale: 100 % poliestere cordura 300D<\/li>\n<li>Peso: circa 480 gr.<\/li>\n<li>Colore: verde<\/li>\n<li>Con spalline<\/li>\n<li>Collo alto: 3 cm in poliestere<\/li>\n<li>Retina interna traspirante<\/li>\n<li>Finestrella ID e diversi inserti in velcro per scritte e logo<\/li>\n<li>Cerniera YYK con prolunga<\/li>\n<li>Velcro rotondo: diametro 8.5 cm<\/li>\n<li>Velcro posteriore: 30cm x 10cm<\/li>\n<li>Velcro anteriore per scritta: 12cm x 4cm<\/li>\n<li>Velcro anteriore per nome ecc: 12cm x 2cm<\/li>\n<li>Pannello: velcro intercambiabile<\/li>\n<li>Tasca posteriore: 1x ampia tasca posteriore con velcro due tasce laterali con cerniera<\/li>\n<li>Strisce riflettenti 3M tutte attorno<\/li>\n<li>Il gilet pu\u00f2 essere regolato lateralemente tramite 3 bande di velcro fino ad 8 cm<\/li>\n<li>Misure: S,M,L, XL, 2XL<\/li>\n<\/ul>\n","protected":false},"excerpt":{"rendered":"<p>Questo gilet tattico leggero e funzionale in giallo \/ blu \u00e8 dotato di stisce riflettenti 3M attorno che garantiscono una visibilit\u00e0 da parte di chi lo indossa anche in caso di scarsa visibilit\u00e0 o al buio.<\/p>\n","protected":false},"featured_media":97030,"comment_status":"closed","ping_status":"closed","template":"","meta":{"inline_featured_image":false},"product_brand":[],"product_cat":[1607,2216],"product_tag":[],"class_list":{"0":"post-97049","1":"product","2":"type-product","3":"status-publish","4":"has-post-thumbnail","6":"product_cat-abbigliamento-segnaletico-rifrangente","7":"product_cat-gilet_tattici","9":"first","10":"instock","11":"taxable","12":"shipping-taxable","13":"purchasable","14":"product-type-simple"},"_links":{"self":[{"href":"https:\/\/metal-badge.ch\/it\/wp-json\/wp\/v2\/product\/97049","targetHints":{"allow":["GET"]}}],"collection":[{"href":"https:\/\/metal-badge.ch\/it\/wp-json\/wp\/v2\/product"}],"about":[{"href":"https:\/\/metal-badge.ch\/it\/wp-json\/wp\/v2\/types\/product"}],"replies":[{"embeddable":true,"href":"https:\/\/metal-badge.ch\/it\/wp-json\/wp\/v2\/comments?post=97049"}],"wp:featuredmedia":[{"embeddable":true,"href":"https:\/\/metal-badge.ch\/it\/wp-json\/wp\/v2\/media\/97030"}],"wp:attachment":[{"href":"https:\/\/metal-badge.ch\/it\/wp-json\/wp\/v2\/media?parent=97049"}],"wp:term":[{"taxonomy":"product_brand","embeddable":true,"href":"https:\/\/metal-badge.ch\/it\/wp-json\/wp\/v2\/product_brand?post=97049"},{"taxonomy":"product_cat","embeddable":true,"href":"https:\/\/metal-badge.ch\/it\/wp-json\/wp\/v2\/product_cat?post=97049"},{"taxonomy":"product_tag","embeddable":true,"href":"https:\/\/metal-badge.ch\/it\/wp-json\/wp\/v2\/product_tag?post=97049"}],"curies":[{"name":"wp","href":"https:\/\/api.w.org\/{rel}","templated":true}]}}