{"id":96172,"date":"2021-02-07T06:26:08","date_gmt":"2021-02-07T05:26:09","guid":{"rendered":"https:\/\/shop.metal-badge.ch\/?post_type=product&#038;p=96172"},"modified":"2021-02-07T06:43:17","modified_gmt":"2021-02-07T05:43:17","slug":"astuccio-in-cuoio-smart-ipa-repubblica-ceca","status":"publish","type":"product","link":"https:\/\/metal-badge.ch\/it\/product\/96172\/astuccio-in-cuoio-smart-ipa-repubblica-ceca\/","title":{"rendered":"Astuccio in cuoio &#8220;Smart&#8221; IPA Repubblica Ceca"},"content":{"rendered":"<p>Porta-badge in cuoio bovino nero di prima qualit\u00e0 con portachiavi e moschettone.<br \/>\nPu\u00f2 essere fissato e utilizzato in diversi modi. La chiusura a moschettone e il portachiavi possono essere rimossi e utilizzati singolarmente. Il passante, anche di cuoio, \u00e8 dotato di uno spacco per abbottonare alla camicia \/ tasca frontale.<\/p>\n<p>Il passante \u00e8 provvisto anche di due forti bottoni a pressione davanti e dietro. Cos\u00ec, questo porta-badge pu\u00f2 essere attaccato usando il suo portachiavi, il moschettone o un bottone. Il badge \u00e8 semplicemente nella fessura dell\u2019astuccio.<\/p>\n<p>Dimensioni \/ Misure: altezza 12,5 cm, larghezza 7,0 cm<\/p>\n","protected":false},"excerpt":{"rendered":"<p>Porta-badge in cuoio bovino nero di prima qualit\u00e0 con portachiavi e moschettone. Pu\u00f2 essere fissato e utilizzato in diversi modi. La chiusura a moschettone e il portachiavi possono essere rimossi e utilizzati singolarmente. Il passante, anche di cuoio, \u00e8 dotato di uno spacco per abbottonare alla camicia \/ tasca frontale. Il passante \u00e8 provvisto anche [&hellip;]<\/p>\n","protected":false},"featured_media":96176,"comment_status":"open","ping_status":"closed","template":"","meta":{"inline_featured_image":false},"product_brand":[],"product_cat":[1951],"product_tag":[],"class_list":{"0":"post-96172","1":"product","2":"type-product","3":"status-publish","4":"has-post-thumbnail","6":"product_cat-repubblica-ceca","8":"first","9":"instock","10":"taxable","11":"shipping-taxable","12":"purchasable","13":"product-type-simple"},"_links":{"self":[{"href":"https:\/\/metal-badge.ch\/it\/wp-json\/wp\/v2\/product\/96172","targetHints":{"allow":["GET"]}}],"collection":[{"href":"https:\/\/metal-badge.ch\/it\/wp-json\/wp\/v2\/product"}],"about":[{"href":"https:\/\/metal-badge.ch\/it\/wp-json\/wp\/v2\/types\/product"}],"replies":[{"embeddable":true,"href":"https:\/\/metal-badge.ch\/it\/wp-json\/wp\/v2\/comments?post=96172"}],"wp:featuredmedia":[{"embeddable":true,"href":"https:\/\/metal-badge.ch\/it\/wp-json\/wp\/v2\/media\/96176"}],"wp:attachment":[{"href":"https:\/\/metal-badge.ch\/it\/wp-json\/wp\/v2\/media?parent=96172"}],"wp:term":[{"taxonomy":"product_brand","embeddable":true,"href":"https:\/\/metal-badge.ch\/it\/wp-json\/wp\/v2\/product_brand?post=96172"},{"taxonomy":"product_cat","embeddable":true,"href":"https:\/\/metal-badge.ch\/it\/wp-json\/wp\/v2\/product_cat?post=96172"},{"taxonomy":"product_tag","embeddable":true,"href":"https:\/\/metal-badge.ch\/it\/wp-json\/wp\/v2\/product_tag?post=96172"}],"curies":[{"name":"wp","href":"https:\/\/api.w.org\/{rel}","templated":true}]}}