{"id":95891,"date":"2021-02-05T02:18:41","date_gmt":"2021-02-05T01:18:42","guid":{"rendered":"https:\/\/shop.metal-badge.ch\/?post_type=product&#038;p=95891"},"modified":"2021-02-05T02:32:44","modified_gmt":"2021-02-05T01:32:44","slug":"astuccio-in-cuoio-advanced-ipa-repubblica-ceca","status":"publish","type":"product","link":"https:\/\/metal-badge.ch\/it\/product\/95891\/astuccio-in-cuoio-advanced-ipa-repubblica-ceca\/","title":{"rendered":"Astuccio in cuoio &#8220;Advanced&#8221; IPA Repubblica Ceca"},"content":{"rendered":"<p>Astuccio di cuoio vachette nero ribaltabile al formato pratico. Un scomparto per moneta con chiusura con bottone e badge sulla parte esterna \u00e8 adeguato a questo astuccio. Finestra per carte d&#8217;identit\u00e0 e scomparti supplementari per 6 a 7 carte di credito. Un scomparto a biglietti \u00e8 incluso nel nell&#8217;astuccio. Dimensioni: larghezza 10,5 centimetri \/ altezza 7,5 cm.<\/p>\n","protected":false},"excerpt":{"rendered":"<p>Astuccio di cuoio vachette nero ribaltabile al formato pratico. Un scomparto per moneta con chiusura con bottone e badge sulla parte esterna \u00e8 adeguato a questo astuccio. Finestra per carte d&#8217;identit\u00e0 e scomparti supplementari per 6 a 7 carte di credito. Un scomparto a biglietti \u00e8 incluso nel nell&#8217;astuccio. Dimensioni: larghezza 10,5 centimetri \/ altezza [&hellip;]<\/p>\n","protected":false},"featured_media":95911,"comment_status":"open","ping_status":"closed","template":"","meta":{"inline_featured_image":false},"product_brand":[],"product_cat":[1951],"product_tag":[],"class_list":{"0":"post-95891","1":"product","2":"type-product","3":"status-publish","4":"has-post-thumbnail","6":"product_cat-repubblica-ceca","8":"first","9":"instock","10":"taxable","11":"shipping-taxable","12":"purchasable","13":"product-type-simple"},"_links":{"self":[{"href":"https:\/\/metal-badge.ch\/it\/wp-json\/wp\/v2\/product\/95891","targetHints":{"allow":["GET"]}}],"collection":[{"href":"https:\/\/metal-badge.ch\/it\/wp-json\/wp\/v2\/product"}],"about":[{"href":"https:\/\/metal-badge.ch\/it\/wp-json\/wp\/v2\/types\/product"}],"replies":[{"embeddable":true,"href":"https:\/\/metal-badge.ch\/it\/wp-json\/wp\/v2\/comments?post=95891"}],"wp:featuredmedia":[{"embeddable":true,"href":"https:\/\/metal-badge.ch\/it\/wp-json\/wp\/v2\/media\/95911"}],"wp:attachment":[{"href":"https:\/\/metal-badge.ch\/it\/wp-json\/wp\/v2\/media?parent=95891"}],"wp:term":[{"taxonomy":"product_brand","embeddable":true,"href":"https:\/\/metal-badge.ch\/it\/wp-json\/wp\/v2\/product_brand?post=95891"},{"taxonomy":"product_cat","embeddable":true,"href":"https:\/\/metal-badge.ch\/it\/wp-json\/wp\/v2\/product_cat?post=95891"},{"taxonomy":"product_tag","embeddable":true,"href":"https:\/\/metal-badge.ch\/it\/wp-json\/wp\/v2\/product_tag?post=95891"}],"curies":[{"name":"wp","href":"https:\/\/api.w.org\/{rel}","templated":true}]}}