{"id":48144,"date":"2019-10-18T15:23:24","date_gmt":"2019-10-18T15:23:24","guid":{"rendered":"https:\/\/shop.metal-badge.ch\/?product=traser-p68-pathfinder-gmt-verde"},"modified":"2026-01-02T20:45:16","modified_gmt":"2026-01-02T19:45:16","slug":"traser-p68-pathfinder-gmt-green-109035","status":"publish","type":"product","link":"https:\/\/metal-badge.ch\/it\/product\/48144\/traser-p68-pathfinder-gmt-green-109035\/","title":{"rendered":"Traser P68 Pathfinder GMT Green &#8211; 109035"},"content":{"rendered":"<p data-start=\"5074\" data-end=\"5236\"><strong data-start=\"5074\" data-end=\"5116\">L\u2019avventura ti aspetta\u2014ovunque tu sia.<\/strong><br data-start=\"5116\" data-end=\"5119\" \/>Il Traser P68 Pathfinder GMT ti collega a due mondi contemporaneamente, guidando ogni viaggio con precisione e stile.<\/p>\n<p data-start=\"5238\" data-end=\"5273\"><strong>Trova sempre la tua direzione<\/strong><\/p>\n<p data-start=\"5274\" data-end=\"5510\">Che tu stia esplorando le vivaci strade di Tokyo o attraversando la foresta amazzonica, il P68 Pathfinder GMT \u00e8 il tuo compagno di fiducia. Collega fusi orari e territori, ti mantiene connesso a casa e ti invita ad abbracciare l\u2019ignoto.<\/p>\n<p data-start=\"5512\" data-end=\"5535\"><strong>Design mozzafiato<\/strong><\/p>\n<p data-start=\"5536\" data-end=\"6087\">Il P68 Pathfinder GMT si distingue per un design robusto ma raffinato. La cassa in acciaio inossidabile con rivestimento PVD offre grande resistenza e una finitura opaca elegante che riduce i riflessi\u2014perfetta per le avventure outdoor. Il vetro zaffiro antiriflesso garantisce una visione chiara in qualsiasi condizione di luce, mentre il cinturino NATO verde assicura comfort e durata. Integrata nella cassa, la lunetta con bussola non \u00e8 solo uno strumento funzionale, ma anche un elemento di design che riflette lo spirito avventuroso dell\u2019orologio.<\/p>\n<p data-start=\"6089\" data-end=\"6134\"><strong>Precisione svizzera su cui puoi contare<\/strong><\/p>\n<p data-start=\"6135\" data-end=\"6718\">Progettato per la massima precisione, il P68 Pathfinder GMT \u00e8 dotato di un movimento al quarzo Swiss Made che garantisce un\u2019accurata misurazione del tempo attraverso i fusi orari. La funzione GMT consente di monitorare due fusi orari contemporaneamente\u2014fondamentale per i viaggiatori internazionali. La lunetta con bussola integrata, regolabile tramite una corona dedicata, offre un supporto affidabile alla navigazione. Con una resistenza all\u2019acqua fino a 10 bar, \u00e8 pronto per qualsiasi avventura, dalle esplorazioni urbane ai trekking nella natura\u2014un orologio costruito per durare.<\/p>\n<p data-start=\"6720\" data-end=\"6757\"><strong>Tecnologia autonoma trigalight\u00ae<\/strong><\/p>\n<p data-start=\"6758\" data-end=\"7088\">La tecnologia trigalight distingue gli orologi traser. Grazie all\u2019illuminazione autoalimentata, garantisce una leggibilit\u00e0 costante in ogni ambiente, senza necessit\u00e0 di fonti di energia esterne. Questa innovazione svizzera testimonia l\u2019impegno di traser per funzionalit\u00e0 e affidabilit\u00e0, con una luminosit\u00e0 che dura fino a 20 anni.<\/p>\n<p data-start=\"7090\" data-end=\"7115\"><strong>Specifiche tecniche<\/strong><\/p>\n<ul data-start=\"7116\" data-end=\"7528\">\n<li data-start=\"7116\" data-end=\"7166\">\n<p data-start=\"7118\" data-end=\"7166\">Elementi luminosi: trigalight &amp; Super-LumiNova<\/p>\n<\/li>\n<li data-start=\"7167\" data-end=\"7205\">\n<p data-start=\"7169\" data-end=\"7205\">Illuminazione lancette: trigalight<\/p>\n<\/li>\n<li data-start=\"7206\" data-end=\"7253\">\n<p data-start=\"7208\" data-end=\"7253\">Guarnizione vetro: Guarnizione luminescente<\/p>\n<\/li>\n<li data-start=\"7254\" data-end=\"7286\">\n<p data-start=\"7256\" data-end=\"7286\">Movimento: Quarzo Swiss Made<\/p>\n<\/li>\n<li data-start=\"7287\" data-end=\"7314\">\n<p data-start=\"7289\" data-end=\"7314\">Diametro cassa: \u00d8 46 mm<\/p>\n<\/li>\n<li data-start=\"7315\" data-end=\"7346\">\n<p data-start=\"7317\" data-end=\"7346\">Vetro: Zaffiro antiriflesso<\/p>\n<\/li>\n<li data-start=\"7347\" data-end=\"7399\">\n<p data-start=\"7349\" data-end=\"7399\">Cassa: Acciaio inossidabile con rivestimento PVD<\/p>\n<\/li>\n<li data-start=\"7400\" data-end=\"7420\">\n<p data-start=\"7402\" data-end=\"7420\">Quadrante: Verde<\/p>\n<\/li>\n<li data-start=\"7421\" data-end=\"7446\">\n<p data-start=\"7423\" data-end=\"7446\">Corona: Corona a vite<\/p>\n<\/li>\n<li data-start=\"7447\" data-end=\"7466\">\n<p data-start=\"7449\" data-end=\"7466\">Cinturino: NATO<\/p>\n<\/li>\n<li data-start=\"7467\" data-end=\"7502\">\n<p data-start=\"7469\" data-end=\"7502\">Impermeabilit\u00e0: 10 ATM \/ 10 bar<\/p>\n<\/li>\n<li data-start=\"7503\" data-end=\"7528\">\n<p data-start=\"7505\" data-end=\"7528\">Larghezza ansa: 24 mm<\/p>\n<\/li>\n<\/ul>\n","protected":false},"excerpt":{"rendered":"<p><strong data-start=\"5074\" data-end=\"5116\">L\u2019avventura ti aspetta\u2014ovunque tu sia.<\/strong><br data-start=\"5116\" data-end=\"5119\" \/>Il Traser P68 Pathfinder GMT ti collega a due mondi contemporaneamente, guidando ogni viaggio con precisione e stile.<\/p>\n","protected":false},"featured_media":87988,"comment_status":"open","ping_status":"closed","template":"","meta":{"inline_featured_image":false},"product_brand":[],"product_cat":[968,2316],"product_tag":[1766,1933],"class_list":{"0":"post-48144","1":"product","2":"type-product","3":"status-publish","4":"has-post-thumbnail","6":"product_cat-orologi","7":"product_cat-traser-it","8":"product_tag-sport-outdoor-it","9":"product_tag-traser-it","11":"first","12":"instock","13":"taxable","14":"shipping-taxable","15":"purchasable","16":"product-type-simple"},"_links":{"self":[{"href":"https:\/\/metal-badge.ch\/it\/wp-json\/wp\/v2\/product\/48144","targetHints":{"allow":["GET"]}}],"collection":[{"href":"https:\/\/metal-badge.ch\/it\/wp-json\/wp\/v2\/product"}],"about":[{"href":"https:\/\/metal-badge.ch\/it\/wp-json\/wp\/v2\/types\/product"}],"replies":[{"embeddable":true,"href":"https:\/\/metal-badge.ch\/it\/wp-json\/wp\/v2\/comments?post=48144"}],"wp:featuredmedia":[{"embeddable":true,"href":"https:\/\/metal-badge.ch\/it\/wp-json\/wp\/v2\/media\/87988"}],"wp:attachment":[{"href":"https:\/\/metal-badge.ch\/it\/wp-json\/wp\/v2\/media?parent=48144"}],"wp:term":[{"taxonomy":"product_brand","embeddable":true,"href":"https:\/\/metal-badge.ch\/it\/wp-json\/wp\/v2\/product_brand?post=48144"},{"taxonomy":"product_cat","embeddable":true,"href":"https:\/\/metal-badge.ch\/it\/wp-json\/wp\/v2\/product_cat?post=48144"},{"taxonomy":"product_tag","embeddable":true,"href":"https:\/\/metal-badge.ch\/it\/wp-json\/wp\/v2\/product_tag?post=48144"}],"curies":[{"name":"wp","href":"https:\/\/api.w.org\/{rel}","templated":true}]}}