{"id":48092,"date":"2019-09-29T11:13:24","date_gmt":"2019-09-29T11:13:24","guid":{"rendered":"https:\/\/shop.metal-badge.ch\/?product=traser-p96-odp-evolution-green"},"modified":"2026-01-04T00:40:57","modified_gmt":"2026-01-03T23:40:57","slug":"traser-p96-odp-evolution-green-109038","status":"publish","type":"product","link":"https:\/\/metal-badge.ch\/it\/product\/48092\/traser-p96-odp-evolution-green-109038\/","title":{"rendered":"Traser P96 OdP Evolution Green &#8211; 109038"},"content":{"rendered":"<p data-start=\"2116\" data-end=\"2295\"><strong data-start=\"2116\" data-end=\"2156\">Robusta. Versatile. Indistruttibile.<\/strong> La P96 Outdoor Pioneer resiste a fango, urti e condizioni estreme\u2014nella natura come in citt\u00e0. Trigalight trasforma la notte in un\u2019alleata.<\/p>\n<p data-start=\"2297\" data-end=\"2727\"><strong data-start=\"2297\" data-end=\"2330\">L\u2019orologio per ogni avventura<\/strong><br data-start=\"2330\" data-end=\"2333\" \/>Questo orologio \u00e8 il compagno ideale anche per le avventure pi\u00f9 estreme, offrendo piena funzionalit\u00e0 senza rinunciare allo stile. I modelli P96 Outdoor Pioneer combinano tutte le caratteristiche di cui avventurieri e appassionati di outdoor hanno bisogno in ogni situazione. La tecnologia di illuminazione autonoma trigalight assicura una perfetta leggibilit\u00e0 dell\u2019ora anche in totale oscurit\u00e0.<\/p>\n<p data-start=\"2729\" data-end=\"2743\"><strong data-start=\"2729\" data-end=\"2743\">Specifiche<\/strong><\/p>\n<ul>\n<li data-start=\"2745\" data-end=\"3074\">Elementi luminosi: trigalight &amp; Super-LumiNova<\/li>\n<li data-start=\"2745\" data-end=\"3074\">Elementi luminosi della lunetta: trigalight<\/li>\n<li data-start=\"2745\" data-end=\"3074\">Movimento: quarzo Swiss Made<\/li>\n<li data-start=\"2745\" data-end=\"3074\">Dimensioni: \u00d8 44 mm<\/li>\n<li data-start=\"2745\" data-end=\"3074\">Vetro: zaffiro antiriflesso<\/li>\n<li data-start=\"2745\" data-end=\"3074\">Cassa: polimero rinforzato con fibra di vetro<\/li>\n<li data-start=\"2745\" data-end=\"3074\">Quadrante: verde<\/li>\n<li data-start=\"2745\" data-end=\"3074\">Cinturino: NATO in pelle<\/li>\n<li data-start=\"2745\" data-end=\"3074\">Impermeabilit\u00e0: 20 atm \/ 20 bar<\/li>\n<li data-start=\"2745\" data-end=\"3074\">Larghezza ansa: 22 mm<\/li>\n<\/ul>\n","protected":false},"excerpt":{"rendered":"<p><strong data-start=\"2116\" data-end=\"2156\">Robusta. Versatile. Indistruttibile.<\/strong> La P96 Outdoor Pioneer resiste a fango, urti e condizioni estreme\u2014nella natura come in citt\u00e0. Trigalight trasforma la notte in un\u2019alleata.<\/p>\n","protected":false},"featured_media":48088,"comment_status":"open","ping_status":"closed","template":"","meta":{"inline_featured_image":false},"product_brand":[],"product_cat":[968,2316],"product_tag":[1766,1933],"class_list":{"0":"post-48092","1":"product","2":"type-product","3":"status-publish","4":"has-post-thumbnail","6":"product_cat-orologi","7":"product_cat-traser-it","8":"product_tag-sport-outdoor-it","9":"product_tag-traser-it","11":"first","12":"instock","13":"taxable","14":"shipping-taxable","15":"purchasable","16":"product-type-simple"},"_links":{"self":[{"href":"https:\/\/metal-badge.ch\/it\/wp-json\/wp\/v2\/product\/48092","targetHints":{"allow":["GET"]}}],"collection":[{"href":"https:\/\/metal-badge.ch\/it\/wp-json\/wp\/v2\/product"}],"about":[{"href":"https:\/\/metal-badge.ch\/it\/wp-json\/wp\/v2\/types\/product"}],"replies":[{"embeddable":true,"href":"https:\/\/metal-badge.ch\/it\/wp-json\/wp\/v2\/comments?post=48092"}],"wp:featuredmedia":[{"embeddable":true,"href":"https:\/\/metal-badge.ch\/it\/wp-json\/wp\/v2\/media\/48088"}],"wp:attachment":[{"href":"https:\/\/metal-badge.ch\/it\/wp-json\/wp\/v2\/media?parent=48092"}],"wp:term":[{"taxonomy":"product_brand","embeddable":true,"href":"https:\/\/metal-badge.ch\/it\/wp-json\/wp\/v2\/product_brand?post=48092"},{"taxonomy":"product_cat","embeddable":true,"href":"https:\/\/metal-badge.ch\/it\/wp-json\/wp\/v2\/product_cat?post=48092"},{"taxonomy":"product_tag","embeddable":true,"href":"https:\/\/metal-badge.ch\/it\/wp-json\/wp\/v2\/product_tag?post=48092"}],"curies":[{"name":"wp","href":"https:\/\/api.w.org\/{rel}","templated":true}]}}