{"id":47826,"date":"2019-08-14T10:21:56","date_gmt":"2019-08-14T10:21:56","guid":{"rendered":"https:\/\/shop.metal-badge.ch\/?product=faretra-a-4-tubi-per-frecce-jx730"},"modified":"2019-08-14T10:22:53","modified_gmt":"2019-08-14T10:22:53","slug":"faretra-a-4-tubi-per-frecce-jx730","status":"publish","type":"product","link":"https:\/\/metal-badge.ch\/it\/product\/47826\/faretra-a-4-tubi-per-frecce-jx730\/","title":{"rendered":"Faretra a 4 tubi per frecce JX730"},"content":{"rendered":"<p>Faretra mimetica per circa 20 frecce. Questa robusta faretra impermeabile \u00e8 dotata di una tasca esterna con cerniera e due 3 tasche cucite. Sempre all\u2019esterno si trova una tasca laterale con chiusura in velcro delle dimensioni di 13 cm x 13 cm. Questa faretra maneggevole pu\u00f2 essere portata sulla spalla o sul bacino. La cintura dotata d\u2019imbottitura pu\u00f2 essere regolata a seconda di come la si vuole indossare. I quattro tubi in plastica possono essere rimossi per creare uno scomparto pi\u00f9 grande. Essi hanno una lunghezza di 45 cm cadauno ed un diametro di 3,5 cm. Essi sono inseriti nella faretra a gradini e garantiscono cos\u00ec un comodo prelievo delle frecce. Questa faretra laterale \u00e8 adatta per essere indossata a destra. Pu\u00f2 essere indossata in diversi modi e la cintura imbottita pu\u00f2 essere rimossa. Offriamo anche una versione che pu\u00f2 essere indossata a sinistra.<\/p>\n<p><strong>Descrizione prodotto:<\/strong><br \/>\nFartrea JX730 Mathews<br \/>\nColore: mimetico<br \/>\nPeso: 510 gr. Materiale: Nylon Oxford rinforzato e 4 tubi in plastica<br \/>\nAltezza anteriore 50 cm<br \/>\nAltezza posteriore 40 cm<br \/>\nLarghezza: 15 cm<br \/>\nImpermeabile<br \/>\nAltezza tasca esterna con cerniera: 29 cm<br \/>\nLarghezza tasca esterna: 14 cm<br \/>\nModello: destro<br \/>\nPer circa 20 frecce<\/p>\n","protected":false},"excerpt":{"rendered":"<p>Faretra mimetica per circa 20 frecce. Questa robusta faretra impermeabile \u00e8 dotata di una tasca esterna con cerniera e due 3 tasche cucite. Sempre all\u2019esterno si trova una tasca laterale con chiusura in velcro delle dimensioni di 13 cm x 13 cm. Questa faretra maneggevole pu\u00f2 essere portata sulla spalla o sul bacino. La cintura [&hellip;]<\/p>\n","protected":false},"featured_media":88066,"comment_status":"open","ping_status":"closed","template":"","meta":{"inline_featured_image":false},"product_brand":[],"product_cat":[1348,1476],"product_tag":[1770,1774,1766],"class_list":{"0":"post-47826","1":"product","2":"type-product","3":"status-publish","4":"has-post-thumbnail","6":"product_cat-accessori-per-esercito-caccia","7":"product_cat-tiro-con-larco-balestra-cerbottana","8":"product_tag-army-survival-it","9":"product_tag-caccia-pesca","10":"product_tag-sport-outdoor-it","12":"first","13":"instock","14":"taxable","15":"shipping-taxable","16":"purchasable","17":"product-type-simple"},"_links":{"self":[{"href":"https:\/\/metal-badge.ch\/it\/wp-json\/wp\/v2\/product\/47826","targetHints":{"allow":["GET"]}}],"collection":[{"href":"https:\/\/metal-badge.ch\/it\/wp-json\/wp\/v2\/product"}],"about":[{"href":"https:\/\/metal-badge.ch\/it\/wp-json\/wp\/v2\/types\/product"}],"replies":[{"embeddable":true,"href":"https:\/\/metal-badge.ch\/it\/wp-json\/wp\/v2\/comments?post=47826"}],"wp:featuredmedia":[{"embeddable":true,"href":"https:\/\/metal-badge.ch\/it\/wp-json\/wp\/v2\/media\/88066"}],"wp:attachment":[{"href":"https:\/\/metal-badge.ch\/it\/wp-json\/wp\/v2\/media?parent=47826"}],"wp:term":[{"taxonomy":"product_brand","embeddable":true,"href":"https:\/\/metal-badge.ch\/it\/wp-json\/wp\/v2\/product_brand?post=47826"},{"taxonomy":"product_cat","embeddable":true,"href":"https:\/\/metal-badge.ch\/it\/wp-json\/wp\/v2\/product_cat?post=47826"},{"taxonomy":"product_tag","embeddable":true,"href":"https:\/\/metal-badge.ch\/it\/wp-json\/wp\/v2\/product_tag?post=47826"}],"curies":[{"name":"wp","href":"https:\/\/api.w.org\/{rel}","templated":true}]}}