{"id":47785,"date":"2019-08-13T16:24:24","date_gmt":"2019-08-13T16:24:24","guid":{"rendered":"https:\/\/shop.metal-badge.ch\/?product=strumento-per-tiro-con-larco-scala-corda-checker"},"modified":"2019-08-13T18:25:17","modified_gmt":"2019-08-13T18:25:17","slug":"strumento-per-tiro-con-larco-scala-corda-checker","status":"publish","type":"product","link":"https:\/\/metal-badge.ch\/it\/product\/47785\/strumento-per-tiro-con-larco-scala-corda-checker\/","title":{"rendered":"Strumento per tiro con l&#8217;arco &#8211; scala corda, checker"},"content":{"rendered":"<p>Uno strumento di messa a punto indispensabile ed essenziale per ogni arciere. Misura in modo efficace e preciso l&#8217;altezza e il punto di scocca. Questo strumento serve per determinare pi\u00f9 di un punto di scocca e determinare le altezze di trazione. \u00c8 adatto anche per avvitare punte da caccia (2-4 lame). Inoltre, le scocche possono essere ruotate o \u00e8 possibile separare i trefoli. L&#8217;impostazione del punto di scocca pu\u00f2 essere effettuato per tutte le corde.<br \/>\nMateriale: plastica<br \/>\nColore: nero<\/p>\n","protected":false},"excerpt":{"rendered":"<p>Uno strumento di messa a punto indispensabile ed essenziale per ogni arciere. Misura in modo efficace e preciso l&#8217;altezza e il punto di scocca. Questo strumento serve per determinare pi\u00f9 di un punto di scocca e determinare le altezze di trazione. \u00c8 adatto anche per avvitare punte da caccia (2-4 lame). Inoltre, le scocche possono [&hellip;]<\/p>\n","protected":false},"featured_media":88076,"comment_status":"open","ping_status":"closed","template":"","meta":{"inline_featured_image":false},"product_brand":[],"product_cat":[1348,1476],"product_tag":[1770,1774,1766],"class_list":{"0":"post-47785","1":"product","2":"type-product","3":"status-publish","4":"has-post-thumbnail","6":"product_cat-accessori-per-esercito-caccia","7":"product_cat-tiro-con-larco-balestra-cerbottana","8":"product_tag-army-survival-it","9":"product_tag-caccia-pesca","10":"product_tag-sport-outdoor-it","12":"first","13":"instock","14":"taxable","15":"shipping-taxable","16":"purchasable","17":"product-type-simple"},"_links":{"self":[{"href":"https:\/\/metal-badge.ch\/it\/wp-json\/wp\/v2\/product\/47785","targetHints":{"allow":["GET"]}}],"collection":[{"href":"https:\/\/metal-badge.ch\/it\/wp-json\/wp\/v2\/product"}],"about":[{"href":"https:\/\/metal-badge.ch\/it\/wp-json\/wp\/v2\/types\/product"}],"replies":[{"embeddable":true,"href":"https:\/\/metal-badge.ch\/it\/wp-json\/wp\/v2\/comments?post=47785"}],"wp:featuredmedia":[{"embeddable":true,"href":"https:\/\/metal-badge.ch\/it\/wp-json\/wp\/v2\/media\/88076"}],"wp:attachment":[{"href":"https:\/\/metal-badge.ch\/it\/wp-json\/wp\/v2\/media?parent=47785"}],"wp:term":[{"taxonomy":"product_brand","embeddable":true,"href":"https:\/\/metal-badge.ch\/it\/wp-json\/wp\/v2\/product_brand?post=47785"},{"taxonomy":"product_cat","embeddable":true,"href":"https:\/\/metal-badge.ch\/it\/wp-json\/wp\/v2\/product_cat?post=47785"},{"taxonomy":"product_tag","embeddable":true,"href":"https:\/\/metal-badge.ch\/it\/wp-json\/wp\/v2\/product_tag?post=47785"}],"curies":[{"name":"wp","href":"https:\/\/api.w.org\/{rel}","templated":true}]}}