{"id":47776,"date":"2019-08-13T16:12:12","date_gmt":"2019-08-13T16:12:12","guid":{"rendered":"https:\/\/shop.metal-badge.ch\/?product=freccia-in-fibra-di-vetro"},"modified":"2019-08-13T16:12:33","modified_gmt":"2019-08-13T16:12:33","slug":"freccia-in-fibra-di-vetro","status":"publish","type":"product","link":"https:\/\/metal-badge.ch\/it\/product\/47776\/freccia-in-fibra-di-vetro\/","title":{"rendered":"Freccia in fibra di vetro"},"content":{"rendered":"<p>Questa robusta freccia in fibra di vetro \u00e8 adatta per archi fino a circa 40 libbre. La lunghezza totale della freccia \u00e8 di circa 31 pollici \/ 80 cm. La punta \u00e8 in acciaio ed \u00e8 intercambiabile. Pu\u00f2 essere utilizzata per bersagli anche in legno. Dotata di piume in plastica (vanes) ed adatta anche in caso di condizioni atmosferiche avverse.<\/p>\n<p>Modello: JX030F<br \/>\nColore: nero<br \/>\nColore: piumatura arancione \/ giallo<br \/>\nLunghezza: 31 pollicil \/ 80 cm<br \/>\nDiametro: 8 mm<br \/>\nPeso: 42 g<br \/>\nMateriale stelo: fibra di vetro<br \/>\nMateriale piumatura: plastica<br \/>\nPunta: Metallo, appuntita, avvitata, intercambiabile ed anche adatta a bersagli in legno.<br \/>\n500 spine<br \/>\nPrezzo cadauna 5.10<br \/>\n10 pezzi. 47.- CHF<\/p>\n","protected":false},"excerpt":{"rendered":"<p>Questa robusta freccia in fibra di vetro \u00e8 adatta per archi fino a circa 40 libbre. La lunghezza totale della freccia \u00e8 di circa 31 pollici \/ 80 cm. La punta \u00e8 in acciaio ed \u00e8 intercambiabile. Pu\u00f2 essere utilizzata per bersagli anche in legno. Dotata di piume in plastica (vanes) ed adatta anche in [&hellip;]<\/p>\n","protected":false},"featured_media":88078,"comment_status":"open","ping_status":"closed","template":"","meta":{"inline_featured_image":false},"product_brand":[],"product_cat":[1348,1476],"product_tag":[1770,1774,1766],"class_list":{"0":"post-47776","1":"product","2":"type-product","3":"status-publish","4":"has-post-thumbnail","6":"product_cat-accessori-per-esercito-caccia","7":"product_cat-tiro-con-larco-balestra-cerbottana","8":"product_tag-army-survival-it","9":"product_tag-caccia-pesca","10":"product_tag-sport-outdoor-it","12":"first","13":"instock","14":"taxable","15":"shipping-taxable","16":"purchasable","17":"product-type-simple"},"_links":{"self":[{"href":"https:\/\/metal-badge.ch\/it\/wp-json\/wp\/v2\/product\/47776","targetHints":{"allow":["GET"]}}],"collection":[{"href":"https:\/\/metal-badge.ch\/it\/wp-json\/wp\/v2\/product"}],"about":[{"href":"https:\/\/metal-badge.ch\/it\/wp-json\/wp\/v2\/types\/product"}],"replies":[{"embeddable":true,"href":"https:\/\/metal-badge.ch\/it\/wp-json\/wp\/v2\/comments?post=47776"}],"wp:featuredmedia":[{"embeddable":true,"href":"https:\/\/metal-badge.ch\/it\/wp-json\/wp\/v2\/media\/88078"}],"wp:attachment":[{"href":"https:\/\/metal-badge.ch\/it\/wp-json\/wp\/v2\/media?parent=47776"}],"wp:term":[{"taxonomy":"product_brand","embeddable":true,"href":"https:\/\/metal-badge.ch\/it\/wp-json\/wp\/v2\/product_brand?post=47776"},{"taxonomy":"product_cat","embeddable":true,"href":"https:\/\/metal-badge.ch\/it\/wp-json\/wp\/v2\/product_cat?post=47776"},{"taxonomy":"product_tag","embeddable":true,"href":"https:\/\/metal-badge.ch\/it\/wp-json\/wp\/v2\/product_tag?post=47776"}],"curies":[{"name":"wp","href":"https:\/\/api.w.org\/{rel}","templated":true}]}}