{"id":47767,"date":"2019-08-13T15:52:20","date_gmt":"2019-08-13T15:52:20","guid":{"rendered":"https:\/\/shop.metal-badge.ch\/?product=rest-tyro-nero"},"modified":"2019-08-13T16:02:10","modified_gmt":"2019-08-13T16:02:10","slug":"rest-tyro-nero","status":"publish","type":"product","link":"https:\/\/metal-badge.ch\/it\/product\/47767\/rest-tyro-nero\/","title":{"rendered":"Rest Tyro nero"},"content":{"rendered":"<p>Un conveniente rest autoadesivo in plastica nera. Con nastro adesivo 3M di alta qualit\u00e0.<br \/>\nInclude polistirolo sottile per l&#8217;incollaggio.<br \/>\n\u00c8 adatto a tutti gli archi e ha una rientranza per un bottone.<br \/>\nDisponibile per destrimani e mancini.<\/p>\n<p>I rest e i shelf rest servono principalmente a migliorare il tiro della freccia, limitando la possibilit\u00e0 che scivoli sulla corda. Per gli archi tradizionali vengono utilizzati principalmente rest in pelle o feltro, che vengono incollati direttamente sul shelf (il punto del corpo anteriore dell&#8217;arco su cui si appoggia la freccia). Archi pi\u00f9 moderni, per lo pi\u00f9 archi Takedown, usano supporti che tengono la freccia in aria. Di solito, il rest \u00e8 progettato in modo che le penne della freccia abbiano il minor contatto con l&#8217;arco e il supporto mentre passano dal rest. A tal fine esistono molti modelli che utilizzano molle, spazzole, meccanismi elicoidali e magnetici. I rest pi\u00f9 semplici costano solo circa 4- CHF e sono fatti di plastica, mentre i modelli di qualit\u00e0 superiore arrivano a superare i 100.- CHF.<\/p>\n<p><strong>Descrizione del prodotto:<\/strong><br \/>\nModello: Rest Tyro nero<br \/>\nPeso: 5 gr.<br \/>\nColore: nero<br \/>\nDisponibile per destrimani e mancini \u00a0<\/p>\n","protected":false},"excerpt":{"rendered":"<p>Un conveniente rest autoadesivo in plastica nera. Con nastro adesivo 3M di alta qualit\u00e0. Include polistirolo sottile per l&#8217;incollaggio. \u00c8 adatto a tutti gli archi e ha una rientranza per un bottone. Disponibile per destrimani e mancini. I rest e i shelf rest servono principalmente a migliorare il tiro della freccia, limitando la possibilit\u00e0 che [&hellip;]<\/p>\n","protected":false},"featured_media":88080,"comment_status":"open","ping_status":"closed","template":"","meta":{"inline_featured_image":false},"product_brand":[],"product_cat":[1348,1476],"product_tag":[1770,1774,1766],"class_list":{"0":"post-47767","1":"product","2":"type-product","3":"status-publish","4":"has-post-thumbnail","6":"product_cat-accessori-per-esercito-caccia","7":"product_cat-tiro-con-larco-balestra-cerbottana","8":"product_tag-army-survival-it","9":"product_tag-caccia-pesca","10":"product_tag-sport-outdoor-it","12":"first","13":"instock","14":"taxable","15":"shipping-taxable","16":"purchasable","17":"product-type-simple"},"_links":{"self":[{"href":"https:\/\/metal-badge.ch\/it\/wp-json\/wp\/v2\/product\/47767","targetHints":{"allow":["GET"]}}],"collection":[{"href":"https:\/\/metal-badge.ch\/it\/wp-json\/wp\/v2\/product"}],"about":[{"href":"https:\/\/metal-badge.ch\/it\/wp-json\/wp\/v2\/types\/product"}],"replies":[{"embeddable":true,"href":"https:\/\/metal-badge.ch\/it\/wp-json\/wp\/v2\/comments?post=47767"}],"wp:featuredmedia":[{"embeddable":true,"href":"https:\/\/metal-badge.ch\/it\/wp-json\/wp\/v2\/media\/88080"}],"wp:attachment":[{"href":"https:\/\/metal-badge.ch\/it\/wp-json\/wp\/v2\/media?parent=47767"}],"wp:term":[{"taxonomy":"product_brand","embeddable":true,"href":"https:\/\/metal-badge.ch\/it\/wp-json\/wp\/v2\/product_brand?post=47767"},{"taxonomy":"product_cat","embeddable":true,"href":"https:\/\/metal-badge.ch\/it\/wp-json\/wp\/v2\/product_cat?post=47767"},{"taxonomy":"product_tag","embeddable":true,"href":"https:\/\/metal-badge.ch\/it\/wp-json\/wp\/v2\/product_tag?post=47767"}],"curies":[{"name":"wp","href":"https:\/\/api.w.org\/{rel}","templated":true}]}}