{"id":47730,"date":"2019-08-08T18:41:04","date_gmt":"2019-08-08T18:41:04","guid":{"rendered":"https:\/\/shop.metal-badge.ch\/?product=tazza-per-il-caffe-ipa-nera-stampata-su-entrambi-i-lati"},"modified":"2019-08-08T18:41:37","modified_gmt":"2019-08-08T18:41:37","slug":"tazza-per-il-caffe-ipa-nera-stampata-su-entrambi-i-lati","status":"publish","type":"product","link":"https:\/\/metal-badge.ch\/it\/product\/47730\/tazza-per-il-caffe-ipa-nera-stampata-su-entrambi-i-lati\/","title":{"rendered":"Tazza per il caff\u00e8 IPA nera stampata su entrambi i lati"},"content":{"rendered":"<p>Una tazza per il caff\u00e8 realizzata con amore e con una duratura stampa su entrambi i lati. La cosa simpatica di questa tazza \u00e8 che essa sembra essere di un colore neutrale nero ma poi riempendola con una bevanda calda il colore cambia diventando bianco e mostrando il logo su entrambi i lati. Questa tazza ha una stampatura a sublimazione di elevata qualit\u00e0 e resistente al lavaggio in lavastoviglie.<\/p>\n<p><strong>Descrizione prodotto:<\/strong><br \/>\nPeso: 320 gr.<br \/>\nMateriale: ceramica<br \/>\nVolume: 300 ml<br \/>\nDiametro: 8.0 cm<br \/>\nAltezza: 9.5 cm<br \/>\nColore: nero<br \/>\nRiempendola con una bevanda calda il colore diventa bianco e si vedo il logo su entrambi i lati<br \/>\nStampa: a colori a sublimazione<br \/>\nResistente al lavaggio in lavastoviglie<br \/>\nSulla tazza sono stampati due loghi diversi con un look \u201cretro\u201d<\/p>\n","protected":false},"excerpt":{"rendered":"<p>Una tazza per il caff\u00e8 realizzata con amore e con una duratura stampa su entrambi i lati. La cosa simpatica di questa tazza \u00e8 che essa sembra essere di un colore neutrale nero ma poi riempendola con una bevanda calda il colore cambia diventando bianco e mostrando il logo su entrambi i lati. Questa tazza [&hellip;]<\/p>\n","protected":false},"featured_media":55669,"comment_status":"open","ping_status":"closed","template":"","meta":{"inline_featured_image":false},"product_brand":[],"product_cat":[1537],"product_tag":[1762],"class_list":{"0":"post-47730","1":"product","2":"type-product","3":"status-publish","4":"has-post-thumbnail","6":"product_cat-ipa-gadgets-it","7":"product_tag-ipa-casual-wear-gadgets-it","9":"first","10":"instock","11":"taxable","12":"shipping-taxable","13":"purchasable","14":"product-type-simple"},"_links":{"self":[{"href":"https:\/\/metal-badge.ch\/it\/wp-json\/wp\/v2\/product\/47730","targetHints":{"allow":["GET"]}}],"collection":[{"href":"https:\/\/metal-badge.ch\/it\/wp-json\/wp\/v2\/product"}],"about":[{"href":"https:\/\/metal-badge.ch\/it\/wp-json\/wp\/v2\/types\/product"}],"replies":[{"embeddable":true,"href":"https:\/\/metal-badge.ch\/it\/wp-json\/wp\/v2\/comments?post=47730"}],"wp:featuredmedia":[{"embeddable":true,"href":"https:\/\/metal-badge.ch\/it\/wp-json\/wp\/v2\/media\/55669"}],"wp:attachment":[{"href":"https:\/\/metal-badge.ch\/it\/wp-json\/wp\/v2\/media?parent=47730"}],"wp:term":[{"taxonomy":"product_brand","embeddable":true,"href":"https:\/\/metal-badge.ch\/it\/wp-json\/wp\/v2\/product_brand?post=47730"},{"taxonomy":"product_cat","embeddable":true,"href":"https:\/\/metal-badge.ch\/it\/wp-json\/wp\/v2\/product_cat?post=47730"},{"taxonomy":"product_tag","embeddable":true,"href":"https:\/\/metal-badge.ch\/it\/wp-json\/wp\/v2\/product_tag?post=47730"}],"curies":[{"name":"wp","href":"https:\/\/api.w.org\/{rel}","templated":true}]}}