{"id":47616,"date":"2019-07-24T14:38:38","date_gmt":"2019-07-24T14:38:38","guid":{"rendered":"https:\/\/shop.metal-badge.ch\/?product=sacca-zaino-dry-bag"},"modified":"2019-07-24T14:39:13","modified_gmt":"2019-07-24T14:39:13","slug":"sacca-zaino-dry-bag","status":"publish","type":"product","link":"https:\/\/metal-badge.ch\/it\/product\/47616\/sacca-zaino-dry-bag\/","title":{"rendered":"Sacca \/ zaino \u201eDry Bag\u201c"},"content":{"rendered":"<p>Questa \u201eDry Bag\u201c impermeabile e con una capacit\u00e0 di 25 litri con due bretelle pu\u00f2 essere facilmente trasformata in uno zaino. La sacca \u00e8 richiudibile tramite un binario a chiusura stagna ed \u00e8 assolutamente impermeabile. Facile da utilizzare, basta ripiegare il binario due volte su se stesso e chiudere il moschettone. La sacca ha una tasca interna da 18 cm x 35 cm dotata di cerniera. Questa ulteriore tasca interna \u00e8 fissata con del velcro e pu\u00f2 essere rimossa a piacimento. Essa offre tanto spazio per oggetti di valore. Le bretelle possono essere rimosse. Esteriormente sulla sacca troviamo un\u2019ampia rete da 33 cm x 19 cm con chiusura tramite velcro come spazio ulteriore per riporre piccoli oggetti. C\u2019\u00e8 inoltre un elastico regolabile per fissare utensili sopra la sacca. Lo zaino \u00e8 dotato di un manico gommato molto robusto. Tutte le cuciture hanno una doppia saldatura. Con questa sacca i vostri oggetti di valore, documenti ed indumenti rimangono asciutti anche se siete in acqua. Adatta per tutti gli sport acquatici. La sacca pu\u00f2 essere arrotolata su se stessa e conservata in poco spazio.<\/p>\n<p>\n<strong>Informazioni prodotto:<\/strong><br \/>\nProdotto: Sacca Dry Bag MARJAQE JD-1613<br \/>\nMateriale: 500D \/ PVC \/ TPU<br \/>\nColore: mimetico<br \/>\n100 % impermeabile<br \/>\nDoppia saldatura.<br \/>\nCapacit\u00e0: 25 litri con tasca esterna ed elastico<br \/>\nComodo manico gommato<br \/>\nDimensioni: altezza 60 cm \/ larghezza 37.5 cm<br \/>\nPeso: 480 gr.<\/p>\n","protected":false},"excerpt":{"rendered":"<p>Questa \u201eDry Bag\u201c impermeabile e con una capacit\u00e0 di 25 litri con due bretelle pu\u00f2 essere facilmente trasformata in uno zaino. La sacca \u00e8 richiudibile tramite un binario a chiusura stagna ed \u00e8 assolutamente impermeabile. Facile da utilizzare, basta ripiegare il binario due volte su se stesso e chiudere il moschettone. La sacca ha una [&hellip;]<\/p>\n","protected":false},"featured_media":88098,"comment_status":"open","ping_status":"closed","template":"","meta":{"inline_featured_image":false},"product_brand":[],"product_cat":[1060,1814,1830,1256],"product_tag":[1770,1774,1778,1766],"class_list":{"0":"post-47616","1":"product","2":"type-product","3":"status-publish","4":"has-post-thumbnail","6":"product_cat-borse","7":"product_cat-borse-per-il-trasporto-da-viaggio","8":"product_cat-pack-sacchi","9":"product_cat-zaini-e-sistemi-per-bere","10":"product_tag-army-survival-it","11":"product_tag-caccia-pesca","12":"product_tag-campeggio-viaggio","13":"product_tag-sport-outdoor-it","15":"first","16":"instock","17":"taxable","18":"shipping-taxable","19":"purchasable","20":"product-type-simple"},"_links":{"self":[{"href":"https:\/\/metal-badge.ch\/it\/wp-json\/wp\/v2\/product\/47616","targetHints":{"allow":["GET"]}}],"collection":[{"href":"https:\/\/metal-badge.ch\/it\/wp-json\/wp\/v2\/product"}],"about":[{"href":"https:\/\/metal-badge.ch\/it\/wp-json\/wp\/v2\/types\/product"}],"replies":[{"embeddable":true,"href":"https:\/\/metal-badge.ch\/it\/wp-json\/wp\/v2\/comments?post=47616"}],"wp:featuredmedia":[{"embeddable":true,"href":"https:\/\/metal-badge.ch\/it\/wp-json\/wp\/v2\/media\/88098"}],"wp:attachment":[{"href":"https:\/\/metal-badge.ch\/it\/wp-json\/wp\/v2\/media?parent=47616"}],"wp:term":[{"taxonomy":"product_brand","embeddable":true,"href":"https:\/\/metal-badge.ch\/it\/wp-json\/wp\/v2\/product_brand?post=47616"},{"taxonomy":"product_cat","embeddable":true,"href":"https:\/\/metal-badge.ch\/it\/wp-json\/wp\/v2\/product_cat?post=47616"},{"taxonomy":"product_tag","embeddable":true,"href":"https:\/\/metal-badge.ch\/it\/wp-json\/wp\/v2\/product_tag?post=47616"}],"curies":[{"name":"wp","href":"https:\/\/api.w.org\/{rel}","templated":true}]}}