{"id":47555,"date":"2019-07-17T09:48:16","date_gmt":"2019-07-17T09:48:16","guid":{"rendered":"https:\/\/shop.metal-badge.ch\/?product=sistema-molle-ad-asole-arancione-con-doppia-tasca"},"modified":"2020-08-02T04:04:37","modified_gmt":"2020-08-02T04:04:37","slug":"sistema-molle-ad-asole-arancione-con-doppia-tasca","status":"publish","type":"product","link":"https:\/\/metal-badge.ch\/it\/product\/47555\/sistema-molle-ad-asole-arancione-con-doppia-tasca\/","title":{"rendered":"Sistema Molle ad asole&#8221; arancione, con doppia tasca"},"content":{"rendered":"<p>Questa piccola borsa arancione con &#8220;Sistema Molle ad asole &#8221; si fissa indifferentemente alla cintura e allo zaino o alla nostra tracolla \/ marsupio arancione. Lo scomparto principale, con due scomparti, altezza 18 cm x larghezza 11 cm, profondit\u00e0 5 cm, \u00e8 imbottito all&#8217;interno con chiusura a velcro. Anche la tasca applicata, altezza 13 cm x larghezza 9 cm, profondit\u00e0 4 cm, \u00e8 imbottita e con chiusura a velcro. All&#8217;esterno, lateralmente, sono applicati due elastici per pila ecc.<\/p>\n<p>\n<strong>Informazioni prodotto:<\/strong><br \/>\nBorsa da cintura con &#8220;Sistema Molle ad asole&#8221;<br \/>\nPeso: 105 gr.<br \/>\nColore: arancione<br \/>\nMateriale: 100% poliestere 600 D<br \/>\nPlastificata impermeabile al 100% e imbottita<br \/>\nDimensioni scomparto principale: altezza 18 cm x larghezza 11 cm, profondit\u00e0 5 cm<br \/>\nDimensioni scomparto supplementare: altezza 13 cm x larghezza 9 cm, profondit\u00e0 4 cm<br \/>\nChiusura a velcro<br \/>\nEsternamente due elastici per pile ecc.<br \/>\nQuesta borsa si adatta anche alla nostra tracolla \/ marsupio arancione<\/p>\n","protected":false},"excerpt":{"rendered":"<p>Questa piccola borsa arancione con &#8220;Sistema Molle ad asole &#8221; si fissa indifferentemente alla cintura e allo zaino o alla nostra tracolla \/ marsupio arancione. Lo scomparto principale, con due scomparti, altezza 18 cm x larghezza 11 cm, profondit\u00e0 5 cm, \u00e8 imbottito all&#8217;interno con chiusura a velcro. Anche la tasca applicata, altezza 13 cm [&hellip;]<\/p>\n","protected":false},"featured_media":88104,"comment_status":"open","ping_status":"closed","template":"","meta":{"inline_featured_image":false},"product_brand":[],"product_cat":[1348,1060,1814,1436],"product_tag":[1770,1774,1778,1823,1766],"class_list":{"0":"post-47555","1":"product","2":"type-product","3":"status-publish","4":"has-post-thumbnail","6":"product_cat-accessori-per-esercito-caccia","7":"product_cat-borse","8":"product_cat-borse-per-il-trasporto-da-viaggio","9":"product_cat-campeggio-viaggio","10":"product_tag-army-survival-it","11":"product_tag-caccia-pesca","12":"product_tag-campeggio-viaggio","13":"product_tag-sistema-molle","14":"product_tag-sport-outdoor-it","16":"first","17":"instock","18":"taxable","19":"shipping-taxable","20":"purchasable","21":"product-type-simple"},"_links":{"self":[{"href":"https:\/\/metal-badge.ch\/it\/wp-json\/wp\/v2\/product\/47555","targetHints":{"allow":["GET"]}}],"collection":[{"href":"https:\/\/metal-badge.ch\/it\/wp-json\/wp\/v2\/product"}],"about":[{"href":"https:\/\/metal-badge.ch\/it\/wp-json\/wp\/v2\/types\/product"}],"replies":[{"embeddable":true,"href":"https:\/\/metal-badge.ch\/it\/wp-json\/wp\/v2\/comments?post=47555"}],"wp:featuredmedia":[{"embeddable":true,"href":"https:\/\/metal-badge.ch\/it\/wp-json\/wp\/v2\/media\/88104"}],"wp:attachment":[{"href":"https:\/\/metal-badge.ch\/it\/wp-json\/wp\/v2\/media?parent=47555"}],"wp:term":[{"taxonomy":"product_brand","embeddable":true,"href":"https:\/\/metal-badge.ch\/it\/wp-json\/wp\/v2\/product_brand?post=47555"},{"taxonomy":"product_cat","embeddable":true,"href":"https:\/\/metal-badge.ch\/it\/wp-json\/wp\/v2\/product_cat?post=47555"},{"taxonomy":"product_tag","embeddable":true,"href":"https:\/\/metal-badge.ch\/it\/wp-json\/wp\/v2\/product_tag?post=47555"}],"curies":[{"name":"wp","href":"https:\/\/api.w.org\/{rel}","templated":true}]}}