{"id":47529,"date":"2019-07-17T08:49:42","date_gmt":"2019-07-17T08:49:42","guid":{"rendered":"https:\/\/shop.metal-badge.ch\/?product=borsa-tattica-per-laptop-con-sistema-molle"},"modified":"2019-07-17T08:50:41","modified_gmt":"2019-07-17T08:50:41","slug":"borsa-tattica-per-laptop-con-sistema-molle","status":"publish","type":"product","link":"https:\/\/metal-badge.ch\/it\/product\/47529\/borsa-tattica-per-laptop-con-sistema-molle\/","title":{"rendered":"Borsa tattica per laptop con sistema Molle"},"content":{"rendered":"<p>Borsa tattica per laptop con una robusta maniglia per il trasporto e tracolla regolabile con spallaccio imbottito. La borsa \u00e8 realizzata in nylon 600D, poliestere. La borsa per laptop \u00e8 dotata, su entrambi i lati, di un ampio comparto esterno chiuso con cerniera impermeabile. Inoltre, la borsa \u00e8 dotata di sistema Molle e grande velcro. Anche lo scomparto principale, sotto il lembo di chiusura, \u00e8 chiuso con cerniera. Lo scomparto \u00e8 imbottito. All&#8217;interno dello scomparto principale \u00e8 applicata una borsa imbottita per il laptop, con maniglia. Questa tasca interna \u00e8 fissata con velcro ed \u00e8 estraibile. Nello scomparto principale ci sono altre cerniere e tasche per gli accessori. Anche all&#8217;esterno, sotto il lembo di chiusura, ci sono diverse tasche e comparti a cerniera. Il lembo di chiusura \u00e8 dotato di chiusura a innesto e velcro. La borsa \u00e8 molto resistente, robusta e impermeabile, quindi ideale anche se piove.<\/p>\n<p><strong>Informazioni prodotto:<\/strong><br \/>\nBorsa tattica per laptop CH-043<br \/>\nColore: nero<br \/>\nMateriale: nylon 600D, poliestere<br \/>\n100% impermeabile<br \/>\nCon maniglia di trasporto e tracolla regolabile, imbottita<br \/>\nSistema Molle all&#8217;esterno e grande velcro<br \/>\n2 anelli a D esterni<br \/>\nChiusura a innesto rapido e velcro<br \/>\nAmpio scomparto esterno con cerniera su entrambi i lati<br \/>\nVarie tasche e scomparti a cerniera sotto il lembo di chiusura<br \/>\nScomparto principale con cerniera e tasca interna imbottita e applicata con velcro, per il laptop<br \/>\nAltri scomparti a cerniera nello scomparto principale<br \/>\nPeso: 650 gr.<\/p>\n","protected":false},"excerpt":{"rendered":"<p>Borsa tattica per laptop con una robusta maniglia per il trasporto e tracolla regolabile con spallaccio imbottito. La borsa \u00e8 realizzata in nylon 600D, poliestere. La borsa per laptop \u00e8 dotata, su entrambi i lati, di un ampio comparto esterno chiuso con cerniera impermeabile. Inoltre, la borsa \u00e8 dotata di sistema Molle e grande velcro. [&hellip;]<\/p>\n","protected":false},"featured_media":88110,"comment_status":"open","ping_status":"closed","template":"","meta":{"inline_featured_image":false},"product_brand":[],"product_cat":[1348,1060,1814,1436],"product_tag":[1770,1774,1778,1823,1766],"class_list":{"0":"post-47529","1":"product","2":"type-product","3":"status-publish","4":"has-post-thumbnail","6":"product_cat-accessori-per-esercito-caccia","7":"product_cat-borse","8":"product_cat-borse-per-il-trasporto-da-viaggio","9":"product_cat-campeggio-viaggio","10":"product_tag-army-survival-it","11":"product_tag-caccia-pesca","12":"product_tag-campeggio-viaggio","13":"product_tag-sistema-molle","14":"product_tag-sport-outdoor-it","16":"first","17":"instock","18":"taxable","19":"shipping-taxable","20":"purchasable","21":"product-type-simple"},"_links":{"self":[{"href":"https:\/\/metal-badge.ch\/it\/wp-json\/wp\/v2\/product\/47529","targetHints":{"allow":["GET"]}}],"collection":[{"href":"https:\/\/metal-badge.ch\/it\/wp-json\/wp\/v2\/product"}],"about":[{"href":"https:\/\/metal-badge.ch\/it\/wp-json\/wp\/v2\/types\/product"}],"replies":[{"embeddable":true,"href":"https:\/\/metal-badge.ch\/it\/wp-json\/wp\/v2\/comments?post=47529"}],"wp:featuredmedia":[{"embeddable":true,"href":"https:\/\/metal-badge.ch\/it\/wp-json\/wp\/v2\/media\/88110"}],"wp:attachment":[{"href":"https:\/\/metal-badge.ch\/it\/wp-json\/wp\/v2\/media?parent=47529"}],"wp:term":[{"taxonomy":"product_brand","embeddable":true,"href":"https:\/\/metal-badge.ch\/it\/wp-json\/wp\/v2\/product_brand?post=47529"},{"taxonomy":"product_cat","embeddable":true,"href":"https:\/\/metal-badge.ch\/it\/wp-json\/wp\/v2\/product_cat?post=47529"},{"taxonomy":"product_tag","embeddable":true,"href":"https:\/\/metal-badge.ch\/it\/wp-json\/wp\/v2\/product_tag?post=47529"}],"curies":[{"name":"wp","href":"https:\/\/api.w.org\/{rel}","templated":true}]}}