{"id":47497,"date":"2019-07-16T19:19:57","date_gmt":"2019-07-16T19:19:57","guid":{"rendered":"https:\/\/shop.metal-badge.ch\/?product=borsa-tattica-a-tracolla-o-per-il-petto-in-colore-verde-olivo"},"modified":"2019-07-16T19:28:17","modified_gmt":"2019-07-16T19:28:17","slug":"borsa-tattica-a-tracolla-o-per-il-petto-in-colore-verde-olivo","status":"publish","type":"product","link":"https:\/\/metal-badge.ch\/it\/product\/47497\/borsa-tattica-a-tracolla-o-per-il-petto-in-colore-verde-olivo\/","title":{"rendered":"Borsa tattica a tracolla o per il petto in colore verde olivo"},"content":{"rendered":"<p>Zaino tattico universale in materiale Nylon Oxford 600D. Questa sacca robusta e resistente \u00e8 dotata di doppia chiusura lampo a tutta lunghezza. Dotato di un grande comparto principale, due comparti interni separati, e, inoltre, di un comparto grande e uno pi\u00f9 piccolo all&#8217;esterno, entrambi con chiusura lampo. La sacca \u00e8 dotata esternamente di una tasca in velcro per distintivi da 11cm x 5cm, nonch\u00e9 di un chest rig Molle sul davanti e sui lati. Questo piccolo ma spazioso <strong>Sling Pack<\/strong> \u00e8 disponibile con un singolo marsupio ed \u00e8 provvisto di un eventuale attacco alternativo a destra o a sinistra. Pu\u00f2 essere portato sia dietro, come zaino, che come sacca sul davanti. Una tasca Tech inserita nella bandoliera \u00e8 adatta per un cellulare o un iPod e un inserto a portata di mano sul retro dello zaino offre eventuali nascondigli. Inoltre la sacca \u00e8 provvista di un manico e diversi punti di aggancio. Il materiale idrorepellente dello Sling Pack \u00e8 imbottito sul retro e provvisto di un inserto in rete antiscivolo.<\/p>\n<p>\u00a0<\/p>\n<p><strong>Informazioni prodotto:<\/strong><br \/>\nPeso: 380 gr.<br \/>\nMateriale: Nylon Oxford 600 D, idrorepellente<br \/>\nColore: verde olivo<br \/>\nManico e Bandoliera regolabile<br \/>\nRobusto e resistente<br \/>\nDimensioni comparto principale: L x B x T \/\/ 30cm x 22cm x 13 cm<br \/>\nComparto sul davanti: L x B x T \/\/ 17 cm x 17 cm x 4 cm<br \/>\nComparto nascosto con sistema TacTec (Fondina)\u00a0<br \/>\nTasca in velcro per distintivi<\/p>\n","protected":false},"excerpt":{"rendered":"<p>Zaino tattico universale in materiale Nylon Oxford 600D. Questa sacca robusta e resistente \u00e8 dotata di doppia chiusura lampo a tutta lunghezza. Dotato di un grande comparto principale, due comparti interni separati, e, inoltre, di un comparto grande e uno pi\u00f9 piccolo all&#8217;esterno, entrambi con chiusura lampo. La sacca \u00e8 dotata esternamente di una tasca [&hellip;]<\/p>\n","protected":false},"featured_media":71101,"comment_status":"open","ping_status":"closed","template":"","meta":{"inline_featured_image":false},"product_brand":[],"product_cat":[1060,1651,1814,1436],"product_tag":[1770,1774,1778,1766],"class_list":{"0":"post-47497","1":"product","2":"type-product","3":"status-publish","4":"has-post-thumbnail","6":"product_cat-borse","7":"product_cat-borse-da-azione","8":"product_cat-borse-per-il-trasporto-da-viaggio","9":"product_cat-campeggio-viaggio","10":"product_tag-army-survival-it","11":"product_tag-caccia-pesca","12":"product_tag-campeggio-viaggio","13":"product_tag-sport-outdoor-it","15":"first","16":"instock","17":"taxable","18":"shipping-taxable","19":"purchasable","20":"product-type-simple"},"_links":{"self":[{"href":"https:\/\/metal-badge.ch\/it\/wp-json\/wp\/v2\/product\/47497","targetHints":{"allow":["GET"]}}],"collection":[{"href":"https:\/\/metal-badge.ch\/it\/wp-json\/wp\/v2\/product"}],"about":[{"href":"https:\/\/metal-badge.ch\/it\/wp-json\/wp\/v2\/types\/product"}],"replies":[{"embeddable":true,"href":"https:\/\/metal-badge.ch\/it\/wp-json\/wp\/v2\/comments?post=47497"}],"wp:featuredmedia":[{"embeddable":true,"href":"https:\/\/metal-badge.ch\/it\/wp-json\/wp\/v2\/media\/71101"}],"wp:attachment":[{"href":"https:\/\/metal-badge.ch\/it\/wp-json\/wp\/v2\/media?parent=47497"}],"wp:term":[{"taxonomy":"product_brand","embeddable":true,"href":"https:\/\/metal-badge.ch\/it\/wp-json\/wp\/v2\/product_brand?post=47497"},{"taxonomy":"product_cat","embeddable":true,"href":"https:\/\/metal-badge.ch\/it\/wp-json\/wp\/v2\/product_cat?post=47497"},{"taxonomy":"product_tag","embeddable":true,"href":"https:\/\/metal-badge.ch\/it\/wp-json\/wp\/v2\/product_tag?post=47497"}],"curies":[{"name":"wp","href":"https:\/\/api.w.org\/{rel}","templated":true}]}}