{"id":47473,"date":"2019-07-16T15:44:24","date_gmt":"2019-07-16T15:44:24","guid":{"rendered":"https:\/\/shop.metal-badge.ch\/?product=sistema-di-idratazione-serbatoio-da-20-litri"},"modified":"2020-09-29T17:45:51","modified_gmt":"2020-09-29T15:45:51","slug":"sistema-di-idratazione-serbatoio-da-20-litri-2","status":"publish","type":"product","link":"https:\/\/metal-badge.ch\/it\/product\/47473\/sistema-di-idratazione-serbatoio-da-20-litri-2\/","title":{"rendered":"Sistema di idratazione &#8211; serbatoio da 2,0 litri"},"content":{"rendered":"<p>Sistema di idratazione per zaini da bici in poliuretano igienico, approvato dalla FDA. Questo sistema di idratazione estremamente piatto \u00e8 adatto a tutti gli zaini e le borse. Mantiene la sua forma indipendentemente da quanto \u00e8 pieno grazie alla parete di stabilizzazione Baffle Wall. Con il grande tappo a vite, il serbatoio \u00e8 facile da riempire. Tubo per bere lungo e insapore, con valvola a morso a 90 gradi. Il tubo \u00e8 multistrato e quindi a prova di schiacciamento. Funziona anche con altri zaini. Con il nostro zaino basta inserire il serbatoio d&#8217;acqua nello scomparto interno.<\/p>\n<p>\n<strong>Informazioni sul prodotto:<\/strong><br \/>\nTipo: sistema di idratazione \/ serbatoio<br \/>\nDimensioni: altezza 30 cm, larghezza 17 cm<br \/>\nVolume: 2 litri<br \/>\nMateriale: poliuretano molto durevole<br \/>\nFacile da riempire<br \/>\nCon tappo a vite<br \/>\nTubo per bere di 100 cm<br \/>\nBoccaglio con valvola a morso<br \/>\nAdatto a tutti gli zaini e le borse<\/p>\n","protected":false},"excerpt":{"rendered":"<p>Sistema di idratazione per zaini da bici in poliuretano igienico, approvato dalla FDA. Questo sistema di idratazione estremamente piatto \u00e8 adatto a tutti gli zaini e le borse. Mantiene la sua forma indipendentemente da quanto \u00e8 pieno grazie alla parete di stabilizzazione Baffle Wall. Con il grande tappo a vite, il serbatoio \u00e8 facile da [&hellip;]<\/p>\n","protected":false},"featured_media":47469,"comment_status":"open","ping_status":"closed","template":"","meta":{"inline_featured_image":false},"product_brand":[],"product_cat":[1256],"product_tag":[1770,1774,1778,1766],"class_list":{"0":"post-47473","1":"product","2":"type-product","3":"status-publish","4":"has-post-thumbnail","6":"product_cat-zaini-e-sistemi-per-bere","7":"product_tag-army-survival-it","8":"product_tag-caccia-pesca","9":"product_tag-campeggio-viaggio","10":"product_tag-sport-outdoor-it","12":"first","13":"instock","14":"taxable","15":"shipping-taxable","16":"purchasable","17":"product-type-simple"},"_links":{"self":[{"href":"https:\/\/metal-badge.ch\/it\/wp-json\/wp\/v2\/product\/47473","targetHints":{"allow":["GET"]}}],"collection":[{"href":"https:\/\/metal-badge.ch\/it\/wp-json\/wp\/v2\/product"}],"about":[{"href":"https:\/\/metal-badge.ch\/it\/wp-json\/wp\/v2\/types\/product"}],"replies":[{"embeddable":true,"href":"https:\/\/metal-badge.ch\/it\/wp-json\/wp\/v2\/comments?post=47473"}],"wp:featuredmedia":[{"embeddable":true,"href":"https:\/\/metal-badge.ch\/it\/wp-json\/wp\/v2\/media\/47469"}],"wp:attachment":[{"href":"https:\/\/metal-badge.ch\/it\/wp-json\/wp\/v2\/media?parent=47473"}],"wp:term":[{"taxonomy":"product_brand","embeddable":true,"href":"https:\/\/metal-badge.ch\/it\/wp-json\/wp\/v2\/product_brand?post=47473"},{"taxonomy":"product_cat","embeddable":true,"href":"https:\/\/metal-badge.ch\/it\/wp-json\/wp\/v2\/product_cat?post=47473"},{"taxonomy":"product_tag","embeddable":true,"href":"https:\/\/metal-badge.ch\/it\/wp-json\/wp\/v2\/product_tag?post=47473"}],"curies":[{"name":"wp","href":"https:\/\/api.w.org\/{rel}","templated":true}]}}