{"id":47398,"date":"2019-07-09T16:18:07","date_gmt":"2019-07-09T16:18:07","guid":{"rendered":"https:\/\/shop.metal-badge.ch\/?product=fondina-per-il-bacino-per-pistola-versione-destra-o-sinistra"},"modified":"2019-07-18T17:21:16","modified_gmt":"2019-07-18T17:21:16","slug":"fondina-per-il-bacino-per-pistola-versione-destra-o-sinistra","status":"publish","type":"product","link":"https:\/\/metal-badge.ch\/it\/product\/47398\/fondina-per-il-bacino-per-pistola-versione-destra-o-sinistra\/","title":{"rendered":"Fondina per il bacino per pistola versione destra o sinistra"},"content":{"rendered":"<p>Questa fondina per il bacino pu\u00f2 essere indossata sopra o sotto una giacca o anche a diretto contatto con la pelle. La cintura in neoprene elastico \u00e8 traspirante. Comoda da indossare, parte interna leggermente imbottita. Questa fondina elastica \u00e8 dotata di un porta caricatore. Disponibile in versione destra o sinistra, vedi ordine. Adatta a tutte le comuni pistole.<\/p>\n<p><strong>Informazioni prodotto:<\/strong><br \/>\nModello: fondina per il bacino PD013<br \/>\nFondina in neoprene traspirante e nylon<br \/>\nColore: nero<br \/>\nDimensioni: altezza 13 cm x 113 cm cm elastica, lunghezza totale 125 cm<br \/>\nCon porta pistola e richiudibile con elastico<br \/>\nBuona tenuta dell\u2019arma<br \/>\nTasca per caricatore<br \/>\nElastica con robusto velcro<\/p>\n","protected":false},"excerpt":{"rendered":"<p>Questa fondina per il bacino pu\u00f2 essere indossata sopra o sotto una giacca o anche a diretto contatto con la pelle. La cintura in neoprene elastico \u00e8 traspirante. Comoda da indossare, parte interna leggermente imbottita. Questa fondina elastica \u00e8 dotata di un porta caricatore. Disponibile in versione destra o sinistra, vedi ordine. Adatta a tutte [&hellip;]<\/p>\n","protected":false},"featured_media":88132,"comment_status":"open","ping_status":"closed","template":"","meta":{"inline_featured_image":false},"product_brand":[],"product_cat":[1348,1480],"product_tag":[1770,1774,1782],"class_list":{"0":"post-47398","1":"product","2":"type-product","3":"status-publish","4":"has-post-thumbnail","6":"product_cat-accessori-per-esercito-caccia","7":"product_cat-fondine","8":"product_tag-army-survival-it","9":"product_tag-caccia-pesca","10":"product_tag-polizia-sicurezza","12":"first","13":"instock","14":"taxable","15":"shipping-taxable","16":"purchasable","17":"product-type-simple"},"_links":{"self":[{"href":"https:\/\/metal-badge.ch\/it\/wp-json\/wp\/v2\/product\/47398","targetHints":{"allow":["GET"]}}],"collection":[{"href":"https:\/\/metal-badge.ch\/it\/wp-json\/wp\/v2\/product"}],"about":[{"href":"https:\/\/metal-badge.ch\/it\/wp-json\/wp\/v2\/types\/product"}],"replies":[{"embeddable":true,"href":"https:\/\/metal-badge.ch\/it\/wp-json\/wp\/v2\/comments?post=47398"}],"wp:featuredmedia":[{"embeddable":true,"href":"https:\/\/metal-badge.ch\/it\/wp-json\/wp\/v2\/media\/88132"}],"wp:attachment":[{"href":"https:\/\/metal-badge.ch\/it\/wp-json\/wp\/v2\/media?parent=47398"}],"wp:term":[{"taxonomy":"product_brand","embeddable":true,"href":"https:\/\/metal-badge.ch\/it\/wp-json\/wp\/v2\/product_brand?post=47398"},{"taxonomy":"product_cat","embeddable":true,"href":"https:\/\/metal-badge.ch\/it\/wp-json\/wp\/v2\/product_cat?post=47398"},{"taxonomy":"product_tag","embeddable":true,"href":"https:\/\/metal-badge.ch\/it\/wp-json\/wp\/v2\/product_tag?post=47398"}],"curies":[{"name":"wp","href":"https:\/\/api.w.org\/{rel}","templated":true}]}}