{"id":47326,"date":"2019-07-09T11:28:45","date_gmt":"2019-07-09T11:28:45","guid":{"rendered":"https:\/\/shop.metal-badge.ch\/?product=lampada-frontale-per-bicicletta-power-led-bike-3000-lumen-3x-cree-xm-l-t6"},"modified":"2019-07-09T11:43:30","modified_gmt":"2019-07-09T11:43:30","slug":"lampada-frontale-per-bicicletta-power-led-bike-3000-lumen-3x-cree-xm-l-t6","status":"publish","type":"product","link":"https:\/\/metal-badge.ch\/it\/product\/47326\/lampada-frontale-per-bicicletta-power-led-bike-3000-lumen-3x-cree-xm-l-t6\/","title":{"rendered":"Lampada frontale per bicicletta Power LED Bike 3000 Lumen 3x CREE XM-L T6"},"content":{"rendered":"<p>La nuova versione a 1 LED tipo 3x CREE XM-L T6 ha una potenza maggiore e consumo energetico inferiore. Lampada con 4 livelli di regolazione, da 160 Lumen a 3000 Lumen con un&#8217;autonomia di circa 2 ore alla max. potenza di 3000 Lumen. A 160 Lumen autonomia fino a 6 ore, in modalit\u00e0 media a 1800 Lumen autonomia fino a 3,5 ore. Il livello quattro \u00e8 riservato alla modalit\u00e0 di lampeggio. Il riflettore in alluminio offre un raggio di illuminazione piuttosto ampio e a lunga portata. L&#8217;alloggiamento in alluminio fresato a CNC \u00e8 anodizzato nero. Le generose alette di raffreddamento, garantiscono una buona dissipazione del calore. Il regolatore elettronico controlla la potenza assorbita e la limita automaticamente se necessario (ad es. in caso di fermo). Si evita cos\u00ec il surriscaldamento dei componenti. La lampada e la batteria sono isolati dagli schizzi e insensibili alla pioggia e al fango. La confezione include 2 diversi anelli in gomma per fissare la lampada al manubrio o alla fascia frontale in dotazione. Il pacco batteria \u00e8 costituito da una batteria agli ioni di litio (1 Battery Pack da 8.4v 4400 mAh). La lampada e il caricatore sono collegati tramite un semplice connettore a spina. Autonomia: circa 2-6 ore a seconda del livello di illuminazione. L&#8217;accensione viene effettuata tramite un interruttore centrale illuminato con funzione di controllo del livello della batteria. Una cover in silicone protegge la batteria dall&#8217;umidit\u00e0; inoltre, viene fornita una pratica custodia in nylon che pu\u00f2 essere fissata al telaio o al manubrio della bicicletta con una fascetta in velcro. Se la si usa come lampa frontale, la batteria pu\u00f2 essere riposta nello zaino o nella tasca della giacca, visto che la lunghezza del cavo lo permette.<\/p>\n<p>Sono possibili le seguenti 4 modalit\u00e0 di illuminazione:<br \/>\n&#8211; Potenza piena<br \/>\n&#8211; Potenza media<br \/>\n&#8211; Potenza minima<br \/>\n&#8211; Modalit\u00e0 lampeggiante<\/p>\n<p><strong>Dati tecnici:<\/strong><br \/>\nModello: HT03<br \/>\nPeso lampada: 110 gr.<br \/>\nPeso totale incl. batteria e custodia 310 gr.<br \/>\nFlusso luminoso: max. 3000 Lumen (3x CREE XM-L T6))<br \/>\nBatteria: ioni di litio 8.4v 4400 mAh<br \/>\nLunghezza del cavo ca. 120 cm<\/p>\n<p><strong>Contenuto della confezione:<\/strong><br \/>\nLampada ad alta potenza a 1 LED CREE XM-L T6 max. 3000 Lm<br \/>\nPacco batteria con batteria al litio in custodia di nylon (190 gr.)<br \/>\nCaricatore con spina CH (100-240V)<br \/>\nFascia regolabile per l&#8217;applicazione in fronte o sul casco<br \/>\n2 anelli di gomma per il fissaggio al manubrio o alla fascia frontale<\/p>\n<p>Attenzione: la luce della bicicletta \u00e8 molto forte. Evitare di dirigerla verso gli occhi di persone o animali.<\/p>\n","protected":false},"excerpt":{"rendered":"<p>La nuova versione a 1 LED tipo 3x CREE XM-L T6 ha una potenza maggiore e consumo energetico inferiore. Lampada con 4 livelli di regolazione, da 160 Lumen a 3000 Lumen con un&#8217;autonomia di circa 2 ore alla max. potenza di 3000 Lumen. A 160 Lumen autonomia fino a 6 ore, in modalit\u00e0 media a [&hellip;]<\/p>\n","protected":false},"featured_media":88144,"comment_status":"open","ping_status":"closed","template":"","meta":{"inline_featured_image":false},"product_brand":[],"product_cat":[1344],"product_tag":[1770,1778,1864,1766],"class_list":{"0":"post-47326","1":"product","2":"type-product","3":"status-publish","4":"has-post-thumbnail","6":"product_cat-lampade-lampadina-tascabile","7":"product_tag-army-survival-it","8":"product_tag-campeggio-viaggio","9":"product_tag-lampade-frontale","10":"product_tag-sport-outdoor-it","12":"first","13":"instock","14":"taxable","15":"shipping-taxable","16":"purchasable","17":"product-type-simple"},"_links":{"self":[{"href":"https:\/\/metal-badge.ch\/it\/wp-json\/wp\/v2\/product\/47326","targetHints":{"allow":["GET"]}}],"collection":[{"href":"https:\/\/metal-badge.ch\/it\/wp-json\/wp\/v2\/product"}],"about":[{"href":"https:\/\/metal-badge.ch\/it\/wp-json\/wp\/v2\/types\/product"}],"replies":[{"embeddable":true,"href":"https:\/\/metal-badge.ch\/it\/wp-json\/wp\/v2\/comments?post=47326"}],"wp:featuredmedia":[{"embeddable":true,"href":"https:\/\/metal-badge.ch\/it\/wp-json\/wp\/v2\/media\/88144"}],"wp:attachment":[{"href":"https:\/\/metal-badge.ch\/it\/wp-json\/wp\/v2\/media?parent=47326"}],"wp:term":[{"taxonomy":"product_brand","embeddable":true,"href":"https:\/\/metal-badge.ch\/it\/wp-json\/wp\/v2\/product_brand?post=47326"},{"taxonomy":"product_cat","embeddable":true,"href":"https:\/\/metal-badge.ch\/it\/wp-json\/wp\/v2\/product_cat?post=47326"},{"taxonomy":"product_tag","embeddable":true,"href":"https:\/\/metal-badge.ch\/it\/wp-json\/wp\/v2\/product_tag?post=47326"}],"curies":[{"name":"wp","href":"https:\/\/api.w.org\/{rel}","templated":true}]}}