{"id":47315,"date":"2019-07-09T11:07:06","date_gmt":"2019-07-09T11:07:06","guid":{"rendered":"https:\/\/shop.metal-badge.ch\/?product=lampada-frontale-per-bicicletta-power-led-bike-1x-cree-xm-l-t6-led2-cree-xp-e-q5led"},"modified":"2019-07-09T11:08:24","modified_gmt":"2019-07-09T11:08:24","slug":"lampada-frontale-per-bicicletta-power-led-bike-1x-cree-xm-l-t6-led2-cree-xp-e-q5led","status":"publish","type":"product","link":"https:\/\/metal-badge.ch\/it\/product\/47315\/lampada-frontale-per-bicicletta-power-led-bike-1x-cree-xm-l-t6-led2-cree-xp-e-q5led\/","title":{"rendered":"Lampada frontale per bicicletta Power LED Bike 1x Cree XM-L T6 LED+2 Cree XP-E Q5LED"},"content":{"rendered":"<p>Lampada frontale e lampada per bicicletta in uno, con il LED tipo 1x Cree XM-L T6 LED +2x Cree XP-E Q5LED regolabile a 4 livelli, da minimo 300 Lumen con autonomia fino a 12 ore, al secondo livello da 600 Lumen con autonomia fino a 6 ore e il terzo livello da 2000 Lumen con autonomia fino a 5 ore. Il quarto livello \u00e8 riservato alla modalit\u00e0 lampeggiante. Il riflettore in alluminio con le 3 lampade garantisce una raggio di illuminazione piuttosto ampio e una portata fino a 100 metri. Le luci laterali possono essere orientate verso il basso o verso l&#8217;alto con un&#8217;angolazione fino a 180\u00b0. La lampada viene comandata comodamente premendo un pulsante in alto. La lampada e la batteria sono isolati dagli schizzi e insensibili alla pioggia e al fango. La lampada si stacca facilmente dalla fascia frontale in dotazione per essere applicata al manubrio della bicicletta con l&#8217;anello in plastica incluso nella fornitura. V. foto. Il pacco batteria \u00e8 costituito da una batteria agli ioni di litio (Battery Pack Li-ion 18650 \/ 3000 mAh). La batteria \u00e8 protetta da una cover in silicone contro l&#8217;umidit\u00e0. Il lampada frontale \u00e8 molto confortevole da indossare e si adatta alla testa tramite le fasce elastiche.<\/p>\n<p><strong>Dati tecnici:<\/strong><br \/>\nModello: HT2R-2<br \/>\nMateriale: alluminio e plastica ABS<br \/>\nPeso lampada: 174 gr.<br \/>\nFlusso luminoso: max. 2000 Lumen (1xCree XM-L T6 LED +2 Cree XP-E Q5LED)<br \/>\nBatteria: ioni di litio 8.4v Li-ion 18650 3000 mAh<br \/>\nSono disponibili 4 modalit\u00e0 di illuminazione<\/p>\n<p><strong>Contenuto della confezione:<\/strong><br \/>\nPacco batteria con 2 batterie al litio<br \/>\nAnello di fissaggio al manubrio della bicicletta<br \/>\nCaricatore con spina CH (100-240V)<br \/>\nConnettore per auto<br \/>\nFascia regolabile per l&#8217;applicazione in fronte o sul casco<\/p>\n<p>Attenzione: la luce della bicicletta \u00e8 molto forte. Evitare di dirigerla verso gli occhi di persone o animali.<\/p>\n","protected":false},"excerpt":{"rendered":"<p>Lampada frontale e lampada per bicicletta in uno, con il LED tipo 1x Cree XM-L T6 LED +2x Cree XP-E Q5LED regolabile a 4 livelli, da minimo 300 Lumen con autonomia fino a 12 ore, al secondo livello da 600 Lumen con autonomia fino a 6 ore e il terzo livello da 2000 Lumen con [&hellip;]<\/p>\n","protected":false},"featured_media":88146,"comment_status":"open","ping_status":"closed","template":"","meta":{"inline_featured_image":false},"product_brand":[],"product_cat":[1344],"product_tag":[1770,1778,1864,1766],"class_list":{"0":"post-47315","1":"product","2":"type-product","3":"status-publish","4":"has-post-thumbnail","6":"product_cat-lampade-lampadina-tascabile","7":"product_tag-army-survival-it","8":"product_tag-campeggio-viaggio","9":"product_tag-lampade-frontale","10":"product_tag-sport-outdoor-it","12":"first","13":"instock","14":"taxable","15":"shipping-taxable","16":"purchasable","17":"product-type-simple"},"_links":{"self":[{"href":"https:\/\/metal-badge.ch\/it\/wp-json\/wp\/v2\/product\/47315","targetHints":{"allow":["GET"]}}],"collection":[{"href":"https:\/\/metal-badge.ch\/it\/wp-json\/wp\/v2\/product"}],"about":[{"href":"https:\/\/metal-badge.ch\/it\/wp-json\/wp\/v2\/types\/product"}],"replies":[{"embeddable":true,"href":"https:\/\/metal-badge.ch\/it\/wp-json\/wp\/v2\/comments?post=47315"}],"wp:featuredmedia":[{"embeddable":true,"href":"https:\/\/metal-badge.ch\/it\/wp-json\/wp\/v2\/media\/88146"}],"wp:attachment":[{"href":"https:\/\/metal-badge.ch\/it\/wp-json\/wp\/v2\/media?parent=47315"}],"wp:term":[{"taxonomy":"product_brand","embeddable":true,"href":"https:\/\/metal-badge.ch\/it\/wp-json\/wp\/v2\/product_brand?post=47315"},{"taxonomy":"product_cat","embeddable":true,"href":"https:\/\/metal-badge.ch\/it\/wp-json\/wp\/v2\/product_cat?post=47315"},{"taxonomy":"product_tag","embeddable":true,"href":"https:\/\/metal-badge.ch\/it\/wp-json\/wp\/v2\/product_tag?post=47315"}],"curies":[{"name":"wp","href":"https:\/\/api.w.org\/{rel}","templated":true}]}}