{"id":47304,"date":"2019-07-09T08:50:34","date_gmt":"2019-07-09T08:50:34","guid":{"rendered":"https:\/\/shop.metal-badge.ch\/?product=lampada-frontale-per-bicicletta-power-led-bike-2x-cree-xm-lt6-led-blu"},"modified":"2019-07-09T09:04:35","modified_gmt":"2019-07-09T09:04:35","slug":"lampada-frontale-per-bicicletta-power-led-bike-2x-cree-xm-lt6-led-blu","status":"publish","type":"product","link":"https:\/\/metal-badge.ch\/it\/product\/47304\/lampada-frontale-per-bicicletta-power-led-bike-2x-cree-xm-lt6-led-blu\/","title":{"rendered":"Lampada frontale per bicicletta Power LED Bike 2x Cree XM-LT6 + LED blu"},"content":{"rendered":"<p>Lampada frontale e lampada per bicicletta in uno, con LED tipo 2x Cree XM-LT6 + LED blu. Per questa lampada \u00e8 possibile impostare un totale di 9 diversi livelli di illuminazione tramite il pulsante superiore. Entrambe le lampade sono al livello pi\u00f9 alto nella gamma da 1200 Lumen. La lampada di sinistra \u00e8 dotata di una luce blu, LED e pu\u00f2 funzionare a 3 livelli, a 800 Lumen nel livello 1 e 1200 nel livello 2 e come luce stroboscopica nel livello 3. Lo stesso vale per il lato destro con luce bianca. Inoltre, entrambe le lampade possono essere utilizzate contemporaneamente con le stesse 3 funzioni. I due interruttori basculanti laterali comandano lo zoom del fascio di luce, concentrandolo o ampliandolo. Inoltre, la lampada si inclina a un angolo di 90\u00b0. La lampada ha una portata fino a 100 metri. La lampada e la batteria sono isolati dagli schizzi e insensibili alla pioggia e al fango. La lampada si stacca facilmente dalla fascia frontale in dotazione per essere applicata al manubrio della bicicletta con l&#8217;anello in plastica incluso nella fornitura. V. foto. Il pacco batteria \u00e8 costituito da una batteria agli ioni di litio (Battery Pack Li-ion 18650 \/ 3000 mAh). La batteria \u00e8 protetta da una cover in plastica contro l&#8217;umidit\u00e0. Il lampada frontale \u00e8 molto confortevole da indossare e si adatta alla testa tramite le fasce elastiche. Il pacco batteria pu\u00f2 essere ricaricato in qualsiasi momento tramite la presa USB, direttamente attraverso l&#8217;apertura sotto la guarnizione in gomma. Pertanto, durante la ricarica, le batterie possono rimanere nella cover di protezione.<\/p>\n<p><strong>Dati tecnici:<\/strong><br \/>\nModello: HT2D-B<br \/>\nMateriale: alluminio e plastica ABS<br \/>\nPeso lampada: 280 gr.<br \/>\nFlusso luminoso: max. 1200 Lumen (2x Cree XM-LT6 + LED blu)<br \/>\nBatteria: ioni di litio 8.4v Li-ion 18650 3000 mAh<br \/>\nSono disponibili 4 modalit\u00e0 di illuminazione<\/p>\n<p><strong>Contenuto della confezione:<\/strong><br \/>\nPacco batteria con batteria al litio 2 pezzi e custodia in nylon<br \/>\nAnello di fissaggio al manubrio della bicicletta<br \/>\nCaricatore con spina CH (100-240V)<br \/>\nFascia regolabile per l&#8217;applicazione in fronte o sul casco<\/p>\n<p>Attenzione: la luce della bicicletta \u00e8 molto forte. Evitare di dirigerla verso gli occhi di persone o animali.<\/p>\n","protected":false},"excerpt":{"rendered":"<p>Lampada frontale e lampada per bicicletta in uno, con LED tipo 2x Cree XM-LT6 + LED blu. Per questa lampada \u00e8 possibile impostare un totale di 9 diversi livelli di illuminazione tramite il pulsante superiore. Entrambe le lampade sono al livello pi\u00f9 alto nella gamma da 1200 Lumen. La lampada di sinistra \u00e8 dotata di [&hellip;]<\/p>\n","protected":false},"featured_media":88148,"comment_status":"open","ping_status":"closed","template":"","meta":{"inline_featured_image":false},"product_brand":[],"product_cat":[1344],"product_tag":[1770,1778,1864,1766],"class_list":{"0":"post-47304","1":"product","2":"type-product","3":"status-publish","4":"has-post-thumbnail","6":"product_cat-lampade-lampadina-tascabile","7":"product_tag-army-survival-it","8":"product_tag-campeggio-viaggio","9":"product_tag-lampade-frontale","10":"product_tag-sport-outdoor-it","12":"first","13":"instock","14":"taxable","15":"shipping-taxable","16":"purchasable","17":"product-type-simple"},"_links":{"self":[{"href":"https:\/\/metal-badge.ch\/it\/wp-json\/wp\/v2\/product\/47304","targetHints":{"allow":["GET"]}}],"collection":[{"href":"https:\/\/metal-badge.ch\/it\/wp-json\/wp\/v2\/product"}],"about":[{"href":"https:\/\/metal-badge.ch\/it\/wp-json\/wp\/v2\/types\/product"}],"replies":[{"embeddable":true,"href":"https:\/\/metal-badge.ch\/it\/wp-json\/wp\/v2\/comments?post=47304"}],"wp:featuredmedia":[{"embeddable":true,"href":"https:\/\/metal-badge.ch\/it\/wp-json\/wp\/v2\/media\/88148"}],"wp:attachment":[{"href":"https:\/\/metal-badge.ch\/it\/wp-json\/wp\/v2\/media?parent=47304"}],"wp:term":[{"taxonomy":"product_brand","embeddable":true,"href":"https:\/\/metal-badge.ch\/it\/wp-json\/wp\/v2\/product_brand?post=47304"},{"taxonomy":"product_cat","embeddable":true,"href":"https:\/\/metal-badge.ch\/it\/wp-json\/wp\/v2\/product_cat?post=47304"},{"taxonomy":"product_tag","embeddable":true,"href":"https:\/\/metal-badge.ch\/it\/wp-json\/wp\/v2\/product_tag?post=47304"}],"curies":[{"name":"wp","href":"https:\/\/api.w.org\/{rel}","templated":true}]}}