{"id":47234,"date":"2019-07-04T16:25:35","date_gmt":"2019-07-04T16:25:35","guid":{"rendered":"https:\/\/shop.metal-badge.ch\/?product=cuffia-nera-senza-fili-i7s-tws"},"modified":"2019-07-04T16:42:23","modified_gmt":"2019-07-04T16:42:23","slug":"cuffia-nera-senza-fili-i7s-tws","status":"publish","type":"product","link":"https:\/\/metal-badge.ch\/it\/product\/47234\/cuffia-nera-senza-fili-i7s-tws\/","title":{"rendered":"Cuffia nera senza fili i7s TWS"},"content":{"rendered":"<p>Semplice e senza fili<br \/>\nLe i7s della HBQ sono delle cuffie Bluetooth senza fili simili alle AirPods della Apple. Le cuffie sono compatibili con tutti i dispositivi Bluetooth e per un perfetto utilizzo \u00e8 meglio avere apparecchiature dotate di sistemi operativi Apple o Android. Premendo semplicemente il bottone di un auricolare la musica pu\u00f2 essere stoppata o riprodotta, si pu\u00f2 spegnere il sistema oppure passare al brano successivo \u2013 tutto ci\u00f2 senza dover far nulla dal dispositivo mobile il quale pu\u00f2 rimanere in tasca oppure anche a 10 m di distanza.<br \/>\nGli auricolari i7S TWS si mantengono stabilmente nelle orecchie grazie al peso ridotto anche in caso di movimenti improvvisi. Essi sono stati testati pi\u00f9 volta dagli sportivi e sono molto amati grazie alla libert\u00e0 di movimento che consentono essendo senza fili.<br \/>\nL\u2019astuccio con un design trendy funge al tempo stesso da caricarore: quando gli auricolari vengono inseriti vengono ricaricati. In tal modo potete ricaricarli anche strada facendo. L\u2019astuccio ha una batteria che \u00e8 pi\u00f9 di 10 volte pi\u00f9 potente di quella degli auricolari stessi e pu\u00f2 essere caricato utilizzando il cavetto usb in dotazione.<\/p>\n<p><strong>Confezione<\/strong><br \/>\n2 auricolari di colore bianco o nero<br \/>\n1 astuccio per la ricarica di colore bianco, per gli auricolari neri anche l\u2019astuccio sar\u00e0 nero<br \/>\n1 cavetto USB per la ricarica dell\u2019astuccio<br \/>\n1 libretto di istruzioni<br \/>\nPortata Bluetooth: 12 Meter (*)<br \/>\nDurata della batteria degli auricolari in riproduzione: 4-5 ore (*)<br \/>\nDurata della batteria degli auticolari in stand-by: 60 ore<br \/>\nVersione Bluetooth: V4.2+EDR (entrambi gli auricolari)<br \/>\nFrequenza Bluetooth: 2,4 GHZ<br \/>\nPeso di 1 auricolare: 4 g<br \/>\nPeso astuccio per la ricarica: 35 g<\/p>\n<p><strong>Funzioni e istruzioni<\/strong><br \/>\nAccendere gli auricolari: premete contemporaneamente il bottone multifunzione di entrambi gli auricolari contemporaneamente fino a quando il led non inizia a lampeggiare in rosso e blu alternativamente. Sentirete un messaggio vocale &#8220;Power on&#8221;. Nel caso in cui il collegamento Bluetooth non sia ancora avvenuto automaticamente collecare il dispositivo portatile con &#8220;tws-i7&#8221;.<br \/>\nSpegnere gli auricolari: premete contemporaneamente il bottone multifunzione di entrambi gli auricolare fino a quando non si spegne il led. Sentirete un messaggio vocale &#8220;Power off&#8221;.<br \/>\nRiprodurre o mettere in pausa la musica: premete il bottone multifunzione di uno dei due auricolari. Non sentirete alcun messaggio vocale.<br \/>\nRiprodurre la prossima canzone: premete il bottone multifunzione di uno dei due auricolari a lungo. Non sentirete alcun messaggio vocale.<br \/>\nRiseleziopnare l\u2019ultima chiamata: Premete il bottone multifunzione di uno die due auricolari per due volte rapidamente. Quando la batteria sta per esaurirsi la cuffia i7S TWS informa per tre volte con il messaggio &#8220;Battery low&#8221; prima di spegnersi alla quarta volta. Sentirete un messaggio vocale &#8220;Disconnected, power off&#8221;. Astuccio led inferiore lampeggiante in rosso: astuccio in carica. Astuccio led inferiore acceso in rosso: astuccio carico. Astuccio led inferiore lampeggiante in blu: l\u2019astuccio carica gli auricolari. Astuccio led inferiore in blu si spegne: auricolari carichi. Durante la telefonata funziona soltanto il microfono e l\u2019altoparlante di UN auricolare. Il secondo auricolare si spegne durante la telefonata. Quando gli auricolari sono collegati al dispositivo mobile tutte le conversazioni vengono inoltrate agli auricolari. Gli auricolari sono ideali per essere utilizzati durante attivit\u00e0 sportive. Il microfono \u00e8 piazzato in un auricolare e la chiarezza durante le conversazioni data la distanza tra bocca e microfono e la posizione del microfono non \u00e8 ideale. L\u2019utilizzo principale dell\u2019auricolare \u00e8 per riprodurre la musica. Quando gli auricolari sono collegati tra loro ed in uso questo stato viene indicato con un lampeggiamento del led azzuro ogni 5 secondi.<\/p>\n","protected":false},"excerpt":{"rendered":"<p>Semplice e senza fili Le i7s della HBQ sono delle cuffie Bluetooth senza fili simili alle AirPods della Apple. Le cuffie sono compatibili con tutti i dispositivi Bluetooth e per un perfetto utilizzo \u00e8 meglio avere apparecchiature dotate di sistemi operativi Apple o Android. Premendo semplicemente il bottone di un auricolare la musica pu\u00f2 essere [&hellip;]<\/p>\n","protected":false},"featured_media":88156,"comment_status":"open","ping_status":"closed","template":"","meta":{"inline_featured_image":false},"product_brand":[],"product_cat":[1436],"product_tag":[1774,1778],"class_list":{"0":"post-47234","1":"product","2":"type-product","3":"status-publish","4":"has-post-thumbnail","6":"product_cat-campeggio-viaggio","7":"product_tag-caccia-pesca","8":"product_tag-campeggio-viaggio","10":"first","11":"instock","12":"taxable","13":"shipping-taxable","14":"purchasable","15":"product-type-simple"},"_links":{"self":[{"href":"https:\/\/metal-badge.ch\/it\/wp-json\/wp\/v2\/product\/47234","targetHints":{"allow":["GET"]}}],"collection":[{"href":"https:\/\/metal-badge.ch\/it\/wp-json\/wp\/v2\/product"}],"about":[{"href":"https:\/\/metal-badge.ch\/it\/wp-json\/wp\/v2\/types\/product"}],"replies":[{"embeddable":true,"href":"https:\/\/metal-badge.ch\/it\/wp-json\/wp\/v2\/comments?post=47234"}],"wp:featuredmedia":[{"embeddable":true,"href":"https:\/\/metal-badge.ch\/it\/wp-json\/wp\/v2\/media\/88156"}],"wp:attachment":[{"href":"https:\/\/metal-badge.ch\/it\/wp-json\/wp\/v2\/media?parent=47234"}],"wp:term":[{"taxonomy":"product_brand","embeddable":true,"href":"https:\/\/metal-badge.ch\/it\/wp-json\/wp\/v2\/product_brand?post=47234"},{"taxonomy":"product_cat","embeddable":true,"href":"https:\/\/metal-badge.ch\/it\/wp-json\/wp\/v2\/product_cat?post=47234"},{"taxonomy":"product_tag","embeddable":true,"href":"https:\/\/metal-badge.ch\/it\/wp-json\/wp\/v2\/product_tag?post=47234"}],"curies":[{"name":"wp","href":"https:\/\/api.w.org\/{rel}","templated":true}]}}