{"id":47209,"date":"2019-06-29T09:50:37","date_gmt":"2019-06-29T09:50:37","guid":{"rendered":"https:\/\/shop.metal-badge.ch\/?product=braccialetto-slap-per-la-vostra-sicurezza"},"modified":"2020-08-02T04:01:17","modified_gmt":"2020-08-02T04:01:17","slug":"braccialetto-slap-per-la-vostra-sicurezza","status":"publish","type":"product","link":"https:\/\/metal-badge.ch\/it\/product\/47209\/braccialetto-slap-per-la-vostra-sicurezza\/","title":{"rendered":"Braccialetto Slap per la vostra sicurezza"},"content":{"rendered":"<p>Questo braccialetto a LED \u00e8 un accessorio ideale per la vostra sicurezza, da indossare di notte o in situazioni climatiche avverse, per tutte le attivit\u00e0 all&#8217;aperto come jogging, ciclismo e equitazione. La luce a LED \u00e8 visibile gi\u00e0 da lontano. Con la semplice pressione di un tasto \u00e8 possibile impostare due funzioni. Modalit\u00e0 lampeggiante o luce fissa. La singola batteria a bottone CR 2016 pu\u00f2 essere sostituita. La durata di utilizzo \u00e8 molto elevata, corrisponde a circa 60 ore. Con una leggera pressione, il braccialetto a slap si adatta perfettamente al braccio, alla gamba ecc. Basta posizionarlo emente nel punto desiderato, applicare una leggera pressione e il braccialetto si avvolger\u00e0 correttamente. Il braccialetto a LED \u00e8 disponibile in 3 colori. Giallo, arancione e rosso.<\/p>\n<p><strong>Informazioni sul prodotto:<\/strong><br \/>\nBraccialetto a slap LED con batteria della durata di 60 ore<br \/>\nTaglia unica<br \/>\nMateriale: plastica \/ nylon<br \/>\nImpermeabile all&#8217;acqua<br \/>\nBatteria a bottone: CR 2016<br \/>\nColori: rosso, arancione, giallo<br \/>\nFunzioni: modalit\u00e0 lampeggiante o modalit\u00e0 luce continua. Con il semplice tocco di un pulsante<br \/>\nPeso: 34 g.<br \/>\nLunghezza: 34 cm<br \/>\nLarghezza: 3,5 cm<\/p>\n","protected":false},"excerpt":{"rendered":"<p>Questo braccialetto a LED \u00e8 un accessorio ideale per la vostra sicurezza, da indossare di notte o in situazioni climatiche avverse, per tutte le attivit\u00e0 all&#8217;aperto come jogging, ciclismo e equitazione. La luce a LED \u00e8 visibile gi\u00e0 da lontano. Con la semplice pressione di un tasto \u00e8 possibile impostare due funzioni. Modalit\u00e0 lampeggiante o [&hellip;]<\/p>\n","protected":false},"featured_media":88160,"comment_status":"open","ping_status":"closed","template":"","meta":{"inline_featured_image":false},"product_brand":[],"product_cat":[1348,1607,888,1344],"product_tag":[1770,1774,1782,1766],"class_list":{"0":"post-47209","1":"product","2":"type-product","3":"status-publish","4":"has-post-thumbnail","6":"product_cat-accessori-per-esercito-caccia","7":"product_cat-abbigliamento-segnaletico-rifrangente","8":"product_cat-accessori","9":"product_cat-lampade-lampadina-tascabile","10":"product_tag-army-survival-it","11":"product_tag-caccia-pesca","12":"product_tag-polizia-sicurezza","13":"product_tag-sport-outdoor-it","15":"first","16":"instock","17":"taxable","18":"shipping-taxable","19":"purchasable","20":"product-type-simple"},"_links":{"self":[{"href":"https:\/\/metal-badge.ch\/it\/wp-json\/wp\/v2\/product\/47209","targetHints":{"allow":["GET"]}}],"collection":[{"href":"https:\/\/metal-badge.ch\/it\/wp-json\/wp\/v2\/product"}],"about":[{"href":"https:\/\/metal-badge.ch\/it\/wp-json\/wp\/v2\/types\/product"}],"replies":[{"embeddable":true,"href":"https:\/\/metal-badge.ch\/it\/wp-json\/wp\/v2\/comments?post=47209"}],"wp:featuredmedia":[{"embeddable":true,"href":"https:\/\/metal-badge.ch\/it\/wp-json\/wp\/v2\/media\/88160"}],"wp:attachment":[{"href":"https:\/\/metal-badge.ch\/it\/wp-json\/wp\/v2\/media?parent=47209"}],"wp:term":[{"taxonomy":"product_brand","embeddable":true,"href":"https:\/\/metal-badge.ch\/it\/wp-json\/wp\/v2\/product_brand?post=47209"},{"taxonomy":"product_cat","embeddable":true,"href":"https:\/\/metal-badge.ch\/it\/wp-json\/wp\/v2\/product_cat?post=47209"},{"taxonomy":"product_tag","embeddable":true,"href":"https:\/\/metal-badge.ch\/it\/wp-json\/wp\/v2\/product_tag?post=47209"}],"curies":[{"name":"wp","href":"https:\/\/api.w.org\/{rel}","templated":true}]}}