{"id":46905,"date":"2019-05-31T14:06:50","date_gmt":"2019-05-31T14:06:50","guid":{"rendered":"https:\/\/shop.metal-badge.ch\/?product=occhiali-tattici-da-tiro-occhiali-protettivi-trasparenti"},"modified":"2019-05-31T14:07:07","modified_gmt":"2019-05-31T14:07:07","slug":"occhiali-tattici-da-tiro-occhiali-protettivi-trasparenti","status":"publish","type":"product","link":"https:\/\/metal-badge.ch\/it\/product\/46905\/occhiali-tattici-da-tiro-occhiali-protettivi-trasparenti\/","title":{"rendered":"Occhiali tattici da tiro \/ occhiali protettivi trasparenti"},"content":{"rendered":"<p>Questi occhiali protettivi sono sportivi e leggeri. Perimetralmente essi sono dotati di spugna schiumosa isolante. Gli occhiali sono comodi da indossare, aderenti, imbottiti e con un campo visivo relativamente ampio. Anteriormente, nella montatura ci sono die fori traspiranti sopra e sotto per evitare che il vetro si appanni. La montatura e gli occhiali sono realizzati in policarbonato, i vetri hanno una protezione UV 400 -100% UVA \/ UVB ed una certificazione CE EN 166. Gli occhiali sono particolarmente adatti a interventi tattici come per sparare ma anche come occhiali protettivi e per tutte le attivit\u00e0 outdoor. Nella confezione \u00e8 inclusa una custodia protettiva in nylon. Gli occhiali sono dotati di una banda elastica che pu\u00f2 essere adattata alla forma della testa. Nella confezione ci sono anche due vetri di ricambio di colore grigio scuro. I vetri possono essere sostituiti facilmente.<\/p>\n<p><strong>Dati tecnici:<\/strong><br \/>\nMarca: Robesbon<br \/>\nModello: Z-LQ02-C2<br \/>\nPeso: 35 gr.<br \/>\nColore: nero<br \/>\nVetri: transparenti e grigio scuro<br \/>\nMateriale: plastica \/ policarbonato<br \/>\nProtezione 100 % UVA \/ UVB<br \/>\nVetri arieggiati<br \/>\nComodi da indossare<br \/>\nCampo visivo relativamente ampio<br \/>\nBanda elastica regolabile<br \/>\nCon una custodia protettiva in nylon<\/p>\n","protected":false},"excerpt":{"rendered":"<p>Questi occhiali protettivi sono sportivi e leggeri. Perimetralmente essi sono dotati di spugna schiumosa isolante. Gli occhiali sono comodi da indossare, aderenti, imbottiti e con un campo visivo relativamente ampio. Anteriormente, nella montatura ci sono die fori traspiranti sopra e sotto per evitare che il vetro si appanni. La montatura e gli occhiali sono realizzati [&hellip;]<\/p>\n","protected":false},"featured_media":88204,"comment_status":"open","ping_status":"closed","template":"","meta":{"inline_featured_image":false},"product_brand":[],"product_cat":[1116],"product_tag":[1782,1766],"class_list":{"0":"post-46905","1":"product","2":"type-product","3":"status-publish","4":"has-post-thumbnail","6":"product_cat-occhiali-da-protezione-occhiali-da-sole","7":"product_tag-polizia-sicurezza","8":"product_tag-sport-outdoor-it","10":"first","11":"instock","12":"taxable","13":"shipping-taxable","14":"purchasable","15":"product-type-simple"},"_links":{"self":[{"href":"https:\/\/metal-badge.ch\/it\/wp-json\/wp\/v2\/product\/46905","targetHints":{"allow":["GET"]}}],"collection":[{"href":"https:\/\/metal-badge.ch\/it\/wp-json\/wp\/v2\/product"}],"about":[{"href":"https:\/\/metal-badge.ch\/it\/wp-json\/wp\/v2\/types\/product"}],"replies":[{"embeddable":true,"href":"https:\/\/metal-badge.ch\/it\/wp-json\/wp\/v2\/comments?post=46905"}],"wp:featuredmedia":[{"embeddable":true,"href":"https:\/\/metal-badge.ch\/it\/wp-json\/wp\/v2\/media\/88204"}],"wp:attachment":[{"href":"https:\/\/metal-badge.ch\/it\/wp-json\/wp\/v2\/media?parent=46905"}],"wp:term":[{"taxonomy":"product_brand","embeddable":true,"href":"https:\/\/metal-badge.ch\/it\/wp-json\/wp\/v2\/product_brand?post=46905"},{"taxonomy":"product_cat","embeddable":true,"href":"https:\/\/metal-badge.ch\/it\/wp-json\/wp\/v2\/product_cat?post=46905"},{"taxonomy":"product_tag","embeddable":true,"href":"https:\/\/metal-badge.ch\/it\/wp-json\/wp\/v2\/product_tag?post=46905"}],"curies":[{"name":"wp","href":"https:\/\/api.w.org\/{rel}","templated":true}]}}