{"id":46887,"date":"2019-05-31T13:37:51","date_gmt":"2019-05-31T13:37:51","guid":{"rendered":"https:\/\/shop.metal-badge.ch\/?product=occhiali-e-mascherina-per-la-bocca"},"modified":"2019-05-31T13:48:37","modified_gmt":"2019-05-31T13:48:37","slug":"occhiali-e-mascherina-per-la-bocca","status":"publish","type":"product","link":"https:\/\/metal-badge.ch\/it\/product\/46887\/occhiali-e-mascherina-per-la-bocca\/","title":{"rendered":"Occhiali e mascherina per la bocca"},"content":{"rendered":"<p>Pratico set di occhiali e mascherina per la bocca per tante attivit\u00e0 outdoor come paintball, motociclismo, sci ecc. La maschera \u00e8 in plastica ABS, \u00e8 dotata di un filtro, \u00e8 comoda da indossare e resistente dalla polvere. La bacchetta in alluminio sul naso evita che possa spostarsi. Ha delle fessure per la respirazione nella zona della bocca. L\u2018elastico pu\u00f2 essere adattato alla forma della testa. La mascherina pu\u00f2 essere separata dagli occhiali e questi ultimi possono essere quindi indossati anche senza mascherina.<\/p>\n<p><strong>Informazioni prodotto:<\/strong><\/p>\n<p>Marca: Robesbon<br \/>\nModello: Z-MT009<br \/>\nColore: nero<br \/>\nMateriale: plastica<br \/>\nMaschera con filtro<br \/>\nElastico adattabile alla forma della testa<br \/>\nLa maschera pu\u00f2 essere separata dagli occhiali<br \/>\nMisura unica<\/p>\n","protected":false},"excerpt":{"rendered":"<p>Pratico set di occhiali e mascherina per la bocca per tante attivit\u00e0 outdoor come paintball, motociclismo, sci ecc. La maschera \u00e8 in plastica ABS, \u00e8 dotata di un filtro, \u00e8 comoda da indossare e resistente dalla polvere. La bacchetta in alluminio sul naso evita che possa spostarsi. Ha delle fessure per la respirazione nella zona [&hellip;]<\/p>\n","protected":false},"featured_media":88206,"comment_status":"open","ping_status":"closed","template":"","meta":{"inline_featured_image":false},"product_brand":[],"product_cat":[1116],"product_tag":[1782,1766],"class_list":{"0":"post-46887","1":"product","2":"type-product","3":"status-publish","4":"has-post-thumbnail","6":"product_cat-occhiali-da-protezione-occhiali-da-sole","7":"product_tag-polizia-sicurezza","8":"product_tag-sport-outdoor-it","10":"first","11":"instock","12":"taxable","13":"shipping-taxable","14":"purchasable","15":"product-type-simple"},"_links":{"self":[{"href":"https:\/\/metal-badge.ch\/it\/wp-json\/wp\/v2\/product\/46887","targetHints":{"allow":["GET"]}}],"collection":[{"href":"https:\/\/metal-badge.ch\/it\/wp-json\/wp\/v2\/product"}],"about":[{"href":"https:\/\/metal-badge.ch\/it\/wp-json\/wp\/v2\/types\/product"}],"replies":[{"embeddable":true,"href":"https:\/\/metal-badge.ch\/it\/wp-json\/wp\/v2\/comments?post=46887"}],"wp:featuredmedia":[{"embeddable":true,"href":"https:\/\/metal-badge.ch\/it\/wp-json\/wp\/v2\/media\/88206"}],"wp:attachment":[{"href":"https:\/\/metal-badge.ch\/it\/wp-json\/wp\/v2\/media?parent=46887"}],"wp:term":[{"taxonomy":"product_brand","embeddable":true,"href":"https:\/\/metal-badge.ch\/it\/wp-json\/wp\/v2\/product_brand?post=46887"},{"taxonomy":"product_cat","embeddable":true,"href":"https:\/\/metal-badge.ch\/it\/wp-json\/wp\/v2\/product_cat?post=46887"},{"taxonomy":"product_tag","embeddable":true,"href":"https:\/\/metal-badge.ch\/it\/wp-json\/wp\/v2\/product_tag?post=46887"}],"curies":[{"name":"wp","href":"https:\/\/api.w.org\/{rel}","templated":true}]}}