{"id":46720,"date":"2019-05-17T14:11:56","date_gmt":"2019-05-17T14:11:56","guid":{"rendered":"https:\/\/shop.metal-badge.ch\/?product=gilet-tattico-giallo-riflettente-con-3-tasche-extra"},"modified":"2024-08-02T23:58:29","modified_gmt":"2024-08-02T21:58:29","slug":"gilet-tattico-giallo-riflettente-con-3-tasche-extra","status":"publish","type":"product","link":"https:\/\/metal-badge.ch\/it\/product\/46720\/gilet-tattico-giallo-riflettente-con-3-tasche-extra\/","title":{"rendered":"Gilet tattico giallo riflettente con 3 tasche extra"},"content":{"rendered":"<p>Gilet tattico giallo in robusta mesh di poliestere 425 GSM, Basic Material e tessuto in nylon Denier 1000 con rivestimento in poliuretano impermeabile, il gilet con tanti extra. Il gilet \u00e8 disponibile in diverse misure e pu\u00f2 essere chiuso sulla parte anteriore tramite cerniera. Posteriormente esso \u00e8 dotato di un\u2019ampia fascia in velcro per potere applicare tutte le nostre scritte. Abbiamo un vasto assortimento di scritte catarifrangenti e possiamo realizzare con un sovrapprezzo anche quella con il Vostro logo. Le dimensioni della scritta posteriore sono di 29 cm x 10cm.<\/p>\n<p>Anteriormente, sul petto a destra c\u2019\u00e8 una finestrella trasparente per il documento e a sinistra una striscia di velcro per applicare scritte come <strong>SECURITY \/ POLICE \/ PARAMEDIC \/ FEUERWEHR ecc.<\/strong> delle dimensioni di 12 cm x 4 cm. Sempre anteriormente ci sono due ampie tasche per la pistola o per altri accessori su entrambi i lati, anche per mancini dotate di cerniera e facilmente raggiungibili. Sulle spalle anteriormente abbiamo da entrambi i lati die moschettoni per cuffie di una ricetrasmittente e supporti per agganciare altre cuffie ecc.<\/p>\n<p>Anteriormente e posteriormente come anche sulle spalle sono cucite delle strisce riflettenti ad alta visibilit\u00e0 a norma EN 471. In tal modo chi indossa il gilet pu\u00f2 essere visibile anche al buio.<br \/>\nIl gilet pu\u00f2 essere regolato a piacimento tramite la chiusura in velcro. Il gilet pu\u00f2 essere aperto tramite velcro sui lati o sopra all\u2019altezza delle spalle per essere cos\u00ec adattato al meglio a chi lo indossa.<\/p>\n<p>Sulla parte sinistra ci sono cucite due tasche per una ricetrasmittente. Le tasche universali possono essere regolate tramite velcro ed elastici ed adattate al Vostro apparecchio. Inoltre c\u2019\u00e9 una piccola tasca con chiusura in velcro per spray al pepe o per le manette.<br \/>\nLe misure delle tre tasche sono le seguenti:<\/p>\n<p>1. Tasca per ricetrasmittente: 15 cm x 9 cm con un elastico e velcro sulla parte superiore per il fissaggio<br \/>\n2. Tasca per ricetrasmittente: 11 cm x 7.5 con un elastico e velcro sulla parte superiore per il fissaggio<br \/>\n3. Tasca spray al pepe, manette: 7.5 cm x 6.5 cm con parte superiore richiudibile in velcro.<\/p>\n<p>Sulla parte destra anteriore ci sono 3 tasche Molle che possono essere anche rimosse dal gilet o posizionate differentemente. In tal modo avete 3 ulteriori che possono essere applicate a piacimento sulla parte anteriore destra. Le dimensioni delle tasche molle sono le seguenti:<\/p>\n<p>1. Tasca da 15 cm di altezza x 10 cm di larghezza a sistema Molle rimovibile.<br \/>\n2. Tasca da 16,5 cm di altezza x 10 cm di larghezza a sistema Molle rimovibile.<br \/>\n3. Tasca da 14,5 cm di altezza x 8 cm di larghezza a sistema Molle rimovibile.<\/p>\n<p><strong>Informazioni prodotto:<\/strong><\/p>\n<ul>\n<li>Il gilet pu\u00f2 essere aperto tramite velcro sui lati o sopra all\u2019altezza delle spalle per essere cos\u00ec adattato al meglio a chi lo indossa.<\/li>\n<li>Materiale: robusta mesh di poliestere 425 GSM, Basic Material e tessuto in nylon Denier 1000 con rivestimento in poliuretano impermeabile Con strisce cucite riflettenti ad alta visibilit\u00e0 a norma EN 471<\/li>\n<li>Scritte: in velcro intercambiabili<\/li>\n<li>2x moschettoni sulla parte anteriore delle spalle per cuffie<\/li>\n<li>2x supporti con elastico per agganciare le cuffie<\/li>\n<li>Colore: giallo riflettente<\/li>\n<li>Misure: S, M, L, XL, 2XL<\/li>\n<li>Peso: 695 gr.<\/li>\n<li>Certificato a norma EN 471, classe 2<\/li>\n<li>2x tasche laterali con cerniera anteriore<\/li>\n<li>3x ulteriori tasche Molle che possono essere applicate al gilet (incluse nella confezione)<\/li>\n<\/ul>\n<p><strong>In caso di ordini superiori ai 20 pezzi \u00e8 possibile realizzare su richiesta una scritta personalizzata e garantiamo un prezzo ridotto, contattateci.<\/strong><\/p>\n","protected":false},"excerpt":{"rendered":"<p>Gilet tattico giallo in robusta mesh di poliestere 425 GSM, Basic Material e tessuto in nylon Denier 1000 con rivestimento in poliuretano impermeabile, il gilet con tanti extra. Il gilet \u00e8 disponibile in diverse misure e pu\u00f2 essere chiuso sulla parte anteriore tramite cerniera. Posteriormente esso \u00e8 dotato di un\u2019ampia fascia in velcro per potere applicare tutte le nostre scritte. Abbiamo un vasto assortimento di scritte catarifrangenti e possiamo realizzare con un sovrapprezzo anche quella con il Vostro logo. Le dimensioni della scritta posteriore sono di 29 cm x 10cm.<\/p>\n<p>&nbsp;<\/p>\n","protected":false},"featured_media":88232,"comment_status":"open","ping_status":"closed","template":"","meta":{"inline_featured_image":false},"product_brand":[],"product_cat":[1607,2216],"product_tag":[1766],"class_list":{"0":"post-46720","1":"product","2":"type-product","3":"status-publish","4":"has-post-thumbnail","6":"product_cat-abbigliamento-segnaletico-rifrangente","7":"product_cat-gilet_tattici","8":"product_tag-sport-outdoor-it","10":"first","11":"instock","12":"taxable","13":"shipping-taxable","14":"purchasable","15":"product-type-simple"},"_links":{"self":[{"href":"https:\/\/metal-badge.ch\/it\/wp-json\/wp\/v2\/product\/46720","targetHints":{"allow":["GET"]}}],"collection":[{"href":"https:\/\/metal-badge.ch\/it\/wp-json\/wp\/v2\/product"}],"about":[{"href":"https:\/\/metal-badge.ch\/it\/wp-json\/wp\/v2\/types\/product"}],"replies":[{"embeddable":true,"href":"https:\/\/metal-badge.ch\/it\/wp-json\/wp\/v2\/comments?post=46720"}],"wp:featuredmedia":[{"embeddable":true,"href":"https:\/\/metal-badge.ch\/it\/wp-json\/wp\/v2\/media\/88232"}],"wp:attachment":[{"href":"https:\/\/metal-badge.ch\/it\/wp-json\/wp\/v2\/media?parent=46720"}],"wp:term":[{"taxonomy":"product_brand","embeddable":true,"href":"https:\/\/metal-badge.ch\/it\/wp-json\/wp\/v2\/product_brand?post=46720"},{"taxonomy":"product_cat","embeddable":true,"href":"https:\/\/metal-badge.ch\/it\/wp-json\/wp\/v2\/product_cat?post=46720"},{"taxonomy":"product_tag","embeddable":true,"href":"https:\/\/metal-badge.ch\/it\/wp-json\/wp\/v2\/product_tag?post=46720"}],"curies":[{"name":"wp","href":"https:\/\/api.w.org\/{rel}","templated":true}]}}