{"id":46709,"date":"2019-05-17T11:26:19","date_gmt":"2019-05-17T11:26:19","guid":{"rendered":"https:\/\/shop.metal-badge.ch\/?product=gilet-tattico-arancione"},"modified":"2024-08-03T05:46:16","modified_gmt":"2024-08-03T03:46:16","slug":"gilet-tattico-arancione","status":"publish","type":"product","link":"https:\/\/metal-badge.ch\/it\/product\/46709\/gilet-tattico-arancione\/","title":{"rendered":"Gilet tattico arancione"},"content":{"rendered":"<p>Il gilet con tanti extra. Gilet tattico arancione in robusta mesh di poliestere 425 GSM, Basic Material e tessuto in nylon Denier 1000 con rivestimento in poliuretano impermeabile. Il gilet \u00e8 disponibile in diverse misure e pu\u00f2 essere chiuso sulla parte anteriore tramite cerniera YKK. Il gilet \u00e8 dotato sulla spalla anteriormente di due supporti universali per microfoni per ricetrasmittente. Inoltre esso ha 7 tasche sporgenti con velcro oltre ad un ampia tasca con una doppia cerniera perimetrale. Essa ha diversi cordoncini elastici e scomparti.<\/p>\n<p>Esteriormente alla tasta sporgente c\u2019\u00e9 cucita una finestrella trasparente porta documento. Al di sorpra di essa troviamo una striscia in velcro da 13 cm x 5 cm per applicare la scritta con il nome. Inoltre accanto alla cerniera principale, sia a destra che a sinistra ci sono due ulteriori scomparti richiudibili tramite cerniera. Le ampie e stabili tasche interne a rete in nylon offrono spazio per guanti, sciarpa e persino per indumenti leggeri come pantaloni antipioggia o impermeabile. Sulla parte destra all\u2019altezza del petto c\u2019\u00e8 una striscia in velcro di 14 cm x 5 cm per applicare una scritta. Inoltre all\u2019altezza del petto sia a destra che a sinistra troviamo cucito un robusto anello a D in plastica. Questo gilet ha sulla spallina sinistra una fascia apribile e richiudibile tramite bottone automatico.<\/p>\n<p>Anteriormente, posteriormente e sulle spalle il gilet \u00e8 dotato di strisce riflettenti ad alta visibilit\u00e0 a norma EN 471. In tal modo chi lo indossa \u00e8 sempre visibile anche al buio. Posteriormente c\u2019\u00e8 ulteriore stivaggio grazie a 4 tasche sporgenti con chiusura in velcro. La tasca grande ha dimensioni di: larghezza 30 cm x 38 cm altezza. Queste misure sono fanno riferimento ad un gilet di taglia L = Large.<\/p>\n<p>All\u2019interno dell\u2019ampia tasca abbiamo un manico per il gilet stesso. Sulla parte superiore della tasca troviamo una striscia in velcro di 29 cm x 10 cm per applicare una scritta sulla schiena.<br \/>\nSi pu\u00f2 ad esempio applicare e rimuovere facilmente una scritta plastificata e riflettente come <strong>SECURITY \/ POLICE \/ PARAMEDIC \/ POLIZEI \/ Rettungsdienst \/ FEUERWEHR \/ Notarzt ecc.<\/strong> Il gilet pu\u00f2 essere regolato lateralmente e sulla vita utilizzando i cordoncini in nylon ed in tal modo adattato alla taglia di chi lo indossa.<\/p>\n<p><strong>Informazioni prodotto:<\/strong><\/p>\n<ul>\n<li>Colore: arancione<\/li>\n<li>Peso: 850 gr.<\/li>\n<li>Materiale: in robusto mesh di poliestere 220 GSM, Basic Material e tessuto nylon Denier 600 con rivestimento impermeabile in poliuretano.<\/li>\n<li>Il gilet pu\u00f2 essere regolato lateralmente tramite cordoncini ed adattato alla taglia di chi lo indossa.<\/li>\n<li>Con strisce ad alta visibilit\u00e0 riflettenti cucite a norma EN 471.<\/li>\n<li>Pannelli con scritta: velcro intercambiabile<\/li>\n<li>1x velcro posteriormente 29 cm x 10 cm<\/li>\n<li>2x velcro anteriormente a destra 14 cm x 5 cm<\/li>\n<li>1x finestrella trasparente porta documento a destra<\/li>\n<li>4x Tasche posteriori con velcro<\/li>\n<li>2x Tasche accessibili lateralmente con cerniera<\/li>\n<li>7x tasche con velcro sulla parte anteriore<\/li>\n<li>1x ampia tasca sporgente sulla parte anteriore con doppia cerniera perimetrale<\/li>\n<li>1x Striscia sulla spallina a sinistra con bottone automatico<\/li>\n<li>2x robusti anelli a D in plastica sulla parte anteriore<\/li>\n<li>2x supporti per microfono a sinistra e a destra per ricetrasmittente<\/li>\n<li>1x robusto manico, nascosto nella tasca che si trova posteriormente in alto<\/li>\n<li>Dimensioni della tasca posteriore: 30 x 38 cm altezza \/ profondit\u00e0 4 cm<\/li>\n<li>Dimensioni della tasca piccola anteriore: 15 cm altezza x 9 cm larghezza \/ profondit\u00e0 4 cm<\/li>\n<li>Dimensioni ampia tasca anteriore sporgente con: 29 cm altezza x 20 cm larghezza \/ profondit\u00e0 7 cm<\/li>\n<li>Misure: S, M,L, XL, 2XL<\/li>\n<\/ul>\n<p><strong>Nel caso di ordini superiori a 20 pezzi \u00e8 possibile avere su richiesta una propria scritta e garantiamo un prezzo ridotto, contattateci. Con un sovrapprezzo produciamo su richiesta anche le altre scritte in velcro. Contattateci per una richiesta.<\/strong><\/p>\n","protected":false},"excerpt":{"rendered":"<p>Il gilet con tanti extra. Gilet tattico arancione in robusta mesh di poliestere 425 GSM, Basic Material e tessuto in nylon Denier 1000 con rivestimento in poliuretano impermeabile. Il gilet \u00e8 disponibile in diverse misure e pu\u00f2 essere chiuso sulla parte anteriore tramite cerniera YKK. Il gilet \u00e8 dotato sulla spalla anteriormente di due supporti universali per microfoni per ricetrasmittente. Inoltre esso ha 7 tasche sporgenti con velcro oltre ad un ampia tasca con una doppia cerniera perimetrale. Essa ha diversi cordoncini elastici e scomparti.<\/p>\n","protected":false},"featured_media":109836,"comment_status":"open","ping_status":"closed","template":"","meta":{"inline_featured_image":false},"product_brand":[],"product_cat":[1607,2216],"product_tag":[1766],"class_list":{"0":"post-46709","1":"product","2":"type-product","3":"status-publish","4":"has-post-thumbnail","6":"product_cat-abbigliamento-segnaletico-rifrangente","7":"product_cat-gilet_tattici","8":"product_tag-sport-outdoor-it","10":"first","11":"instock","12":"taxable","13":"shipping-taxable","14":"purchasable","15":"product-type-simple"},"_links":{"self":[{"href":"https:\/\/metal-badge.ch\/it\/wp-json\/wp\/v2\/product\/46709","targetHints":{"allow":["GET"]}}],"collection":[{"href":"https:\/\/metal-badge.ch\/it\/wp-json\/wp\/v2\/product"}],"about":[{"href":"https:\/\/metal-badge.ch\/it\/wp-json\/wp\/v2\/types\/product"}],"replies":[{"embeddable":true,"href":"https:\/\/metal-badge.ch\/it\/wp-json\/wp\/v2\/comments?post=46709"}],"wp:featuredmedia":[{"embeddable":true,"href":"https:\/\/metal-badge.ch\/it\/wp-json\/wp\/v2\/media\/109836"}],"wp:attachment":[{"href":"https:\/\/metal-badge.ch\/it\/wp-json\/wp\/v2\/media?parent=46709"}],"wp:term":[{"taxonomy":"product_brand","embeddable":true,"href":"https:\/\/metal-badge.ch\/it\/wp-json\/wp\/v2\/product_brand?post=46709"},{"taxonomy":"product_cat","embeddable":true,"href":"https:\/\/metal-badge.ch\/it\/wp-json\/wp\/v2\/product_cat?post=46709"},{"taxonomy":"product_tag","embeddable":true,"href":"https:\/\/metal-badge.ch\/it\/wp-json\/wp\/v2\/product_tag?post=46709"}],"curies":[{"name":"wp","href":"https:\/\/api.w.org\/{rel}","templated":true}]}}