{"id":46667,"date":"2019-05-17T09:22:37","date_gmt":"2019-05-17T09:22:37","guid":{"rendered":"https:\/\/shop.metal-badge.ch\/?product=gilet-tattico-blu-scuro"},"modified":"2024-08-03T04:26:38","modified_gmt":"2024-08-03T02:26:38","slug":"gilet-tattico-blu-scuro","status":"publish","type":"product","link":"https:\/\/metal-badge.ch\/it\/product\/46667\/gilet-tattico-blu-scuro\/","title":{"rendered":"Gilet tattico blu scuro"},"content":{"rendered":"<p>Gilet tattico blu in robusta mesh di poliestere 425 GSM, Basic Material e tessuto in nylon Denier 1000 con rivestimento in poliuretano impermeabile, il gilet con tanti extra. Il gilet \u00e8 disponibile in diverse misure e pu\u00f2 essere chiuso sulla parte anteriore tramite cerniera. Posteriormente esso \u00e8 dotato di un\u2019ampia fascia in velcro per potere applicare e rimuovere facilmente scritte catarifrangenti come: SECURITY \/ POLICE \/ POLIZEI \/ PARAMEDIC \/ FEUERWEHR \/ Notarzt \/ Einsatzleiter \/ Rettundsdienst ecc..<\/p>\n<p>Le misure di tale fascia sulla parte posteriore \u00e8 di 30 cm x 10 cm.<br \/>\nAnteriormente sulla destra sulla tasca esterna superiore c\u2019\u00e8 una altra striscia in velcro delle dimensioni di 12 cm x 4 cm per poter applicare le nostre scritte riflettenti come: <strong>SECURITY \/ POLICE \/ POLIZEI \/ PARAMEDIC \/ FEUERWEHR \/ Notarzt \/ Einsaztleiter \/ Rettungsdienst ecc..<\/strong><\/p>\n<p>Sul petto a sinistra c\u2019\u00e8 una tasca universale per ricetrasmittente regolabile tramite velcro ed elastico. Inoltre, alla stessa altezza, troviamo due compartimenti per le penne.<\/p>\n<p>Anteriormente abbiamo un totale di 5 tasche. Le due ampie tasche nella parte inferiore sono entrambe dotate di cerniera. Esse sono ideate per contenere medicine ecc. ed hanno diversi piccoli supporti elastici e scomparti. Le rimanenti 3 tasche sono dotate di velcro. Anche queste offrono molto spazio.<br \/>\nSulla parte anteriore e posteriore del gilet sono cucite delle strisce catarifrangenti di colore giallo \/ argento a norma EN 471. In tal modo chi lo indossa \u00e8 identificabile anche al buio. Posteriormente c\u2019\u00e8 un ulteriore ampia tasca con cerniera. Questa tasca con le dimensioni di 30 cm larghezza \/ 17 cm altezza \/ 6 cm profondit\u00e0 offre spazio per diversi oggetti.<\/p>\n<p><strong>Informazioni prodotto:<\/strong><\/p>\n<ul>\n<li>Questo gilet pu\u00f2 essere adattato lateralmente alla corporatura di chi lo indossa utilizzando dei cordoncini in nylon e dei moschettoni.<\/li>\n<li>Materiale: in robusta mesh di poliestere 425 GSM, Basic<\/li>\n<li>Material e tessuto in nylon Denier 1000 con rivestimento in poliuretano impermeabile<\/li>\n<li>Strisce catarifrangenti cucite di colore giallo \/ argento a norma EN 471<\/li>\n<li>Panelli con scritta: velcro intercambiabile<\/li>\n<li>Dimensioni 1x tasca esterna anteriore: larghezza 13 cm \/ altezza 13cm \/ profondit\u00e0 4 cm con cerniera<\/li>\n<li>Dimensioni 2x tasche esterne anteriori: larghezza 17 cm \/ altezza 10 cm \/ profondit\u00e0 5 cm con velcro<\/li>\n<li>Dimensioni 2x tasche esterne anteriori: larghezza 21 cm \/ altezza 15 cm \/ profondit\u00e0 7 cm con cerniera<\/li>\n<li>Dimensioni 1x tasche esterne posteriori: larghezza 30 cm \/ altezza 17 cm \/ profondit\u00e0 6 cm con cerniera<\/li>\n<li>Misure: S, M, L, XL, 2XL<\/li>\n<li>Peso: 640 gr.<\/li>\n<\/ul>\n<p><strong>Nel caso di ordini superiori a 20 pezzi \u00e8 possibile avere su richiesta una propria scritta e garantiamo un prezzo ridotto, contattateci. Con un sovrapprezzo produciamo su richiesta anche le vostre etichette in velcro con logo.<\/strong><\/p>\n","protected":false},"excerpt":{"rendered":"<p>Gilet tattico blu in robusta mesh di poliestere 425 GSM, Basic Material e tessuto in nylon Denier 1000 con rivestimento in poliuretano impermeabile, il gilet con tanti extra. Il gilet \u00e8 disponibile in diverse misure e pu\u00f2 essere chiuso sulla parte anteriore tramite cerniera. Posteriormente esso \u00e8 dotato di un\u2019ampia fascia in velcro per potere applicare e rimuovere facilmente scritte catarifrangenti come: SECURITY \/ POLICE \/ POLIZEI \/ PARAMEDIC \/ FEUERWEHR \/ Notarzt \/ Einsatzleiter \/ Rettundsdienst ecc..<\/p>\n","protected":false},"featured_media":46658,"comment_status":"open","ping_status":"closed","template":"","meta":{"inline_featured_image":false},"product_brand":[],"product_cat":[1607,2216],"product_tag":[1766],"class_list":{"0":"post-46667","1":"product","2":"type-product","3":"status-publish","4":"has-post-thumbnail","6":"product_cat-abbigliamento-segnaletico-rifrangente","7":"product_cat-gilet_tattici","8":"product_tag-sport-outdoor-it","10":"first","11":"instock","12":"taxable","13":"shipping-taxable","14":"purchasable","15":"product-type-simple"},"_links":{"self":[{"href":"https:\/\/metal-badge.ch\/it\/wp-json\/wp\/v2\/product\/46667","targetHints":{"allow":["GET"]}}],"collection":[{"href":"https:\/\/metal-badge.ch\/it\/wp-json\/wp\/v2\/product"}],"about":[{"href":"https:\/\/metal-badge.ch\/it\/wp-json\/wp\/v2\/types\/product"}],"replies":[{"embeddable":true,"href":"https:\/\/metal-badge.ch\/it\/wp-json\/wp\/v2\/comments?post=46667"}],"wp:featuredmedia":[{"embeddable":true,"href":"https:\/\/metal-badge.ch\/it\/wp-json\/wp\/v2\/media\/46658"}],"wp:attachment":[{"href":"https:\/\/metal-badge.ch\/it\/wp-json\/wp\/v2\/media?parent=46667"}],"wp:term":[{"taxonomy":"product_brand","embeddable":true,"href":"https:\/\/metal-badge.ch\/it\/wp-json\/wp\/v2\/product_brand?post=46667"},{"taxonomy":"product_cat","embeddable":true,"href":"https:\/\/metal-badge.ch\/it\/wp-json\/wp\/v2\/product_cat?post=46667"},{"taxonomy":"product_tag","embeddable":true,"href":"https:\/\/metal-badge.ch\/it\/wp-json\/wp\/v2\/product_tag?post=46667"}],"curies":[{"name":"wp","href":"https:\/\/api.w.org\/{rel}","templated":true}]}}