{"id":46631,"date":"2019-05-12T10:54:41","date_gmt":"2019-05-12T10:54:41","guid":{"rendered":"https:\/\/shop.metal-badge.ch\/?product=cintura-duty-verde-oliva-con-3-punti-di-chiusura"},"modified":"2019-05-12T10:55:03","modified_gmt":"2019-05-12T10:55:03","slug":"cintura-duty-verde-oliva-con-3-punti-di-chiusura","status":"publish","type":"product","link":"https:\/\/metal-badge.ch\/it\/product\/46631\/cintura-duty-verde-oliva-con-3-punti-di-chiusura\/","title":{"rendered":"Cintura Duty verde oliva con 3 punti di chiusura"},"content":{"rendered":"<p>Questa cintura tattica verde oliva con 3 punti di chiusura \u00e8 un prodotto di qualit\u00e0 in nylon 100 Dernier che vi accompagna in tutte le missioni. Dotata di una fibbia di sicurezza a 3 punti anti-strappo. Per aprire la fibbia \u00e8 necessario azionare contemporaneamente tutte e 3 le sicure. Grazie alla sua larghezza di 50 mm essa \u00e8 adatta come comoda cintura o anche per uniforme. Il tessuto \u00e8 impermeabile e resistente a pioggia ed umidit\u00e0. La cintura \u00e8 molto comoda da indossare.<\/p>\n<p><strong>Informazioni prodotto:<\/strong><br \/>\nCintura Duty<br \/>\nColore: verde oliva<br \/>\nLarghezza: 5 cm<br \/>\nLunghezza massima: 120 cm, pu\u00f2 essere regolata ed essere pi\u00f9 stretta<br \/>\nMateriale: Nylon 1000 D<br \/>\nFibbia: plastica<br \/>\nFibbia a tripla sicurezza<br \/>\nPeso: 145 gr.<\/p>\n","protected":false},"excerpt":{"rendered":"<p>Questa cintura tattica verde oliva con 3 punti di chiusura \u00e8 un prodotto di qualit\u00e0 in nylon 100 Dernier che vi accompagna in tutte le missioni. Dotata di una fibbia di sicurezza a 3 punti anti-strappo. Per aprire la fibbia \u00e8 necessario azionare contemporaneamente tutte e 3 le sicure. Grazie alla sua larghezza di 50 [&hellip;]<\/p>\n","protected":false},"featured_media":88238,"comment_status":"open","ping_status":"closed","template":"","meta":{"inline_featured_image":false},"product_brand":[],"product_cat":[1348,1436,1647],"product_tag":[1770,1774,1778,1782,1766],"class_list":{"0":"post-46631","1":"product","2":"type-product","3":"status-publish","4":"has-post-thumbnail","6":"product_cat-accessori-per-esercito-caccia","7":"product_cat-campeggio-viaggio","8":"product_cat-cinture-cinture-tattica","9":"product_tag-army-survival-it","10":"product_tag-caccia-pesca","11":"product_tag-campeggio-viaggio","12":"product_tag-polizia-sicurezza","13":"product_tag-sport-outdoor-it","15":"first","16":"instock","17":"taxable","18":"shipping-taxable","19":"purchasable","20":"product-type-simple"},"_links":{"self":[{"href":"https:\/\/metal-badge.ch\/it\/wp-json\/wp\/v2\/product\/46631","targetHints":{"allow":["GET"]}}],"collection":[{"href":"https:\/\/metal-badge.ch\/it\/wp-json\/wp\/v2\/product"}],"about":[{"href":"https:\/\/metal-badge.ch\/it\/wp-json\/wp\/v2\/types\/product"}],"replies":[{"embeddable":true,"href":"https:\/\/metal-badge.ch\/it\/wp-json\/wp\/v2\/comments?post=46631"}],"wp:featuredmedia":[{"embeddable":true,"href":"https:\/\/metal-badge.ch\/it\/wp-json\/wp\/v2\/media\/88238"}],"wp:attachment":[{"href":"https:\/\/metal-badge.ch\/it\/wp-json\/wp\/v2\/media?parent=46631"}],"wp:term":[{"taxonomy":"product_brand","embeddable":true,"href":"https:\/\/metal-badge.ch\/it\/wp-json\/wp\/v2\/product_brand?post=46631"},{"taxonomy":"product_cat","embeddable":true,"href":"https:\/\/metal-badge.ch\/it\/wp-json\/wp\/v2\/product_cat?post=46631"},{"taxonomy":"product_tag","embeddable":true,"href":"https:\/\/metal-badge.ch\/it\/wp-json\/wp\/v2\/product_tag?post=46631"}],"curies":[{"name":"wp","href":"https:\/\/api.w.org\/{rel}","templated":true}]}}