{"id":46573,"date":"2019-05-10T10:58:29","date_gmt":"2019-05-10T10:58:29","guid":{"rendered":"https:\/\/shop.metal-badge.ch\/?product=cintura-in-nylon-larghezza-38-mm-lunghezza-110-130-cm"},"modified":"2020-09-29T16:26:32","modified_gmt":"2020-09-29T14:26:32","slug":"cintura-in-nylon-larghezza-38-mm-lunghezza-110-130-cm-3","status":"publish","type":"product","link":"https:\/\/metal-badge.ch\/it\/product\/46573\/cintura-in-nylon-larghezza-38-mm-lunghezza-110-130-cm-3\/","title":{"rendered":"Cintura in nylon, larghezza 38 mm, lunghezza 110 \u2013 130 cm"},"content":{"rendered":"<p>Quanto \u00e8 fastidioso avere una cintura che non pu\u00f2 essere regolata in maniera precisa perch\u00e9 bisogna utilizzare i buchi previsti! Con questa cinta in nylon il problema non si pone. Essa \u00e8 estremamente robusta e resistente. Disponibile in 3 lunghezze da 110 a 130 cm. Inoltre in questo modello la fibbia in plastica pu\u00f2 essere aperta ed in tal modo la cintura pu\u00f2 essere tagliata e regolata a piacimento. La chiusura della cintura \u00e8 facile da manovrare: basta fare scorrere all\u2019interno la parte finale della cintura, tirare e richiudere.<\/p>\n<p><strong>Informazioni prodotto:<\/strong><br \/>\nLarghezza: 38 mm<br \/>\nMateriale: nylon e chiusura in plastica<br \/>\nColore: beige \/ sabbia<br \/>\nLunghezze: 110 cm \/ 120 cm \/ 130 cm<br \/>\nVantaggi: estremamente robusta e resistente<br \/>\nFibbia: facile da aprire, in tal modo la cintura pu\u00f2 essere tagliata e regolata<br \/>\nAltri colore disponibili: nero e verde oliva<br \/>\nPeso: 130 gr.<\/p>\n","protected":false},"excerpt":{"rendered":"<p>Quanto \u00e8 fastidioso avere una cintura che non pu\u00f2 essere regolata in maniera precisa perch\u00e9 bisogna utilizzare i buchi previsti! Con questa cinta in nylon il problema non si pone. Essa \u00e8 estremamente robusta e resistente. Disponibile in 3 lunghezze da 110 a 130 cm. Inoltre in questo modello la fibbia in plastica pu\u00f2 essere [&hellip;]<\/p>\n","protected":false},"featured_media":46567,"comment_status":"open","ping_status":"closed","template":"","meta":{"inline_featured_image":false},"product_brand":[],"product_cat":[1348,1436,1647],"product_tag":[1770,1774,1778,1782,1766],"class_list":{"0":"post-46573","1":"product","2":"type-product","3":"status-publish","4":"has-post-thumbnail","6":"product_cat-accessori-per-esercito-caccia","7":"product_cat-campeggio-viaggio","8":"product_cat-cinture-cinture-tattica","9":"product_tag-army-survival-it","10":"product_tag-caccia-pesca","11":"product_tag-campeggio-viaggio","12":"product_tag-polizia-sicurezza","13":"product_tag-sport-outdoor-it","15":"first","16":"instock","17":"taxable","18":"shipping-taxable","19":"purchasable","20":"product-type-simple"},"_links":{"self":[{"href":"https:\/\/metal-badge.ch\/it\/wp-json\/wp\/v2\/product\/46573","targetHints":{"allow":["GET"]}}],"collection":[{"href":"https:\/\/metal-badge.ch\/it\/wp-json\/wp\/v2\/product"}],"about":[{"href":"https:\/\/metal-badge.ch\/it\/wp-json\/wp\/v2\/types\/product"}],"replies":[{"embeddable":true,"href":"https:\/\/metal-badge.ch\/it\/wp-json\/wp\/v2\/comments?post=46573"}],"wp:featuredmedia":[{"embeddable":true,"href":"https:\/\/metal-badge.ch\/it\/wp-json\/wp\/v2\/media\/46567"}],"wp:attachment":[{"href":"https:\/\/metal-badge.ch\/it\/wp-json\/wp\/v2\/media?parent=46573"}],"wp:term":[{"taxonomy":"product_brand","embeddable":true,"href":"https:\/\/metal-badge.ch\/it\/wp-json\/wp\/v2\/product_brand?post=46573"},{"taxonomy":"product_cat","embeddable":true,"href":"https:\/\/metal-badge.ch\/it\/wp-json\/wp\/v2\/product_cat?post=46573"},{"taxonomy":"product_tag","embeddable":true,"href":"https:\/\/metal-badge.ch\/it\/wp-json\/wp\/v2\/product_tag?post=46573"}],"curies":[{"name":"wp","href":"https:\/\/api.w.org\/{rel}","templated":true}]}}