{"id":46444,"date":"2019-05-05T10:07:31","date_gmt":"2019-05-05T10:07:31","guid":{"rendered":"https:\/\/shop.metal-badge.ch\/?product=griglia-acciaio-pieghevole-30-x-28-cm"},"modified":"2020-08-02T03:53:45","modified_gmt":"2020-08-02T03:53:45","slug":"griglia-acciaio-pieghevole-30-x-28-cm","status":"publish","type":"product","link":"https:\/\/metal-badge.ch\/it\/product\/46444\/griglia-acciaio-pieghevole-30-x-28-cm\/","title":{"rendered":"Griglia, acciaio, pieghevole 30 x 28 cm"},"content":{"rendered":"<p>Questa griglia pieghevole \u00e8 ideale per arrostire quando si \u00e8 per strada. Con una superficie di 28 x 30 cm offre spazio a sufficienza per tutti i tipi di arrostimento: carne, w\u00fcrstel, pesce, verdure ed altro. L\u2019altezza di 27 cm consente di utilizzare la griglia comodamente sia sul fuoco che su altre fonti di calore come fornellini a gas o a petrolio. Grazie alle dimensioni da trasporto di solo 30 x 28 x 1.5 cmla griglia \u00e8 particolarmente adatta per tour escursionistici, trekking e per tutte le attivit\u00e0 outdoor.<\/p>\n<p><strong>Dati prodotto<\/strong><br \/>\nFacile utilizzo<br \/>\nRidotte dimensioni per il trasporto 30 x 28 x 1.5 cm<br \/>\nPeso: 410 gr.<br \/>\nAltezza da aperta: 27 cm<br \/>\nMateriale: acciaio inox<\/p>\n","protected":false},"excerpt":{"rendered":"<p>Questa griglia pieghevole \u00e8 ideale per arrostire quando si \u00e8 per strada. Con una superficie di 28 x 30 cm offre spazio a sufficienza per tutti i tipi di arrostimento: carne, w\u00fcrstel, pesce, verdure ed altro. L\u2019altezza di 27 cm consente di utilizzare la griglia comodamente sia sul fuoco che su altre fonti di calore [&hellip;]<\/p>\n","protected":false},"featured_media":88256,"comment_status":"open","ping_status":"closed","template":"","meta":{"inline_featured_image":false},"product_brand":[],"product_cat":[1348,1436],"product_tag":[1770,1774,1778],"class_list":{"0":"post-46444","1":"product","2":"type-product","3":"status-publish","4":"has-post-thumbnail","6":"product_cat-accessori-per-esercito-caccia","7":"product_cat-campeggio-viaggio","8":"product_tag-army-survival-it","9":"product_tag-caccia-pesca","10":"product_tag-campeggio-viaggio","12":"first","13":"instock","14":"taxable","15":"shipping-taxable","16":"purchasable","17":"product-type-simple"},"_links":{"self":[{"href":"https:\/\/metal-badge.ch\/it\/wp-json\/wp\/v2\/product\/46444","targetHints":{"allow":["GET"]}}],"collection":[{"href":"https:\/\/metal-badge.ch\/it\/wp-json\/wp\/v2\/product"}],"about":[{"href":"https:\/\/metal-badge.ch\/it\/wp-json\/wp\/v2\/types\/product"}],"replies":[{"embeddable":true,"href":"https:\/\/metal-badge.ch\/it\/wp-json\/wp\/v2\/comments?post=46444"}],"wp:featuredmedia":[{"embeddable":true,"href":"https:\/\/metal-badge.ch\/it\/wp-json\/wp\/v2\/media\/88256"}],"wp:attachment":[{"href":"https:\/\/metal-badge.ch\/it\/wp-json\/wp\/v2\/media?parent=46444"}],"wp:term":[{"taxonomy":"product_brand","embeddable":true,"href":"https:\/\/metal-badge.ch\/it\/wp-json\/wp\/v2\/product_brand?post=46444"},{"taxonomy":"product_cat","embeddable":true,"href":"https:\/\/metal-badge.ch\/it\/wp-json\/wp\/v2\/product_cat?post=46444"},{"taxonomy":"product_tag","embeddable":true,"href":"https:\/\/metal-badge.ch\/it\/wp-json\/wp\/v2\/product_tag?post=46444"}],"curies":[{"name":"wp","href":"https:\/\/api.w.org\/{rel}","templated":true}]}}