{"id":46040,"date":"2019-05-01T20:27:01","date_gmt":"2019-05-01T20:27:01","guid":{"rendered":"https:\/\/shop.metal-badge.ch\/?product=astuccio-in-cuoio-economy-paramedico-incisione"},"modified":"2020-12-17T06:15:12","modified_gmt":"2020-12-17T05:15:12","slug":"astuccio-in-cuoio-economy-paramedico-incisione","status":"publish","type":"product","link":"https:\/\/metal-badge.ch\/it\/product\/46040\/astuccio-in-cuoio-economy-paramedico-incisione\/","title":{"rendered":"Astuccio in cuoio &#8220;Economy&#8221; Paramedico, incisione"},"content":{"rendered":"<p>Astuccio in tessile cotone, formato verticale \u201eCamouflage &#8221; (colori di camuffamento) con grande scompartim\u00e9nto per monete e chiusura a bottone automatico.<\/p>\n<p>Al suo interno una finestra trasparente per carta d&#8217;identit\u00e0. Inoltre, ci sono 3 scompartim\u00e9nti per almeno 9 carte di credito. L&#8217;astuccio \u00e8 fornito di uno zip nero ed elegante. Un&#8217;altra separazione si trova sotto lo scompartim\u00e9nto a monete che offre pi\u00f9 nel posto per varie carte d&#8217;identit\u00e0, note, ricevute e 2 carte di credito, ecc.<\/p>\n<p>Due scompartim\u00e9nti distinti per le banconote sono anche contenuti nell&#8217;astuccio. Quest\u2019astuccio pu\u00f2 essere portato alla cintura di pantalone ed \u00e8 cos\u00ec perfettamente adattato per le attivit\u00e0 d&#8217;aria piena. Il supporto pratico pu\u00f2 essere facilmente fissato alla cintura con velcro e uno zip di sicurezza supplementare.<\/p>\n<p>Dimensione: larghezza 9 cm\/altezza 12.5 cm.<\/p>\n<p>Inserisci il testo per l&#8217;incisione nel campo commenti di ordinare &#8220;al traguardo di ordine (vedi terza immagine). La lunghezza massima del testo \u00e8 di 10 caratteri.<\/p>\n<p>Attenzione: I badge con incisione sono mandati solamente contro pagamento anticipo (non contro-rimborso).<\/p>\n<p>Prezzi incisione: 1 badge = CHF 30.-<\/p>\n<p>Prezzi incisione: 2 &#8211; 5 badges = CHF 25.-<\/p>\n<p>Prezzi incisione: 6 &#8211; 10 badges = CHF 20.-<\/p>\n<p>Prezzi incisione: da 10 pezzi = CHF 15.-<\/p>\n<p>Per ordini \u201ebadge con incisione\u201c, il tempo di consegna \u00e8 di 3-4 settimane.<\/p>\n","protected":false},"excerpt":{"rendered":"<p>Astuccio in tessile cotone, formato verticale \u201eCamouflage &#8221; (colori di camuffamento) con grande scompartim\u00e9nto per monete e chiusura a bottone automatico. Al suo interno una finestra trasparente per carta d&#8217;identit\u00e0. Inoltre, ci sono 3 scompartim\u00e9nti per almeno 9 carte di credito. L&#8217;astuccio \u00e8 fornito di uno zip nero ed elegante. Un&#8217;altra separazione si trova sotto [&hellip;]<\/p>\n","protected":false},"featured_media":46032,"comment_status":"open","ping_status":"closed","template":"","meta":{"inline_featured_image":false},"product_brand":[],"product_cat":[1456],"product_tag":[],"class_list":{"0":"post-46040","1":"product","2":"type-product","3":"status-publish","4":"has-post-thumbnail","6":"product_cat-paramedico-incisione","8":"first","9":"instock","10":"taxable","11":"shipping-taxable","12":"purchasable","13":"product-type-simple"},"_links":{"self":[{"href":"https:\/\/metal-badge.ch\/it\/wp-json\/wp\/v2\/product\/46040","targetHints":{"allow":["GET"]}}],"collection":[{"href":"https:\/\/metal-badge.ch\/it\/wp-json\/wp\/v2\/product"}],"about":[{"href":"https:\/\/metal-badge.ch\/it\/wp-json\/wp\/v2\/types\/product"}],"replies":[{"embeddable":true,"href":"https:\/\/metal-badge.ch\/it\/wp-json\/wp\/v2\/comments?post=46040"}],"wp:featuredmedia":[{"embeddable":true,"href":"https:\/\/metal-badge.ch\/it\/wp-json\/wp\/v2\/media\/46032"}],"wp:attachment":[{"href":"https:\/\/metal-badge.ch\/it\/wp-json\/wp\/v2\/media?parent=46040"}],"wp:term":[{"taxonomy":"product_brand","embeddable":true,"href":"https:\/\/metal-badge.ch\/it\/wp-json\/wp\/v2\/product_brand?post=46040"},{"taxonomy":"product_cat","embeddable":true,"href":"https:\/\/metal-badge.ch\/it\/wp-json\/wp\/v2\/product_cat?post=46040"},{"taxonomy":"product_tag","embeddable":true,"href":"https:\/\/metal-badge.ch\/it\/wp-json\/wp\/v2\/product_tag?post=46040"}],"curies":[{"name":"wp","href":"https:\/\/api.w.org\/{rel}","templated":true}]}}