{"id":46020,"date":"2019-04-30T19:00:48","date_gmt":"2019-04-30T19:00:48","guid":{"rendered":"https:\/\/shop.metal-badge.ch\/?product=astuccio-in-cuoio-classic-paramedico-incisione"},"modified":"2020-12-07T00:21:22","modified_gmt":"2020-12-06T23:21:22","slug":"astuccio-in-cuoio-classic-paramedico-incisione","status":"publish","type":"product","link":"https:\/\/metal-badge.ch\/it\/product\/46020\/astuccio-in-cuoio-classic-paramedico-incisione\/","title":{"rendered":"Astuccio in cuoio &#8220;Classic&#8221; Paramedico, incisione"},"content":{"rendered":"<p>Custodia nera in cuoio di bue di alta qualit\u00e0 finemente lavorato.<\/p>\n<p>Dotata di quattro tasche finestrate per carta d\u2019identit\u00e0 nonch\u00e9 uno scomparto per carte di credito per almeno tre carte. In pi\u00f9, un&#8217;altro scomparto all&#8217;interno della custodia per documenti, annotazioni, ricevute, ecc. La chiusura a catena \u00e8 facile da aprire ed \u00e8 fissata con un punto di rottura.<\/p>\n<p>Questa custodia \u00e8 dotata di quattro occhielli e pu\u00f2 essere portata in formato verticale siccome orizzontale. La custodia \u00e0 pieghevole lateralmente e fissata con velcro.<\/p>\n<p>Il top assoluto di questa custodia \u00e8 il portapenne elastico montato sulla laterale. Compresa nel prezzo, un\u2019esclusiva penna a sfera in metallo di color argento.<\/p>\n<p>Dimensioni \/ misure: larghezza 8.5 cm \/ altezza 11.0 cm<\/p>\n<p>Inserisci il testo per l&#8217;incisione nel campo commenti di ordinare &#8220;al traguardo di ordine (vedi terza immagine). La lunghezza massima del testo \u00e8 di 10 caratteri.<\/p>\n<p>Attenzione: I badge con incisione sono mandati solamente contro pagamento anticipo (non contro-rimborso).<\/p>\n<p>Prezzi incisione: 1 badge = CHF 30.-<\/p>\n<p>Prezzi incisione: 2 &#8211; 5 badges = CHF 25.-<\/p>\n<p>Prezzi incisione: 6 &#8211; 10 badges = CHF 20.-<\/p>\n<p>Prezzi incisione: da 10 pezzi = CHF 15.-<\/p>\n<p>Per ordini \u201ebadge con incisione\u201c, il tempo di consegna \u00e8 di 3-4 settimane.<\/p>\n","protected":false},"excerpt":{"rendered":"<p>Custodia nera in cuoio di bue di alta qualit\u00e0 finemente lavorato. Dotata di quattro tasche finestrate per carta d\u2019identit\u00e0 nonch\u00e9 uno scomparto per carte di credito per almeno tre carte. In pi\u00f9, un&#8217;altro scomparto all&#8217;interno della custodia per documenti, annotazioni, ricevute, ecc. La chiusura a catena \u00e8 facile da aprire ed \u00e8 fissata con un [&hellip;]<\/p>\n","protected":false},"featured_media":46012,"comment_status":"open","ping_status":"closed","template":"","meta":{"inline_featured_image":false},"product_brand":[],"product_cat":[1456],"product_tag":[],"class_list":{"0":"post-46020","1":"product","2":"type-product","3":"status-publish","4":"has-post-thumbnail","6":"product_cat-paramedico-incisione","8":"first","9":"instock","10":"taxable","11":"shipping-taxable","12":"purchasable","13":"product-type-simple"},"_links":{"self":[{"href":"https:\/\/metal-badge.ch\/it\/wp-json\/wp\/v2\/product\/46020","targetHints":{"allow":["GET"]}}],"collection":[{"href":"https:\/\/metal-badge.ch\/it\/wp-json\/wp\/v2\/product"}],"about":[{"href":"https:\/\/metal-badge.ch\/it\/wp-json\/wp\/v2\/types\/product"}],"replies":[{"embeddable":true,"href":"https:\/\/metal-badge.ch\/it\/wp-json\/wp\/v2\/comments?post=46020"}],"wp:featuredmedia":[{"embeddable":true,"href":"https:\/\/metal-badge.ch\/it\/wp-json\/wp\/v2\/media\/46012"}],"wp:attachment":[{"href":"https:\/\/metal-badge.ch\/it\/wp-json\/wp\/v2\/media?parent=46020"}],"wp:term":[{"taxonomy":"product_brand","embeddable":true,"href":"https:\/\/metal-badge.ch\/it\/wp-json\/wp\/v2\/product_brand?post=46020"},{"taxonomy":"product_cat","embeddable":true,"href":"https:\/\/metal-badge.ch\/it\/wp-json\/wp\/v2\/product_cat?post=46020"},{"taxonomy":"product_tag","embeddable":true,"href":"https:\/\/metal-badge.ch\/it\/wp-json\/wp\/v2\/product_tag?post=46020"}],"curies":[{"name":"wp","href":"https:\/\/api.w.org\/{rel}","templated":true}]}}