{"id":45985,"date":"2019-04-30T06:50:59","date_gmt":"2019-04-30T06:50:59","guid":{"rendered":"https:\/\/shop.metal-badge.ch\/?product=astuccio-in-cuoio-biker-paramedico-incisione"},"modified":"2020-12-07T01:20:06","modified_gmt":"2020-12-07T00:20:06","slug":"astuccio-in-cuoio-biker-paramedico-incisione","status":"publish","type":"product","link":"https:\/\/metal-badge.ch\/it\/product\/45985\/astuccio-in-cuoio-biker-paramedico-incisione\/","title":{"rendered":"Astuccio in cuoio &#8220;Biker&#8221; Paramedico, incisione"},"content":{"rendered":"<p>La scelta ideale per i motociclisti, i camionisti o gli appassionati di outdoor. Cuoio vitello marrone, duro e liscio. L astuccio \u00e8 fornito di due finestre per carte d&#8217;identit\u00e0 e di sei scomparti distinti per carte di credito e banconote.<\/p>\n<p>Un piccolo scomparto supplementare, per varie carte d identit\u00e0 e note, completa quest\u2019astuccio. L astuccio \u00e8 fornito dei due bottoni pressione decorativi. Collegato a una catena, l astuccio pu\u00f2 essere fissato facilmente a ogni cinghia di pantalone e conviene a ogni tasca. La catena di sicurezza amovibile, con una chiusura carabina ha una lunghezza di 42 cm.<\/p>\n<p>Questo cuoio resistente evidenzia la struttura naturale del prodotto e d\u00e0 a ogni astuccio il suo carattere individuale &#8211; gli esperti di cuoio ritengono l\u2019aspetto del cuoio portato come \u201cun incanto molto particolare\u201d.<\/p>\n<p>?Volete notare! .<br \/>\nOgni astuccio \u00e8 unico nel suo tipo. Per questo motivo le fotografie (colore e struttura del cuoio) possono differire nelle sfumature della merce consegnata!<\/p>\n<p>?Il cuoio \u00e8 una pelle animale conciata. \u00c8 un prodotto naturale di una bellezza eccezionale con tutte le sue irregolarit\u00e0 tipiche, come le tracce e gli errori di pigmento. Ogni parte ha la sua identit\u00e0 unica.<br \/>\nDimensione: larghezza 10 cm \/ altezza 12 cm.<\/p>\n<p>Inserisci il testo per l&#8217;incisione nel campo commenti di ordinare &#8220;al traguardo di ordine (vedi terza immagine). La lunghezza massima del testo \u00e8 di 10 caratteri.<\/p>\n<p>Attenzione: I badge con incisione sono mandati solamente contro pagamento anticipo (non contro-rimborso).<\/p>\n<p>Prezzi incisione: 1 badge = CHF 30.-<\/p>\n<p>Prezzi incisione: 2 &#8211; 5 badges = CHF 25.-<\/p>\n<p>Prezzi incisione: 6 &#8211; 10 badges = CHF 20.-<\/p>\n<p>Prezzi incisione: da 10 pezzi = CHF 15.-<\/p>\n<p>Per ordini \u201ebadge con incisione\u201c, il tempo di consegna \u00e8 di 3-4 settimane.<\/p>\n","protected":false},"excerpt":{"rendered":"<p>La scelta ideale per i motociclisti, i camionisti o gli appassionati di outdoor. Cuoio vitello marrone, duro e liscio. L astuccio \u00e8 fornito di due finestre per carte d&#8217;identit\u00e0 e di sei scomparti distinti per carte di credito e banconote. Un piccolo scomparto supplementare, per varie carte d identit\u00e0 e note, completa quest\u2019astuccio. L astuccio [&hellip;]<\/p>\n","protected":false},"featured_media":45977,"comment_status":"open","ping_status":"closed","template":"","meta":{"inline_featured_image":false},"product_brand":[],"product_cat":[1456],"product_tag":[],"class_list":{"0":"post-45985","1":"product","2":"type-product","3":"status-publish","4":"has-post-thumbnail","6":"product_cat-paramedico-incisione","8":"first","9":"instock","10":"taxable","11":"shipping-taxable","12":"purchasable","13":"product-type-simple"},"_links":{"self":[{"href":"https:\/\/metal-badge.ch\/it\/wp-json\/wp\/v2\/product\/45985","targetHints":{"allow":["GET"]}}],"collection":[{"href":"https:\/\/metal-badge.ch\/it\/wp-json\/wp\/v2\/product"}],"about":[{"href":"https:\/\/metal-badge.ch\/it\/wp-json\/wp\/v2\/types\/product"}],"replies":[{"embeddable":true,"href":"https:\/\/metal-badge.ch\/it\/wp-json\/wp\/v2\/comments?post=45985"}],"wp:featuredmedia":[{"embeddable":true,"href":"https:\/\/metal-badge.ch\/it\/wp-json\/wp\/v2\/media\/45977"}],"wp:attachment":[{"href":"https:\/\/metal-badge.ch\/it\/wp-json\/wp\/v2\/media?parent=45985"}],"wp:term":[{"taxonomy":"product_brand","embeddable":true,"href":"https:\/\/metal-badge.ch\/it\/wp-json\/wp\/v2\/product_brand?post=45985"},{"taxonomy":"product_cat","embeddable":true,"href":"https:\/\/metal-badge.ch\/it\/wp-json\/wp\/v2\/product_cat?post=45985"},{"taxonomy":"product_tag","embeddable":true,"href":"https:\/\/metal-badge.ch\/it\/wp-json\/wp\/v2\/product_tag?post=45985"}],"curies":[{"name":"wp","href":"https:\/\/api.w.org\/{rel}","templated":true}]}}