{"id":45914,"date":"2019-04-28T17:10:13","date_gmt":"2019-04-28T17:10:13","guid":{"rendered":"https:\/\/shop.metal-badge.ch\/?product=transenna-sbarramento-a-pantografo-in-metallo"},"modified":"2019-05-09T13:39:08","modified_gmt":"2019-05-09T13:39:08","slug":"transenna-sbarramento-a-pantografo-in-metallo","status":"publish","type":"product","link":"https:\/\/metal-badge.ch\/it\/product\/45914\/transenna-sbarramento-a-pantografo-in-metallo\/","title":{"rendered":"Transenna \/ sbarramento a pantografo in metallo"},"content":{"rendered":"<p>Questa transenna leggera in acciaio \u00e8 d\u2019aiuto quando bisogna mettere in sicurezza velocemente delle zone. Transenna \/ sbarramento estendibile a pantografo fino a 2,70 m. Quando \u00e8 chiusa pu\u00f2 essere conservata senza occupare molto spazio avendo una larghezza di appena 26 cm. Resistente e duratura nel tempo grazie al pregiato acciaio utilizzato. Grazie ad un gancio si possono attaccare diverse transenne l\u2019una accanto all\u2019altra.<br \/>\nZone di pericolo ed ingressi cantieri possono essere messi in sicurezza grazie alla transenna in pochi secondi. La transenna \u00e8 estendibile a pantografo e pu\u00f2 essere quindi adattata alle diverse situazioni. Si possono transennare anche ampie zono posizionando e agganciando pi\u00f9 di una transenna accanto all\u2019altra. Grazie all\u2019intelligente realizzazione a sbarre la transenna in acciaio pesa soltanto 9.5 kg. La transenna pu\u00f2 essere trasportata e posizionata senza l\u2019aiuto di una seconda persona. L\u2019altezza della transenna \u00e8 di 1 m e la massima larghezza di 2.70 m. La colorazione giallo-nera assicura una buona visibilit\u00e0 della transenna. I piedistalli hanno le dimensioni di 46 cm in modo che la transenna rimanga in piedi in maniera sicura.<\/p>\n<p><strong>Descrizione prodotto:<\/strong><br \/>\nMettete in sicurezza velocemente ed efficacemente zone di pericolo<br \/>\nRealizzazione stabile e robusta in acciaio<br \/>\nColore: giallo \/ nero<br \/>\nMateriale: acciaio, laccato e antiruggine<br \/>\nAste: in acciaio piatto<br \/>\nRichiudibile in maniera rapida e salvaspazio in 26 cm<br \/>\nEstendibile fino ad un massimo di 2,70 m<br \/>\nPeso: 9.5 kg<br \/>\nAltezze: 100 cm<\/p>\n","protected":false},"excerpt":{"rendered":"<p>Questa transenna leggera in acciaio \u00e8 d\u2019aiuto quando bisogna mettere in sicurezza velocemente delle zone. Transenna \/ sbarramento estendibile a pantografo fino a 2,70 m. Quando \u00e8 chiusa pu\u00f2 essere conservata senza occupare molto spazio avendo una larghezza di appena 26 cm. Resistente e duratura nel tempo grazie al pregiato acciaio utilizzato. Grazie ad un [&hellip;]<\/p>\n","protected":false},"featured_media":88276,"comment_status":"open","ping_status":"closed","template":"","meta":{"inline_featured_image":false},"product_brand":[],"product_cat":[1460],"product_tag":[1782,1794],"class_list":{"0":"post-45914","1":"product","2":"type-product","3":"status-publish","4":"has-post-thumbnail","6":"product_cat-barriere","7":"product_tag-polizia-sicurezza","8":"product_tag-veicolo-strada","10":"first","11":"instock","12":"taxable","13":"shipping-taxable","14":"purchasable","15":"product-type-simple"},"_links":{"self":[{"href":"https:\/\/metal-badge.ch\/it\/wp-json\/wp\/v2\/product\/45914","targetHints":{"allow":["GET"]}}],"collection":[{"href":"https:\/\/metal-badge.ch\/it\/wp-json\/wp\/v2\/product"}],"about":[{"href":"https:\/\/metal-badge.ch\/it\/wp-json\/wp\/v2\/types\/product"}],"replies":[{"embeddable":true,"href":"https:\/\/metal-badge.ch\/it\/wp-json\/wp\/v2\/comments?post=45914"}],"wp:featuredmedia":[{"embeddable":true,"href":"https:\/\/metal-badge.ch\/it\/wp-json\/wp\/v2\/media\/88276"}],"wp:attachment":[{"href":"https:\/\/metal-badge.ch\/it\/wp-json\/wp\/v2\/media?parent=45914"}],"wp:term":[{"taxonomy":"product_brand","embeddable":true,"href":"https:\/\/metal-badge.ch\/it\/wp-json\/wp\/v2\/product_brand?post=45914"},{"taxonomy":"product_cat","embeddable":true,"href":"https:\/\/metal-badge.ch\/it\/wp-json\/wp\/v2\/product_cat?post=45914"},{"taxonomy":"product_tag","embeddable":true,"href":"https:\/\/metal-badge.ch\/it\/wp-json\/wp\/v2\/product_tag?post=45914"}],"curies":[{"name":"wp","href":"https:\/\/api.w.org\/{rel}","templated":true}]}}