{"id":45899,"date":"2019-04-28T16:26:30","date_gmt":"2019-04-28T16:26:30","guid":{"rendered":"https:\/\/shop.metal-badge.ch\/?product=transenna-a-pantografo-rossa-in-plastica"},"modified":"2019-04-28T16:27:15","modified_gmt":"2019-04-28T16:27:15","slug":"transenna-a-pantografo-rossa-in-plastica","status":"publish","type":"product","link":"https:\/\/metal-badge.ch\/it\/product\/45899\/transenna-a-pantografo-rossa-in-plastica\/","title":{"rendered":"Transenna a pantografo rossa in plastica"},"content":{"rendered":"<p>Realizzata in robusto PVC resistente ai raggi UV in colore rosso per una buona visibilit\u00e0 anche di notte. I piedistalli esterni possono essere riempiti con sabbia o acqua per aumentarne la stabilit\u00e0. Con un peso di 2,5 kg quando \u00e8 vuota questa transenna a pant\u00f3grafo \u00e8 facile da transportare e pu\u00f2 essere utilizzata anche senza doversi sforzare. Quando \u00e8 piegata la transenna ha una dimensione di appena 29 cm ed pu\u00f2 essere trasportata o conservata senza ingombrare. La transenna pu\u00f2 essere aperta a pantografo senza scatti intermedi e raggiungere una larghezza di 2,40 m.<\/p>\n<p><strong>Descrizione prodotto:<\/strong><br \/>\nColore: rosso con strisce riflettenti<br \/>\nMateriale: PVC<br \/>\nPeso: 2.5 Kg se non riempita<br \/>\nAltezza: 1.1 m<br \/>\nLarghezza piedistalli: 39 cm<br \/>\nApribile a pantografo senza scatti intermedi fino a 2.40 m<br \/>\nRapida nel montaggio<br \/>\nFacile da trasportare<br \/>\nI piedistalli possono essere riempiti con acqua o sabbia.<\/p>\n","protected":false},"excerpt":{"rendered":"<p>Realizzata in robusto PVC resistente ai raggi UV in colore rosso per una buona visibilit\u00e0 anche di notte. I piedistalli esterni possono essere riempiti con sabbia o acqua per aumentarne la stabilit\u00e0. Con un peso di 2,5 kg quando \u00e8 vuota questa transenna a pant\u00f3grafo \u00e8 facile da transportare e pu\u00f2 essere utilizzata anche senza [&hellip;]<\/p>\n","protected":false},"featured_media":88278,"comment_status":"open","ping_status":"closed","template":"","meta":{"inline_featured_image":false},"product_brand":[],"product_cat":[1460],"product_tag":[1782,1794],"class_list":{"0":"post-45899","1":"product","2":"type-product","3":"status-publish","4":"has-post-thumbnail","6":"product_cat-barriere","7":"product_tag-polizia-sicurezza","8":"product_tag-veicolo-strada","10":"first","11":"instock","12":"taxable","13":"shipping-taxable","14":"purchasable","15":"product-type-simple"},"_links":{"self":[{"href":"https:\/\/metal-badge.ch\/it\/wp-json\/wp\/v2\/product\/45899","targetHints":{"allow":["GET"]}}],"collection":[{"href":"https:\/\/metal-badge.ch\/it\/wp-json\/wp\/v2\/product"}],"about":[{"href":"https:\/\/metal-badge.ch\/it\/wp-json\/wp\/v2\/types\/product"}],"replies":[{"embeddable":true,"href":"https:\/\/metal-badge.ch\/it\/wp-json\/wp\/v2\/comments?post=45899"}],"wp:featuredmedia":[{"embeddable":true,"href":"https:\/\/metal-badge.ch\/it\/wp-json\/wp\/v2\/media\/88278"}],"wp:attachment":[{"href":"https:\/\/metal-badge.ch\/it\/wp-json\/wp\/v2\/media?parent=45899"}],"wp:term":[{"taxonomy":"product_brand","embeddable":true,"href":"https:\/\/metal-badge.ch\/it\/wp-json\/wp\/v2\/product_brand?post=45899"},{"taxonomy":"product_cat","embeddable":true,"href":"https:\/\/metal-badge.ch\/it\/wp-json\/wp\/v2\/product_cat?post=45899"},{"taxonomy":"product_tag","embeddable":true,"href":"https:\/\/metal-badge.ch\/it\/wp-json\/wp\/v2\/product_tag?post=45899"}],"curies":[{"name":"wp","href":"https:\/\/api.w.org\/{rel}","templated":true}]}}