{"id":44602,"date":"2018-08-31T05:16:27","date_gmt":"2018-08-31T05:16:27","guid":{"rendered":"https:\/\/shop.metal-badge.ch\/?product=portamonete-priority-conduttore"},"modified":"2020-12-09T04:15:17","modified_gmt":"2020-12-09T03:15:17","slug":"portamonete-priority-conduttore","status":"publish","type":"product","link":"https:\/\/metal-badge.ch\/it\/product\/44602\/portamonete-priority-conduttore\/","title":{"rendered":"Portamonete &#8220;Priority&#8221; conduttore"},"content":{"rendered":"<p><strong>Utile, funzionale ed elegante, il porta\u00a0 carte di credito con tanti accessori.<\/strong><\/p>\n<p>Questo portamonete \u00e8 realizzato in pelle bovina al 100 in una calda tonalit\u00e0 grigia, esso \u00e8 dotato di un bottone a chiusura automatica ed un rivestimento in alluminio. Offre un veloce acceso alle 7 carte di credito da Voi pi\u00f9 utilizzate e possiede una finestrella per il documento oltre ad uno scompartimento inferiore per banconote ecc.<\/p>\n<p>L\u2019incavo per il badge si trova all\u2019interno, il badge pu\u00f2 esservi inserito comodamente da sopra.<\/p>\n<p>Con il porta carte di credito \u00e8 un gioco da ragazzi scegliere la carta di cui avete bisogno. Basta spingere il bottone previsto e vi si presenteranno le carte in uno scomparto. Smetterete di dover cercare scomodamente le carte di credito nel portamonete. Ospita almeno 7 carte di credito. Grazie alle compatte dimensioni il porta carte di credito pu\u00f2 essere riposto facilmente con il badge nelle tasche dei pantaloni o di una giacca.<\/p>\n<p>Questo porta carte di credito con box inoltre protegge le carte da eventuali danni al chip o alla banda magnetica, le carte sono inoltre protette da RFID nel box in alluminio.<\/p>\n<p><strong>Dimensioni \/ misure:<\/strong><br \/>\nAltezza 11.0 cm \/ Larghezza: 8.0 cm \/ Spessore 2.1 cm<br \/>\n<strong>Peso con badge:<\/strong> 150 gr.<\/p>\n<p>Adatto ad almeno 7 carte di credito<br \/>\n<strong>Colore:<\/strong> grigio chiaro<\/p>\n<p><strong>Portamonete: <\/strong>pelle bovina, <strong>Box: <\/strong>alluminio<\/p>\n<p><strong>Qui dentro le Vostre carte sono protette:<\/strong><\/p>\n<p>&#8211;\u00a0non possono piegarsi o distruggersi e non possono essere sottoposte a scannerizzazione RFID<\/p>\n","protected":false},"excerpt":{"rendered":"<p>Utile, funzionale ed elegante, il porta\u00a0 carte di credito con tanti accessori. Questo portamonete \u00e8 realizzato in pelle bovina al 100 in una calda tonalit\u00e0 grigia, esso \u00e8 dotato di un bottone a chiusura automatica ed un rivestimento in alluminio. Offre un veloce acceso alle 7 carte di credito da Voi pi\u00f9 utilizzate e possiede [&hellip;]<\/p>\n","protected":false},"featured_media":44593,"comment_status":"open","ping_status":"closed","template":"","meta":{"inline_featured_image":false},"product_brand":[],"product_cat":[1404,2340],"product_tag":[],"class_list":{"0":"post-44602","1":"product","2":"type-product","3":"status-publish","4":"has-post-thumbnail","6":"product_cat-conduttore","7":"product_cat-conduttore-it","9":"first","10":"instock","11":"taxable","12":"shipping-taxable","13":"purchasable","14":"product-type-simple"},"_links":{"self":[{"href":"https:\/\/metal-badge.ch\/it\/wp-json\/wp\/v2\/product\/44602","targetHints":{"allow":["GET"]}}],"collection":[{"href":"https:\/\/metal-badge.ch\/it\/wp-json\/wp\/v2\/product"}],"about":[{"href":"https:\/\/metal-badge.ch\/it\/wp-json\/wp\/v2\/types\/product"}],"replies":[{"embeddable":true,"href":"https:\/\/metal-badge.ch\/it\/wp-json\/wp\/v2\/comments?post=44602"}],"wp:featuredmedia":[{"embeddable":true,"href":"https:\/\/metal-badge.ch\/it\/wp-json\/wp\/v2\/media\/44593"}],"wp:attachment":[{"href":"https:\/\/metal-badge.ch\/it\/wp-json\/wp\/v2\/media?parent=44602"}],"wp:term":[{"taxonomy":"product_brand","embeddable":true,"href":"https:\/\/metal-badge.ch\/it\/wp-json\/wp\/v2\/product_brand?post=44602"},{"taxonomy":"product_cat","embeddable":true,"href":"https:\/\/metal-badge.ch\/it\/wp-json\/wp\/v2\/product_cat?post=44602"},{"taxonomy":"product_tag","embeddable":true,"href":"https:\/\/metal-badge.ch\/it\/wp-json\/wp\/v2\/product_tag?post=44602"}],"curies":[{"name":"wp","href":"https:\/\/api.w.org\/{rel}","templated":true}]}}