{"id":43682,"date":"2018-02-16T15:28:51","date_gmt":"2018-02-16T15:28:51","guid":{"rendered":"https:\/\/shop.metal-badge.ch\/?product=pali-da-tenda-in-alluminio-anodizzato"},"modified":"2023-09-20T01:36:00","modified_gmt":"2023-09-19T23:36:00","slug":"pali-da-tenda-in-alluminio-anodizzato-2","status":"publish","type":"product","link":"https:\/\/metal-badge.ch\/it\/product\/43682\/pali-da-tenda-in-alluminio-anodizzato-2\/","title":{"rendered":"Pali da tenda in alluminio anodizzato"},"content":{"rendered":"<p>Stabili e robusti pali da tenda per verande, pensiline, cucine da campo ecc.<\/p>\n<p>Pali da tenda di alta qualit\u00e0 in alluminio anodizzato. Disponibili in diverse lunghezze e diametri. Gli elementi dei pali da tenda sono collegati tra loro da una fascetta di gomma interna e si ripiegano con facilit\u00e0. I pali possono essere accorciati in altezza di 38 cm per mezzo di una staffa, ad una distanza di ca. 7cm. La lunghezza complessiva del palo messo insieme misura 2.60 m e accorciato 2.22 m. Sotto al palo, \u00e8 fissata una punta in acciaio, che penetra anche in terreni duri. Sulla parte superiore c&#8217;\u00e8 una punta lunga 5cm. In tal modo, la punta pu\u00f2 essere applicata al telo della tenda senza problemi. Noi forniamo due diverse misure.&nbsp;<\/p>\n<p><strong>Informazioni prodotto:<\/strong><\/p>\n<ul>\n<li>Pali da tenda in alluminio anodizzato<\/li>\n<li>Sacchetto grande da 77 cm con tracolla regolabile, compreso nella consegna<\/li>\n<li>2x set pali in alluminio da 260 cm inclusi per sacchetto<\/li>\n<li>Lunghezza pali: 260 cm regolabili, 4 pali da 66 cm collegati da fascetta elastica interna<\/li>\n<li>Diametro pali: 22 mm<\/li>\n<li>Peso: <strong>580 gr.<\/strong> per set da 260 cm<\/li>\n<\/ul>\n<p><strong>Su richiesta forniamo anche altre misure. <\/strong><\/p>\n<p>Oltre ai pali da tenda forniamo anche picchetti, funi Paracord e teloni. Vedi il seguente link:<br \/>\n<span style=\"color: #ff6600;\"><strong><a style=\"color: #ff6600;\" href=\"https:\/\/metal-badge.ch\/it\/product\/43674\/picchetti-in-titanio-6-pz\/\">picchetti<\/a><\/strong><\/span><br \/>\n<span style=\"color: #ff6600;\"><strong><a style=\"color: #ff6600;\" href=\"https:\/\/metal-badge.ch\/it\/product\/43655\/fune-paracord-oliva\/\">funi Paracord<\/a><\/strong><\/span><br \/>\n<span style=\"color: #ff6600;\"><strong>teloni<\/strong><\/span><\/p>\n","protected":false},"excerpt":{"rendered":"<p>Stabili e robusti pali da tenda per verande, pensiline, cucine da campo ecc.<\/p>\n<p>Pali da tenda di alta qualit\u00e0 in alluminio anodizzato. Disponibili in diverse lunghezze e diametri. Gli elementi dei pali da tenda sono collegati tra loro da una fascetta di gomma interna e si ripiegano con facilit\u00e0. I pali possono essere accorciati in altezza di 38 cm per mezzo di una staffa, ad una distanza di ca. 7cm. La lunghezza complessiva del palo messo insieme misura 2.60 m e accorciato 2.22 m. Sotto al palo, \u00e8 fissata una punta in acciaio, che penetra anche in terreni duri. Sulla parte superiore c&#8217;\u00e8 una punta lunga 5cm. In tal modo, la punta pu\u00f2 essere applicata al telo della tenda senza problemi. Noi forniamo due diverse misure.&nbsp;<\/p>\n","protected":false},"featured_media":43676,"comment_status":"open","ping_status":"closed","template":"","meta":{"inline_featured_image":false},"product_brand":[],"product_cat":[1348,1436,2458],"product_tag":[1770,1774,1778],"class_list":{"0":"post-43682","1":"product","2":"type-product","3":"status-publish","4":"has-post-thumbnail","6":"product_cat-accessori-per-esercito-caccia","7":"product_cat-campeggio-viaggio","8":"product_cat-pali-per-tenda-da-campeggio-e-picchetti","9":"product_tag-army-survival-it","10":"product_tag-caccia-pesca","11":"product_tag-campeggio-viaggio","13":"first","14":"instock","15":"taxable","16":"shipping-taxable","17":"purchasable","18":"product-type-simple"},"_links":{"self":[{"href":"https:\/\/metal-badge.ch\/it\/wp-json\/wp\/v2\/product\/43682","targetHints":{"allow":["GET"]}}],"collection":[{"href":"https:\/\/metal-badge.ch\/it\/wp-json\/wp\/v2\/product"}],"about":[{"href":"https:\/\/metal-badge.ch\/it\/wp-json\/wp\/v2\/types\/product"}],"replies":[{"embeddable":true,"href":"https:\/\/metal-badge.ch\/it\/wp-json\/wp\/v2\/comments?post=43682"}],"wp:featuredmedia":[{"embeddable":true,"href":"https:\/\/metal-badge.ch\/it\/wp-json\/wp\/v2\/media\/43676"}],"wp:attachment":[{"href":"https:\/\/metal-badge.ch\/it\/wp-json\/wp\/v2\/media?parent=43682"}],"wp:term":[{"taxonomy":"product_brand","embeddable":true,"href":"https:\/\/metal-badge.ch\/it\/wp-json\/wp\/v2\/product_brand?post=43682"},{"taxonomy":"product_cat","embeddable":true,"href":"https:\/\/metal-badge.ch\/it\/wp-json\/wp\/v2\/product_cat?post=43682"},{"taxonomy":"product_tag","embeddable":true,"href":"https:\/\/metal-badge.ch\/it\/wp-json\/wp\/v2\/product_tag?post=43682"}],"curies":[{"name":"wp","href":"https:\/\/api.w.org\/{rel}","templated":true}]}}