{"id":43674,"date":"2018-02-16T15:15:29","date_gmt":"2018-02-16T15:15:29","guid":{"rendered":"https:\/\/shop.metal-badge.ch\/?product=picchetti-in-titanio-6-pz"},"modified":"2021-07-13T07:56:39","modified_gmt":"2021-07-13T05:56:39","slug":"picchetti-in-titanio-6-pz","status":"publish","type":"product","link":"https:\/\/metal-badge.ch\/it\/product\/43674\/picchetti-in-titanio-6-pz\/","title":{"rendered":"Picchetti in titanio 6 pz."},"content":{"rendered":"<p>Forgiato in titanio massiccio; questo leggero picchetto pu\u00f2 essere piantato senza problemi anche nel terreno pu\u00f2 duro. Pu\u00f2 essere estratto facilmente tramite gli appositi anelli.<\/p>\n<p><strong>Informazioni prodotto:<\/strong><\/p>\n<ul>\n<li>6 pz. per confezione, tasca inclusa<\/li>\n<li>Peso:&nbsp; 52 gr. al pz.<\/li>\n<li>Lunghezza: 24 cm<\/li>\n<li>Diametro: 8 mm<\/li>\n<li>Colore: argento<\/li>\n<\/ul>\n<p>Oltre ai picchetti, forniamo anche pali da tenda, funi Paracord e teloni. Vedi il seguente link:<br \/>\n<span style=\"color: #ff6600;\"><strong><a style=\"color: #ff6600;\" href=\"https:\/\/metal-badge.ch\/it\/product\/43682\/pali-da-tenda-in-alluminio-anodizzato-2\/\">pali da tenda<\/a><\/strong><\/span><br \/>\n<span style=\"color: #ff6600;\"><strong><a style=\"color: #ff6600;\" href=\"https:\/\/metal-badge.ch\/it\/product\/43655\/fune-paracord-oliva\/\">funi Paracord<\/a><\/strong><\/span><br \/>\n<span style=\"color: #ff6600;\"><strong><a style=\"color: #ff6600;\" href=\"https:\/\/metal-badge.ch\/it\/product\/43665\/resistente-telone-in-pu-mimetico-piano-camouflage-3m-x-2-60-m\/\">teloni<\/a><\/strong><\/span><\/p>\n","protected":false},"excerpt":{"rendered":"<p>Forgiato in titanio massiccio; questo leggero picchetto pu\u00f2 essere piantato senza problemi anche nel terreno pu\u00f2 duro. Pu\u00f2 essere estratto facilmente tramite gli appositi anelli.<\/p>\n","protected":false},"featured_media":88586,"comment_status":"open","ping_status":"closed","template":"","meta":{"inline_featured_image":false},"product_brand":[],"product_cat":[1348,1436,2458],"product_tag":[1770,1774,1778],"class_list":{"0":"post-43674","1":"product","2":"type-product","3":"status-publish","4":"has-post-thumbnail","6":"product_cat-accessori-per-esercito-caccia","7":"product_cat-campeggio-viaggio","8":"product_cat-pali-per-tenda-da-campeggio-e-picchetti","9":"product_tag-army-survival-it","10":"product_tag-caccia-pesca","11":"product_tag-campeggio-viaggio","13":"first","14":"instock","15":"taxable","16":"shipping-taxable","17":"purchasable","18":"product-type-simple"},"_links":{"self":[{"href":"https:\/\/metal-badge.ch\/it\/wp-json\/wp\/v2\/product\/43674","targetHints":{"allow":["GET"]}}],"collection":[{"href":"https:\/\/metal-badge.ch\/it\/wp-json\/wp\/v2\/product"}],"about":[{"href":"https:\/\/metal-badge.ch\/it\/wp-json\/wp\/v2\/types\/product"}],"replies":[{"embeddable":true,"href":"https:\/\/metal-badge.ch\/it\/wp-json\/wp\/v2\/comments?post=43674"}],"wp:featuredmedia":[{"embeddable":true,"href":"https:\/\/metal-badge.ch\/it\/wp-json\/wp\/v2\/media\/88586"}],"wp:attachment":[{"href":"https:\/\/metal-badge.ch\/it\/wp-json\/wp\/v2\/media?parent=43674"}],"wp:term":[{"taxonomy":"product_brand","embeddable":true,"href":"https:\/\/metal-badge.ch\/it\/wp-json\/wp\/v2\/product_brand?post=43674"},{"taxonomy":"product_cat","embeddable":true,"href":"https:\/\/metal-badge.ch\/it\/wp-json\/wp\/v2\/product_cat?post=43674"},{"taxonomy":"product_tag","embeddable":true,"href":"https:\/\/metal-badge.ch\/it\/wp-json\/wp\/v2\/product_tag?post=43674"}],"curies":[{"name":"wp","href":"https:\/\/api.w.org\/{rel}","templated":true}]}}