{"id":43655,"date":"2018-02-16T14:46:52","date_gmt":"2018-02-16T14:46:52","guid":{"rendered":"https:\/\/shop.metal-badge.ch\/?product=fune-paracord-oliva"},"modified":"2021-07-13T07:36:09","modified_gmt":"2021-07-13T05:36:09","slug":"fune-paracord-oliva","status":"publish","type":"product","link":"https:\/\/metal-badge.ch\/it\/product\/43655\/fune-paracord-oliva\/","title":{"rendered":"Fune Paracord oliva"},"content":{"rendered":"<p>Funi intrecciate in polipropilene (PP) in filato 100% polipropilene multifilo. Le funi in PP sono molto apprezzate per il peso contenuto, la galleggiabilit\u00e0, la resistenza alle intemperie, l&#8217;alto carico di rottura, l&#8217;eccellente qualit\u00e0 e le innumerevoli possibilit\u00e0 di utilizzo. Hanno una superficie setosa, lucente e di forma rotonda, sono antiodore, morbide e si intrecciano bene. Il polipropilene ha una composizione chimica di benzina, diesel, olio lubrificante e alcali deboli.<\/p>\n<p><strong>Informazioni prodotto:<\/strong><\/p>\n<ul>\n<li>Lunghezza: 3 metri e 7 metri&nbsp;<\/li>\n<li>Colore: oliva<\/li>\n<li>Diametro: 6 mm&nbsp;<\/li>\n<li>Prezzo: al pz. da 3 metri CHF 7.-<\/li>\n<li>Prezzo: al pz. da 7 metri CHF 15.-<\/li>\n<\/ul>\n<p><strong>Su richiesta forniamo anche altre misure. <\/strong><\/p>\n<p>Oltre alle funi Paracord forniamo anche picchetti, pali per tende e teloni. Vedere il seguente link:<br \/>\n<span style=\"color: #ff6600;\"><strong><a style=\"color: #ff6600;\" href=\"https:\/\/metal-badge.ch\/it\/product\/43682\/pali-da-tenda-in-alluminio-anodizzato-2\/\">pali da tenda<\/a><\/strong><\/span><br \/>\n<span style=\"color: #ff6600;\"><strong><a style=\"color: #ff6600;\" href=\"https:\/\/metal-badge.ch\/it\/product\/43674\/picchetti-in-titanio-6-pz\/\">picchetti<\/a><\/strong><\/span><br \/>\n<span style=\"color: #ff6600;\"><strong><a style=\"color: #ff6600;\" href=\"https:\/\/metal-badge.ch\/it\/product\/43655\/fune-paracord-oliva\/\">funi Paracord<\/a><\/strong><\/span><br \/>\n<span style=\"color: #ff6600;\"><strong><a style=\"color: #ff6600;\" href=\"https:\/\/metal-badge.ch\/it\/product\/43665\/resistente-telone-in-pu-mimetico-piano-camouflage-3m-x-2-60-m\/\">teloni<\/a><\/strong><\/span><\/p>\n","protected":false},"excerpt":{"rendered":"<p>Funi intrecciate in polipropilene (PP) in filato 100% polipropilene multifilo. Le funi in PP sono molto apprezzate per il peso contenuto, la galleggiabilit\u00e0, la resistenza alle intemperie, l&#8217;alto carico di rottura, l&#8217;eccellente qualit\u00e0 e le innumerevoli possibilit\u00e0 di utilizzo. Hanno una superficie setosa, lucente e di forma rotonda, sono antiodore, morbide e si intrecciano bene. Il polipropilene ha una composizione chimica di benzina, diesel, olio lubrificante e alcali deboli.<\/p>\n","protected":false},"featured_media":55818,"comment_status":"open","ping_status":"closed","template":"","meta":{"inline_featured_image":false},"product_brand":[],"product_cat":[1348,1436,1679],"product_tag":[1770,1774,1778,1766],"class_list":{"0":"post-43655","1":"product","2":"type-product","3":"status-publish","4":"has-post-thumbnail","6":"product_cat-accessori-per-esercito-caccia","7":"product_cat-campeggio-viaggio","8":"product_cat-funi-sicurezza","9":"product_tag-army-survival-it","10":"product_tag-caccia-pesca","11":"product_tag-campeggio-viaggio","12":"product_tag-sport-outdoor-it","14":"first","15":"instock","16":"taxable","17":"shipping-taxable","18":"purchasable","19":"product-type-simple"},"_links":{"self":[{"href":"https:\/\/metal-badge.ch\/it\/wp-json\/wp\/v2\/product\/43655","targetHints":{"allow":["GET"]}}],"collection":[{"href":"https:\/\/metal-badge.ch\/it\/wp-json\/wp\/v2\/product"}],"about":[{"href":"https:\/\/metal-badge.ch\/it\/wp-json\/wp\/v2\/types\/product"}],"replies":[{"embeddable":true,"href":"https:\/\/metal-badge.ch\/it\/wp-json\/wp\/v2\/comments?post=43655"}],"wp:featuredmedia":[{"embeddable":true,"href":"https:\/\/metal-badge.ch\/it\/wp-json\/wp\/v2\/media\/55818"}],"wp:attachment":[{"href":"https:\/\/metal-badge.ch\/it\/wp-json\/wp\/v2\/media?parent=43655"}],"wp:term":[{"taxonomy":"product_brand","embeddable":true,"href":"https:\/\/metal-badge.ch\/it\/wp-json\/wp\/v2\/product_brand?post=43655"},{"taxonomy":"product_cat","embeddable":true,"href":"https:\/\/metal-badge.ch\/it\/wp-json\/wp\/v2\/product_cat?post=43655"},{"taxonomy":"product_tag","embeddable":true,"href":"https:\/\/metal-badge.ch\/it\/wp-json\/wp\/v2\/product_tag?post=43655"}],"curies":[{"name":"wp","href":"https:\/\/api.w.org\/{rel}","templated":true}]}}