{"id":43649,"date":"2018-02-16T12:01:50","date_gmt":"2018-02-16T12:01:50","guid":{"rendered":"https:\/\/shop.metal-badge.ch\/?product=borsetta-per-accessori-foto-o-video-bp-1603-in-funzionale-nylon-ripstop"},"modified":"2020-08-02T03:27:53","modified_gmt":"2020-08-02T03:27:53","slug":"borsetta-per-accessori-foto-o-video-bp-1603-in-funzionale-nylon-ripstop","status":"publish","type":"product","link":"https:\/\/metal-badge.ch\/it\/product\/43649\/borsetta-per-accessori-foto-o-video-bp-1603-in-funzionale-nylon-ripstop\/","title":{"rendered":"Borsetta per accessori foto o video BP 1603 in funzionale nylon ripstop"},"content":{"rendered":"<p>Questa borsetta per camera robusta ed impermeabile in nylon ripstop \u00e8 imbattibile in quanto a rapporto qualit\u00e0 prezzo. Sulla parte inferiore la borsetta \u00e8 dotata di 3 gommini antiscivolo che garantiscono una massima protezione anche su superfici ruvide. La borsetta inoltre ha due robuste fettucce in nylon per potere essere posizionata su una valigia con le ruote. La tasca esterna pu\u00f2 essere utilizzata sia per riporre degli oggetti oppure, aprendo la cerniera inferiore per posizionare la borsetta sulla valigia. Vedi foto. La borsetta pu\u00f2 essere comodamente trasportata utilizzando la bretella imbottite che pu\u00f2 anche essere rimossa tramite due stabili chiusure in metallo. La bretella pu\u00f2 essere allungata fino ad 1,6 metri. Inoltre la borsetta ha un robusto manico imbottito sia sulla parte sinistra che quella destra.<\/p>\n<p>Anche sul coperchio c\u2019\u00e8 un manico imbottito ed una doppia cerniera con delle cordicelle in plastica ed una cerniera. La seconda ampia tasca esterna con una cerniera perimetrale \u00e8 dotata di due tasche a rete interne e di diversi scomparti per carte, penne ed altri accessori. La vera e propria tasca principale pu\u00f2 essere suddivisa a piacimento tramite un\u2018imbottitura divisoria. Quest\u2019ultima \u00e8 dotata di velcro ed \u00e8 facile e stabile da applicare. In tal modo la camera e gli obiettivi sono riposti nelle tasche imbottite e quindi protetti da urti e danneggiamenti.<br \/>\n\u00a0<\/p>\n<p><strong>Descrizione prodotto:<\/strong><br \/>\nColore: nero<br \/>\nPeso: 1460 gr.<br \/>\nVolume: 20 litri<br \/>\nMateriale: ripstop nylon<br \/>\nBretella per la spalla imbottita, pu\u00f2 essere rimossa<br \/>\nStabili manici<br \/>\nDimensioni borsetta: altezza 28 cm \/ lunghezza 48 cm \/ larghezza 33 cm<br \/>\nTira-cerniera a T<br \/>\nDisposizione interna individuale con almeno 5 divisori con velcro per 6 scomparti separatori e rimovibili antigraffio ed imbottiti\u00a0<\/p>\n","protected":false},"excerpt":{"rendered":"<p>Questa borsetta per camera robusta ed impermeabile in nylon ripstop \u00e8 imbattibile in quanto a rapporto qualit\u00e0 prezzo. Sulla parte inferiore la borsetta \u00e8 dotata di 3 gommini antiscivolo che garantiscono una massima protezione anche su superfici ruvide. La borsetta inoltre ha due robuste fettucce in nylon per potere essere posizionata su una valigia con [&hellip;]<\/p>\n","protected":false},"featured_media":88588,"comment_status":"open","ping_status":"closed","template":"","meta":{"inline_featured_image":false},"product_brand":[],"product_cat":[1060,1814,1436],"product_tag":[1770,1774,1778,1766],"class_list":{"0":"post-43649","1":"product","2":"type-product","3":"status-publish","4":"has-post-thumbnail","6":"product_cat-borse","7":"product_cat-borse-per-il-trasporto-da-viaggio","8":"product_cat-campeggio-viaggio","9":"product_tag-army-survival-it","10":"product_tag-caccia-pesca","11":"product_tag-campeggio-viaggio","12":"product_tag-sport-outdoor-it","14":"first","15":"instock","16":"taxable","17":"shipping-taxable","18":"purchasable","19":"product-type-simple"},"_links":{"self":[{"href":"https:\/\/metal-badge.ch\/it\/wp-json\/wp\/v2\/product\/43649","targetHints":{"allow":["GET"]}}],"collection":[{"href":"https:\/\/metal-badge.ch\/it\/wp-json\/wp\/v2\/product"}],"about":[{"href":"https:\/\/metal-badge.ch\/it\/wp-json\/wp\/v2\/types\/product"}],"replies":[{"embeddable":true,"href":"https:\/\/metal-badge.ch\/it\/wp-json\/wp\/v2\/comments?post=43649"}],"wp:featuredmedia":[{"embeddable":true,"href":"https:\/\/metal-badge.ch\/it\/wp-json\/wp\/v2\/media\/88588"}],"wp:attachment":[{"href":"https:\/\/metal-badge.ch\/it\/wp-json\/wp\/v2\/media?parent=43649"}],"wp:term":[{"taxonomy":"product_brand","embeddable":true,"href":"https:\/\/metal-badge.ch\/it\/wp-json\/wp\/v2\/product_brand?post=43649"},{"taxonomy":"product_cat","embeddable":true,"href":"https:\/\/metal-badge.ch\/it\/wp-json\/wp\/v2\/product_cat?post=43649"},{"taxonomy":"product_tag","embeddable":true,"href":"https:\/\/metal-badge.ch\/it\/wp-json\/wp\/v2\/product_tag?post=43649"}],"curies":[{"name":"wp","href":"https:\/\/api.w.org\/{rel}","templated":true}]}}