{"id":43638,"date":"2018-02-16T11:50:14","date_gmt":"2018-02-16T11:50:14","guid":{"rendered":"https:\/\/shop.metal-badge.ch\/?product=zaino-per-macchina-fotografica-in-nylon-ripstop-bp-1602-indepman"},"modified":"2018-02-16T12:02:58","modified_gmt":"2018-02-16T12:02:58","slug":"zaino-per-macchina-fotografica-in-nylon-ripstop-bp-1602-indepman","status":"publish","type":"product","link":"https:\/\/metal-badge.ch\/it\/product\/43638\/zaino-per-macchina-fotografica-in-nylon-ripstop-bp-1602-indepman\/","title":{"rendered":"Zaino per macchina fotografica in nylon ripstop BP 1602 INDEPMAN"},"content":{"rendered":"<p>Molto spazio e tasche per accessori<\/p>\n<p>Elevato comfort nell\u2019indossarlo e divisione interna individualizzabile. Questo zaino per macchina fotogratica non vi offre soltanto la possibilit\u00e0 di organizzare al meglio gli oggetti al suo interno. Esso si adatta perfettamente anche alle vostre attuali necessit\u00e0. Forma che si adatta perfettamente ed elevatissimo comfort nell\u2019indossarlo grazie ad un sistema di indossaggio ben ideato e alla zona posteriore traspirante. Questo zaino \u00e8 dotato di bretelle regolabili individualmente e con chiusura a baionetta oltre ad una cinghia orizzontale anch\u2019essa regolabile e con chiusura a baionetta. In tal modo il peso si pu\u00f2 facilmente distribuire in maniera ideale su tutto il corpo. \u00c8 anche garantito un immediato accesso alla vostra fotocamera perch\u00e9 potrete fare scivolare lo zaino comodamente verso la parte anteriore.<\/p>\n<p>La parte superiore dello zaino offre spazio a sufficienza per i vostri oggetti personali e pu\u00f2 essere collegata allo scomparto principale nel caso in cui abbiate molta roba da portare con voi. Lo scomparto principale pu\u00f2 essere suddiviso a piacimento tramite 6 robuste pareti divisorie dotate di velcro. Inoltre sulla parte esterna dello zaino c\u2019\u00e8 una banda di nylon con chiusura ed un supporto nascosto sulla parte inferiore dello zaino per posizionare il treppiedi. All\u2019esterno c\u2019\u00e8 anche una tasca a rete. Gli innovativi sistemi di tasche con diverse cerniere rendono possibile un facile accesso alla fotocamera. \u00a0In dotazione vi \u00e8 anche una copertura impermeabile per lo zaino. Un ulteriore vantaggio \u00e8 rappresentato dagli stabili manici di cui \u00e8 dotato questo zaino sulla parte superiore e laterale che permettono di trasportarlo sempre comodamente.<br \/>\n\u00a0<\/p>\n<p><strong>Descrizione prodotto:<\/strong><br \/>\nColore: nero, interno rosso<br \/>\nPeso:\u00a0 850 gr.<br \/>\nVolume: 15 litri<br \/>\nMateriale: ripstop nylon<br \/>\nParte posteriore traspirante<br \/>\nBretelle regolabili e allungabili<br \/>\nDue stabili manici per un trasporto orizzontale o verticale<br \/>\nDimensioni zaino: altezza 45 cm \/ profondit\u00e0 20 cm \/ larghezza 26 cm<br \/>\n2x tasche esterne a rete con cerniera interna<br \/>\nDisposizione interna individuale con almeno 6 divisori con velcro per 8 scomparti separatori e rimovibili antigraffio ed imbottiti<br \/>\nElastico in nylon con chiusura ed ulteriore banda con velcro<\/p>\n<p>\u00a0<\/p>\n","protected":false},"excerpt":{"rendered":"<p>Molto spazio e tasche per accessori Elevato comfort nell\u2019indossarlo e divisione interna individualizzabile. Questo zaino per macchina fotogratica non vi offre soltanto la possibilit\u00e0 di organizzare al meglio gli oggetti al suo interno. Esso si adatta perfettamente anche alle vostre attuali necessit\u00e0. Forma che si adatta perfettamente ed elevatissimo comfort nell\u2019indossarlo grazie ad un sistema [&hellip;]<\/p>\n","protected":false},"featured_media":88590,"comment_status":"open","ping_status":"closed","template":"","meta":{"inline_featured_image":false},"product_brand":[],"product_cat":[1060,1814,1436,1256],"product_tag":[1770,1774,1778,1766],"class_list":{"0":"post-43638","1":"product","2":"type-product","3":"status-publish","4":"has-post-thumbnail","6":"product_cat-borse","7":"product_cat-borse-per-il-trasporto-da-viaggio","8":"product_cat-campeggio-viaggio","9":"product_cat-zaini-e-sistemi-per-bere","10":"product_tag-army-survival-it","11":"product_tag-caccia-pesca","12":"product_tag-campeggio-viaggio","13":"product_tag-sport-outdoor-it","15":"first","16":"instock","17":"taxable","18":"shipping-taxable","19":"purchasable","20":"product-type-simple"},"_links":{"self":[{"href":"https:\/\/metal-badge.ch\/it\/wp-json\/wp\/v2\/product\/43638","targetHints":{"allow":["GET"]}}],"collection":[{"href":"https:\/\/metal-badge.ch\/it\/wp-json\/wp\/v2\/product"}],"about":[{"href":"https:\/\/metal-badge.ch\/it\/wp-json\/wp\/v2\/types\/product"}],"replies":[{"embeddable":true,"href":"https:\/\/metal-badge.ch\/it\/wp-json\/wp\/v2\/comments?post=43638"}],"wp:featuredmedia":[{"embeddable":true,"href":"https:\/\/metal-badge.ch\/it\/wp-json\/wp\/v2\/media\/88590"}],"wp:attachment":[{"href":"https:\/\/metal-badge.ch\/it\/wp-json\/wp\/v2\/media?parent=43638"}],"wp:term":[{"taxonomy":"product_brand","embeddable":true,"href":"https:\/\/metal-badge.ch\/it\/wp-json\/wp\/v2\/product_brand?post=43638"},{"taxonomy":"product_cat","embeddable":true,"href":"https:\/\/metal-badge.ch\/it\/wp-json\/wp\/v2\/product_cat?post=43638"},{"taxonomy":"product_tag","embeddable":true,"href":"https:\/\/metal-badge.ch\/it\/wp-json\/wp\/v2\/product_tag?post=43638"}],"curies":[{"name":"wp","href":"https:\/\/api.w.org\/{rel}","templated":true}]}}