{"id":43466,"date":"2018-02-15T11:48:52","date_gmt":"2018-02-15T11:48:52","guid":{"rendered":"https:\/\/shop.metal-badge.ch\/?product=guanti-tattici-m-pact-marroni"},"modified":"2020-08-02T03:26:14","modified_gmt":"2020-08-02T03:26:14","slug":"guanti-tattici-m-pact-marroni","status":"publish","type":"product","link":"https:\/\/metal-badge.ch\/it\/product\/43466\/guanti-tattici-m-pact-marroni\/","title":{"rendered":"Guanti tattici M-Pact marroni"},"content":{"rendered":"<p><strong>Guanti tattici M-Pact marroni<\/strong><\/p>\n<p>I guanti M-Pact sono guanti Allround della serie Tactical e offrono una doppia protezione per le mani. Con gli inserti in gomma nella zona delle nocche e sulle dita, queste parti vengono adeguatamente protette. E per la protezione del palmo e una buona presa, questi guanti hanno un&#8217;imbottitura localizzata. Le punte di pollice e indice sono rinforzate, offrendo cos\u00ec una buona sensibilit\u00e0 tattile. La chiusura in velcro sul polso ottimizza la stabilit\u00e0 di posizionamento. Abbiamo diverse misure disponibili, vedere tabella qui di seguito.<\/p>\n<p><strong>Informazioni prodotto:<\/strong><br \/>\nAdattabilit\u00e0 pratica e buona<br \/>\nColore: marrone \/ nero<br \/>\nMateriale sul palmo: 58 % pelle Amara<br \/>\nMateriale: sul dorso\u00a0 27 % poliestere Forway, 15 % inserti in gomma su palmo e dorso<br \/>\nInterno: fodera in poliestere<br \/>\nPeso: 112 gr. Paio<br \/>\nMisure: da 7 a 12 disponibili, vedere tabella qui di seguito<br \/>\n\u00a0<\/p>\n<p><img decoding=\"async\" src=\"https:\/\/metal-badge.ch\/wp-content\/uploads\/2021\/04\/size_table_einsatzhandschuhe.jpg\" style=\"height:auto; width:100%\" alt=\"\"><\/p>\n","protected":false},"excerpt":{"rendered":"<p>Guanti tattici M-Pact marroni I guanti M-Pact sono guanti Allround della serie Tactical e offrono una doppia protezione per le mani. Con gli inserti in gomma nella zona delle nocche e sulle dita, queste parti vengono adeguatamente protette. E per la protezione del palmo e una buona presa, questi guanti hanno un&#8217;imbottitura localizzata. Le punte [&hellip;]<\/p>\n","protected":false},"featured_media":88660,"comment_status":"open","ping_status":"closed","template":"","meta":{"inline_featured_image":false},"product_brand":[],"product_cat":[1348,1642],"product_tag":[1770,1774,1782,1766],"class_list":{"0":"post-43466","1":"product","2":"type-product","3":"status-publish","4":"has-post-thumbnail","6":"product_cat-accessori-per-esercito-caccia","7":"product_cat-guanti-guanti-da-azione","8":"product_tag-army-survival-it","9":"product_tag-caccia-pesca","10":"product_tag-polizia-sicurezza","11":"product_tag-sport-outdoor-it","13":"first","14":"instock","15":"taxable","16":"shipping-taxable","17":"purchasable","18":"product-type-simple"},"_links":{"self":[{"href":"https:\/\/metal-badge.ch\/it\/wp-json\/wp\/v2\/product\/43466","targetHints":{"allow":["GET"]}}],"collection":[{"href":"https:\/\/metal-badge.ch\/it\/wp-json\/wp\/v2\/product"}],"about":[{"href":"https:\/\/metal-badge.ch\/it\/wp-json\/wp\/v2\/types\/product"}],"replies":[{"embeddable":true,"href":"https:\/\/metal-badge.ch\/it\/wp-json\/wp\/v2\/comments?post=43466"}],"wp:featuredmedia":[{"embeddable":true,"href":"https:\/\/metal-badge.ch\/it\/wp-json\/wp\/v2\/media\/88660"}],"wp:attachment":[{"href":"https:\/\/metal-badge.ch\/it\/wp-json\/wp\/v2\/media?parent=43466"}],"wp:term":[{"taxonomy":"product_brand","embeddable":true,"href":"https:\/\/metal-badge.ch\/it\/wp-json\/wp\/v2\/product_brand?post=43466"},{"taxonomy":"product_cat","embeddable":true,"href":"https:\/\/metal-badge.ch\/it\/wp-json\/wp\/v2\/product_cat?post=43466"},{"taxonomy":"product_tag","embeddable":true,"href":"https:\/\/metal-badge.ch\/it\/wp-json\/wp\/v2\/product_tag?post=43466"}],"curies":[{"name":"wp","href":"https:\/\/api.w.org\/{rel}","templated":true}]}}