{"id":43419,"date":"2018-02-14T13:37:46","date_gmt":"2018-02-14T13:37:46","guid":{"rendered":"https:\/\/shop.metal-badge.ch\/?product=tenda-mimetica-blind-hub-050"},"modified":"2020-08-02T03:25:34","modified_gmt":"2020-08-02T03:25:34","slug":"tenda-mimetica-blind-hub-050","status":"publish","type":"product","link":"https:\/\/metal-badge.ch\/it\/product\/43419\/tenda-mimetica-blind-hub-050\/","title":{"rendered":"Tenda mimetica, Blind HUB 050"},"content":{"rendered":"<p>La tenda mimetica vi offre le condizioni ottimali per osservare la natura e per cacciare. Il resistente materiale in poliestere protegge voi e il vostro stesso equipaggiamento dalla pioggia battente e vi permette di fondervi con l&#8217;ambiente circostante. Allo stesso tempo, \u00e8 abbastanza leggera e, grazie al meccanismo della tenda pu\u00f2 essere montata in pochi secondi, tanto che potete anche cambiare luogo di osservazione con rapidit\u00e0. Le fibre in vetroresina sono gi\u00e0 tutte montate nella tenda. Pertanto, non \u00e8 necessario portarsi dietro nessuna elaborata intelaiatura.<\/p>\n<p>Numerose aperture concedono una visuale completa a 360\u00b0. Tutte le aperture a finestra si utilizzano tramite cerniere lampo. Grandi aperture permettono di entrare e uscire con attrezzature ingombranti. Inoltre, la sacca di imballaggio con bandoliera \u00e8 inclusa nella fornitura. In tal modo, la tenda pu\u00f2 essere riposta velocemente. Si ripiega facilmente e si infila nella sacca.<br \/>\n\u00a0<\/p>\n<p><strong>Informazioni prodotto: <\/strong><br \/>\nPeso: 6.7 kg<br \/>\nTelaio: fibra di vetro<br \/>\nPer 2 fino a 3 persone<br \/>\n8x finestre con chiusura lampo per una visuale a 360\u00b0<br \/>\nDimensioni: Lunghezza 145 cm \/ Larghezza 145 cm \/ Altezza 165 cm<br \/>\nColore: mimetico<br \/>\nMateriale: rivestito in PU Oxford 150 D impermeabile<br \/>\nMeccanismo della tenda, montaggio rapido in pochi secondi<br \/>\nSi ripone rapidamente ripiegandola<br \/>\nSacca da trasporto con 1x bandoliera compresa nella fornitura<br \/>\nTutte le finestre sono dotate di una cerniera lampo per una completa visuale garantita<br \/>\nGrande apertura ingresso con cerniera lampo\u00a0\u00a0\u00a0\u00a0\u00a0\u00a0\u00a0\u00a0\u00a0\u00a0\u00a0\u00a0\u00a0\u00a0\u00a0\u00a0\u00a0\u00a0\u00a0\u00a0\u00a0\u00a0\u00a0\u00a0\u00a0\u00a0\u00a0\u00a0\u00a0\u00a0\u00a0\u00a0\u00a0\u00a0\u00a0\u00a0\u00a0\u00a0\u00a0\u00a0\u00a0\u00a0\u00a0\u00a0\u00a0\u00a0\u00a0\u00a0\u00a0\u00a0\u00a0\u00a0\u00a0\u00a0\u00a0\u00a0\u00a0\u00a0\u00a0\u00a0\u00a0\u00a0\u00a0\u00a0\u00a0\u00a0\u00a0\u00a0\u00a0\u00a0\u00a0\u00a0\u00a0\u00a0\u00a0\u00a0\u00a0\u00a0\u00a0\u00a0\u00a0\u00a0\u00a0\u00a0\u00a0\u00a0\u00a0\u00a0\u00a0\u00a0\u00a0\u00a0\u00a0\u00a0\u00a0\u00a0<\/p>\n","protected":false},"excerpt":{"rendered":"<p>La tenda mimetica vi offre le condizioni ottimali per osservare la natura e per cacciare. Il resistente materiale in poliestere protegge voi e il vostro stesso equipaggiamento dalla pioggia battente e vi permette di fondervi con l&#8217;ambiente circostante. Allo stesso tempo, \u00e8 abbastanza leggera e, grazie al meccanismo della tenda pu\u00f2 essere montata in pochi [&hellip;]<\/p>\n","protected":false},"featured_media":55824,"comment_status":"open","ping_status":"closed","template":"","meta":{"inline_featured_image":false},"product_brand":[],"product_cat":[1348,1436],"product_tag":[1770,1774,1778],"class_list":{"0":"post-43419","1":"product","2":"type-product","3":"status-publish","4":"has-post-thumbnail","6":"product_cat-accessori-per-esercito-caccia","7":"product_cat-campeggio-viaggio","8":"product_tag-army-survival-it","9":"product_tag-caccia-pesca","10":"product_tag-campeggio-viaggio","12":"first","13":"instock","14":"taxable","15":"shipping-taxable","16":"purchasable","17":"product-type-simple"},"_links":{"self":[{"href":"https:\/\/metal-badge.ch\/it\/wp-json\/wp\/v2\/product\/43419","targetHints":{"allow":["GET"]}}],"collection":[{"href":"https:\/\/metal-badge.ch\/it\/wp-json\/wp\/v2\/product"}],"about":[{"href":"https:\/\/metal-badge.ch\/it\/wp-json\/wp\/v2\/types\/product"}],"replies":[{"embeddable":true,"href":"https:\/\/metal-badge.ch\/it\/wp-json\/wp\/v2\/comments?post=43419"}],"wp:featuredmedia":[{"embeddable":true,"href":"https:\/\/metal-badge.ch\/it\/wp-json\/wp\/v2\/media\/55824"}],"wp:attachment":[{"href":"https:\/\/metal-badge.ch\/it\/wp-json\/wp\/v2\/media?parent=43419"}],"wp:term":[{"taxonomy":"product_brand","embeddable":true,"href":"https:\/\/metal-badge.ch\/it\/wp-json\/wp\/v2\/product_brand?post=43419"},{"taxonomy":"product_cat","embeddable":true,"href":"https:\/\/metal-badge.ch\/it\/wp-json\/wp\/v2\/product_cat?post=43419"},{"taxonomy":"product_tag","embeddable":true,"href":"https:\/\/metal-badge.ch\/it\/wp-json\/wp\/v2\/product_tag?post=43419"}],"curies":[{"name":"wp","href":"https:\/\/api.w.org\/{rel}","templated":true}]}}