{"id":43388,"date":"2018-02-14T10:26:03","date_gmt":"2018-02-14T10:26:03","guid":{"rendered":"https:\/\/shop.metal-badge.ch\/?product=tenda-da-bivacco-mimetica-einmann-bivytent"},"modified":"2023-08-01T17:27:31","modified_gmt":"2023-08-01T15:27:31","slug":"tenda-da-bivacco-mimetica-einmann-bivytent","status":"publish","type":"product","link":"https:\/\/metal-badge.ch\/it\/product\/43388\/tenda-da-bivacco-mimetica-einmann-bivytent\/","title":{"rendered":"Tenda da bivacco mimetica Einmann BivyTent"},"content":{"rendered":"<p>Questa pregiata e pratica ma al tempo stesso spaziosa tenda da bivacco \u00e8 stata ideata per condizioni atmosferiche estreme e pu\u00f2 essere riposta in maniera compatta nella sua sacca a compressione. Il materiale utilizzato \u00e8 il Sil-nylon ripstop 15D con un rivestimento di poliuretano impermeabile da 3000mm. Il rivestimento traspirante della tenda resistente all\u2019acqua, al vento e alle abrasioni mantiene il suo utilizzatore asciutto e riduce al minimo la condensazione all\u2019interno della tenda. La zona della testa pu\u00f2 essere rialzata grazie alla struttura in alluminio. Le due ampie aperture possono essere aperte anteriormente e posteriormente tramite una cerniera. Le aperture sono protetta da una retina contro gli insetti. A seconda delle condizioni atmosferiche si pu\u00f2 fare a meno di chiudere le aperture ma lasciare chiusa la retina oppure utilizzare la protezione avvolgibile in modo da avere sempre una visuale dormendo comunque tranquillamente. Anteriormente la cerniera pu\u00f2 essere aperta a 3\/4 in modo da facilitare l\u2019uscita dalla tenda. Nella sacca sono inclusi 6 picchetti e delle cordicelle per tendere la tenda oltre ai supporti per lo stesso. Ci sono anche due aste pieghevoli in alluminio.<\/p>\n<p>\u00a0<\/p>\n<p><strong>Descrizione prodotto:<\/strong><br \/>\nCategoria: tenda \/ tenda da bivacco<br \/>\nMateriale: Sil-nylon ripstop 15D con rivestimento in poliuretano impermeabile da 3000mm.<br \/>\n100 % impermeabile<br \/>\nRetina protettiva anti-insetti<br \/>\nDoppia cucitura sigillata<br \/>\n3x passanti per picchetti<br \/>\n3x passanti per cordicella di tensione<br \/>\n6x picchetti in metallo inclusi nella confezione<br \/>\n6x tensori per le cordicelle inclusi nella confezione<br \/>\nAste pieghevoli in alluminio<br \/>\nColore: mimetico<br \/>\nPeso: 880 gr.<br \/>\nDimensioni sacca: 38 cm altezza \/ 11 cm diametro<br \/>\nDimensioni quando aperta: lunghezza 225 cm\u00a0 \/ larghezza 75 cm<br \/>\nAltezza testa: 80 cm<br \/>\nAltezza piedi: 40 cm\u00a0\u00a0\u00a0\u00a0\u00a0\u00a0\u00a0\u00a0\u00a0\u00a0\u00a0\u00a0\u00a0\u00a0\u00a0\u00a0\u00a0\u00a0\u00a0\u00a0\u00a0\u00a0\u00a0\u00a0\u00a0\u00a0\u00a0\u00a0\u00a0\u00a0\u00a0\u00a0\u00a0\u00a0\u00a0\u00a0\u00a0\u00a0\u00a0\u00a0\u00a0\u00a0\u00a0\u00a0\u00a0\u00a0\u00a0\u00a0\u00a0\u00a0\u00a0\u00a0\u00a0\u00a0\u00a0\u00a0\u00a0\u00a0\u00a0\u00a0\u00a0\u00a0\u00a0\u00a0\u00a0\u00a0\u00a0\u00a0\u00a0\u00a0\u00a0\u00a0\u00a0\u00a0\u00a0\u00a0\u00a0\u00a0\u00a0\u00a0\u00a0\u00a0\u00a0\u00a0\u00a0\u00a0\u00a0\u00a0\u00a0\u00a0\u00a0\u00a0\u00a0\u00a0\u00a0\u00a0\u00a0\u00a0\u00a0\u00a0\u00a0\u00a0\u00a0\u00a0\u00a0\u00a0\u00a0\u00a0\u00a0\u00a0\u00a0\u00a0\u00a0 \u00a0\u00a0<\/p>\n","protected":false},"excerpt":{"rendered":"<p>Questa pregiata e pratica ma al tempo stesso spaziosa tenda da bivacco \u00e8 stata ideata per condizioni atmosferiche estreme e pu\u00f2 essere riposta in maniera compatta nella sua sacca a compressione. Il materiale utilizzato \u00e8 il Sil-nylon ripstop 15D con un rivestimento di poliuretano impermeabile da 3000mm. Il rivestimento traspirante della tenda resistente all\u2019acqua, al [&hellip;]<\/p>\n","protected":false},"featured_media":88680,"comment_status":"open","ping_status":"closed","template":"","meta":{"inline_featured_image":false},"product_brand":[],"product_cat":[1348,1436,1695],"product_tag":[1770,1774,1778,1766],"class_list":{"0":"post-43388","1":"product","2":"type-product","3":"status-publish","4":"has-post-thumbnail","6":"product_cat-accessori-per-esercito-caccia","7":"product_cat-campeggio-viaggio","8":"product_cat-sacchi-a-pelo-sacchi-da-bivacco-amache","9":"product_tag-army-survival-it","10":"product_tag-caccia-pesca","11":"product_tag-campeggio-viaggio","12":"product_tag-sport-outdoor-it","14":"first","15":"instock","16":"taxable","17":"shipping-taxable","18":"purchasable","19":"product-type-simple"},"_links":{"self":[{"href":"https:\/\/metal-badge.ch\/it\/wp-json\/wp\/v2\/product\/43388","targetHints":{"allow":["GET"]}}],"collection":[{"href":"https:\/\/metal-badge.ch\/it\/wp-json\/wp\/v2\/product"}],"about":[{"href":"https:\/\/metal-badge.ch\/it\/wp-json\/wp\/v2\/types\/product"}],"replies":[{"embeddable":true,"href":"https:\/\/metal-badge.ch\/it\/wp-json\/wp\/v2\/comments?post=43388"}],"wp:featuredmedia":[{"embeddable":true,"href":"https:\/\/metal-badge.ch\/it\/wp-json\/wp\/v2\/media\/88680"}],"wp:attachment":[{"href":"https:\/\/metal-badge.ch\/it\/wp-json\/wp\/v2\/media?parent=43388"}],"wp:term":[{"taxonomy":"product_brand","embeddable":true,"href":"https:\/\/metal-badge.ch\/it\/wp-json\/wp\/v2\/product_brand?post=43388"},{"taxonomy":"product_cat","embeddable":true,"href":"https:\/\/metal-badge.ch\/it\/wp-json\/wp\/v2\/product_cat?post=43388"},{"taxonomy":"product_tag","embeddable":true,"href":"https:\/\/metal-badge.ch\/it\/wp-json\/wp\/v2\/product_tag?post=43388"}],"curies":[{"name":"wp","href":"https:\/\/api.w.org\/{rel}","templated":true}]}}