{"id":43359,"date":"2018-02-13T15:24:20","date_gmt":"2018-02-13T15:24:20","guid":{"rendered":"https:\/\/shop.metal-badge.ch\/?product=specchio-per-ispezione-specchio-convesso"},"modified":"2020-08-02T03:24:58","modified_gmt":"2020-08-02T03:24:58","slug":"specchio-per-ispezione-specchio-convesso","status":"publish","type":"product","link":"https:\/\/metal-badge.ch\/it\/product\/43359\/specchio-per-ispezione-specchio-convesso\/","title":{"rendered":"Specchio per ispezione \/ specchio convesso"},"content":{"rendered":"<p>Questo specchio convesso per ispezione \u00e8 ideale per controllare autoveicoli e macchinari. Zone difficili da raggiungere possono essere ispezionate senza alcun problema. Il braccio telescopico pu\u00f2 essere ripiegato sotto il guscio dello specchio in modo da occupare il minimo spazio. Il braccio telescopico pu\u00f2 essere estratto e raggiungere una lunghezza che va da 36 a 105 cm. Esso \u00e8 molto leggero e pesa appena 500 gr. e consente di vedere negli angoli pi\u00f9 difficili. Il set costituito da due pezzi (specchio e braccio telescopico) si monta facilmente con una vite a farfalla. Nella confezione \u00e8 inclusa anche una valigetta in alluminio leggero.<\/p>\n<p>\n<strong>Descrizione prodotto:<\/strong><br \/>\nDiametro: 14 cm<br \/>\nPeso: 500 gr.<br \/>\nPeso ridotto<br \/>\nAltezza specchio da terra: 4,5cm<br \/>\nDimensioni: braccio telescopico estraibile da 36 a 105 cm<br \/>\nInclusa nella confezione: valigetta in alluminio.<br \/>\n\u00a0<\/p>\n","protected":false},"excerpt":{"rendered":"<p>Questo specchio convesso per ispezione \u00e8 ideale per controllare autoveicoli e macchinari. Zone difficili da raggiungere possono essere ispezionate senza alcun problema. Il braccio telescopico pu\u00f2 essere ripiegato sotto il guscio dello specchio in modo da occupare il minimo spazio. Il braccio telescopico pu\u00f2 essere estratto e raggiungere una lunghezza che va da 36 a [&hellip;]<\/p>\n","protected":false},"featured_media":88688,"comment_status":"open","ping_status":"closed","template":"","meta":{"inline_featured_image":false},"product_brand":[],"product_cat":[888],"product_tag":[],"class_list":{"0":"post-43359","1":"product","2":"type-product","3":"status-publish","4":"has-post-thumbnail","6":"product_cat-accessori","8":"first","9":"instock","10":"taxable","11":"shipping-taxable","12":"purchasable","13":"product-type-simple"},"_links":{"self":[{"href":"https:\/\/metal-badge.ch\/it\/wp-json\/wp\/v2\/product\/43359","targetHints":{"allow":["GET"]}}],"collection":[{"href":"https:\/\/metal-badge.ch\/it\/wp-json\/wp\/v2\/product"}],"about":[{"href":"https:\/\/metal-badge.ch\/it\/wp-json\/wp\/v2\/types\/product"}],"replies":[{"embeddable":true,"href":"https:\/\/metal-badge.ch\/it\/wp-json\/wp\/v2\/comments?post=43359"}],"wp:featuredmedia":[{"embeddable":true,"href":"https:\/\/metal-badge.ch\/it\/wp-json\/wp\/v2\/media\/88688"}],"wp:attachment":[{"href":"https:\/\/metal-badge.ch\/it\/wp-json\/wp\/v2\/media?parent=43359"}],"wp:term":[{"taxonomy":"product_brand","embeddable":true,"href":"https:\/\/metal-badge.ch\/it\/wp-json\/wp\/v2\/product_brand?post=43359"},{"taxonomy":"product_cat","embeddable":true,"href":"https:\/\/metal-badge.ch\/it\/wp-json\/wp\/v2\/product_cat?post=43359"},{"taxonomy":"product_tag","embeddable":true,"href":"https:\/\/metal-badge.ch\/it\/wp-json\/wp\/v2\/product_tag?post=43359"}],"curies":[{"name":"wp","href":"https:\/\/api.w.org\/{rel}","templated":true}]}}